{"id":9278,"date":"2024-12-27T20:01:08","date_gmt":"2024-12-27T20:01:08","guid":{"rendered":"https:\/\/thiagopessoa.com\/?post_type=product&#038;p=9278"},"modified":"2025-04-11T19:27:57","modified_gmt":"2025-04-11T19:27:57","slug":"colecao-al-mare-completa","status":"publish","type":"product","link":"https:\/\/thiagopessoa.com\/pt_br\/shop\/colecoes\/al-mare\/colecao-al-mare-completa\/","title":{"rendered":"Cole\u00e7\u00e3o Al Mare &#8211; Completa"},"content":{"rendered":"<p data-start=\"112\" data-end=\"303\"><strong>Pulseira Al Mare<\/strong> &#8211; Joias em prata 950 com p\u00e9rola barroca sint\u00e9tica e pedra sint\u00e9tica.<\/p>\n<p>&nbsp;<\/p>\n<p data-start=\"112\" data-end=\"303\"><strong>Brinco Al Mare<\/strong> &#8211; Brinco 2 em 1, produzido em prata 950 com p\u00e9rola barroca sint\u00e9tica e pedra sint\u00e9tica.<\/p>\n<p>&nbsp;<\/p>\n<p data-start=\"112\" data-end=\"303\"><strong>Colar Al Mare<\/strong> &#8211; Colar 2 em 1, elo portugu\u00eas, produzida em prata 950 com p\u00e9rola barroca sint\u00e9tica e pedra sint\u00e9tica.<\/p>\n","protected":false},"excerpt":{"rendered":"<p><strong>Pulseira Al Mare<\/strong> &#8211; Joias em prata 950 com p\u00e9rola barroca e pedra sint\u00e9tica.<\/p>\n<p><strong>Brinco Al Mare<\/strong> &#8211; Brinco 2 em 1, produzido em prata 950 com p\u00e9rola barroca e pedra sint\u00e9tica.<\/p>\n<p><strong>Colar Al Mare<\/strong> &#8211; Colar 2 em 1, elo portugu\u00eas, produzida em prata 950 com p\u00e9rola barroca e pedra sint\u00e9tica.<\/p>\n","protected":false},"featured_media":9251,"template":"","meta":{"_monsterinsights_skip_tracking":false,"_monsterinsights_sitenote_active":false,"_monsterinsights_sitenote_note":"","_monsterinsights_sitenote_category":0},"product_brand":[],"product_cat":[118,119,1062,945,117,120],"product_tag":[],"class_list":{"0":"post-9278","1":"product","2":"type-product","3":"status-publish","4":"has-post-thumbnail","6":"product_cat-brincos","7":"product_cat-colares","8":"product_cat-al-mare","9":"product_cat-colecoes","10":"product_cat-joias","11":"product_cat-pulseira","13":"first","14":"instock","15":"shipping-taxable","16":"purchasable","17":"product-type-simple"},"yoast_head":"<!-- This site is optimized with the Yoast SEO plugin v27.4 - https:\/\/yoast.com\/product\/yoast-seo-wordpress\/ -->\n<title>Cole\u00e7\u00e3o Al Mare - Completa - Thiago Pessoa<\/title>\n<meta name=\"robots\" content=\"index, follow, max-snippet:-1, max-image-preview:large, max-video-preview:-1\" \/>\n<link rel=\"canonical\" href=\"https:\/\/thiagopessoa.com\/pt_br\/shop\/colecoes\/al-mare\/colecao-al-mare-completa\/\" \/>\n<meta property=\"og:locale\" content=\"pt_BR\" \/>\n<meta property=\"og:type\" content=\"article\" \/>\n<meta property=\"og:title\" content=\"Cole\u00e7\u00e3o Al Mare - Completa - Thiago Pessoa\" \/>\n<meta property=\"og:description\" content=\"Pulseira Al Mare - Joias em prata 950 com p\u00e9rola barroca e pedra sint\u00e9tica.  Brinco Al Mare - Brinco 2 em 1, produzido em prata 950 com p\u00e9rola barroca e pedra sint\u00e9tica.  Colar Al Mare - Colar 2 em 1, elo portugu\u00eas, produzida em prata 950 com p\u00e9rola barroca e pedra sint\u00e9tica.\" \/>\n<meta property=\"og:url\" content=\"https:\/\/thiagopessoa.com\/pt_br\/shop\/colecoes\/al-mare\/colecao-al-mare-completa\/\" \/>\n<meta property=\"og:site_name\" content=\"Thiago Pessoa\" \/>\n<meta property=\"article:modified_time\" content=\"2025-04-11T19:27:57+00:00\" \/>\n<meta property=\"og:image\" content=\"http:\/\/thiagopessoa.com\/wp-content\/uploads\/2024\/12\/Colecao-completa.jpg\" \/>\n\t<meta property=\"og:image:width\" content=\"1080\" \/>\n\t<meta property=\"og:image:height\" content=\"1350\" \/>\n\t<meta property=\"og:image:type\" content=\"image\/jpeg\" \/>\n<meta name=\"twitter:card\" content=\"summary_large_image\" \/>\n<meta name=\"twitter:label1\" content=\"Est. tempo de leitura\" \/>\n\t<meta name=\"twitter:data1\" content=\"1 minuto\" \/>\n<script type=\"application\/ld+json\" class=\"yoast-schema-graph\">{\"@context\":\"https:\\\/\\\/schema.org\",\"@graph\":[{\"@type\":\"WebPage\",\"@id\":\"https:\\\/\\\/thiagopessoa.com\\\/shop\\\/colecoes\\\/al-mare\\\/colecao-al-mare-completa\\\/\",\"url\":\"https:\\\/\\\/thiagopessoa.com\\\/shop\\\/colecoes\\\/al-mare\\\/colecao-al-mare-completa\\\/\",\"name\":\"Cole\u00e7\u00e3o Al Mare - Completa - Thiago Pessoa\",\"isPartOf\":{\"@id\":\"https:\\\/\\\/thiagopessoa.com\\\/#website\"},\"primaryImageOfPage\":{\"@id\":\"https:\\\/\\\/thiagopessoa.com\\\/shop\\\/colecoes\\\/al-mare\\\/colecao-al-mare-completa\\\/#primaryimage\"},\"image\":{\"@id\":\"https:\\\/\\\/thiagopessoa.com\\\/shop\\\/colecoes\\\/al-mare\\\/colecao-al-mare-completa\\\/#primaryimage\"},\"thumbnailUrl\":\"https:\\\/\\\/thiagopessoa.com\\\/wp-content\\\/uploads\\\/2024\\\/12\\\/Colecao-completa.jpg\",\"datePublished\":\"2024-12-27T20:01:08+00:00\",\"dateModified\":\"2025-04-11T19:27:57+00:00\",\"breadcrumb\":{\"@id\":\"https:\\\/\\\/thiagopessoa.com\\\/shop\\\/colecoes\\\/al-mare\\\/colecao-al-mare-completa\\\/#breadcrumb\"},\"inLanguage\":\"pt-BR\",\"potentialAction\":[{\"@type\":\"ReadAction\",\"target\":[\"https:\\\/\\\/thiagopessoa.com\\\/shop\\\/colecoes\\\/al-mare\\\/colecao-al-mare-completa\\\/\"]}]},{\"@type\":\"ImageObject\",\"inLanguage\":\"pt-BR\",\"@id\":\"https:\\\/\\\/thiagopessoa.com\\\/shop\\\/colecoes\\\/al-mare\\\/colecao-al-mare-completa\\\/#primaryimage\",\"url\":\"https:\\\/\\\/thiagopessoa.com\\\/wp-content\\\/uploads\\\/2024\\\/12\\\/Colecao-completa.jpg\",\"contentUrl\":\"https:\\\/\\\/thiagopessoa.com\\\/wp-content\\\/uploads\\\/2024\\\/12\\\/Colecao-completa.jpg\",\"width\":1080,\"height\":1350},{\"@type\":\"BreadcrumbList\",\"@id\":\"https:\\\/\\\/thiagopessoa.com\\\/shop\\\/colecoes\\\/al-mare\\\/colecao-al-mare-completa\\\/#breadcrumb\",\"itemListElement\":[{\"@type\":\"ListItem\",\"position\":1,\"name\":\"In\u00edcio\",\"item\":\"https:\\\/\\\/thiagopessoa.com\\\/pt_br\\\/\"},{\"@type\":\"ListItem\",\"position\":2,\"name\":\"Shop\",\"item\":\"https:\\\/\\\/thiagopessoa.com\\\/shop\\\/\"},{\"@type\":\"ListItem\",\"position\":3,\"name\":\"Cole\u00e7\u00f5es\",\"item\":\"https:\\\/\\\/thiagopessoa.com\\\/product-category\\\/colecoes\\\/\"},{\"@type\":\"ListItem\",\"position\":4,\"name\":\"Cole\u00e7\u00e3o Al Mare &#8211; Completa\"}]},{\"@type\":\"WebSite\",\"@id\":\"https:\\\/\\\/thiagopessoa.com\\\/#website\",\"url\":\"https:\\\/\\\/thiagopessoa.com\\\/\",\"name\":\"Loja Thiago Pessoa\",\"description\":\"Ourives e Designer de Joias\",\"publisher\":{\"@id\":\"https:\\\/\\\/thiagopessoa.com\\\/#organization\"},\"alternateName\":\"Thiago Pessoa\",\"potentialAction\":[{\"@type\":\"SearchAction\",\"target\":{\"@type\":\"EntryPoint\",\"urlTemplate\":\"https:\\\/\\\/thiagopessoa.com\\\/?s={search_term_string}\"},\"query-input\":{\"@type\":\"PropertyValueSpecification\",\"valueRequired\":true,\"valueName\":\"search_term_string\"}}],\"inLanguage\":\"pt-BR\"},{\"@type\":\"Organization\",\"@id\":\"https:\\\/\\\/thiagopessoa.com\\\/#organization\",\"name\":\"Thiago Pessoa Ourivesaria & Design de joias e alian\u00e7as exclusivas e personalizadas.\",\"alternateName\":\"Thiago Pessoa Ourivesaria & Design de joias e alian\u00e7as exclusivas e personalizadas.\",\"url\":\"https:\\\/\\\/thiagopessoa.com\\\/\",\"logo\":{\"@type\":\"ImageObject\",\"inLanguage\":\"pt-BR\",\"@id\":\"https:\\\/\\\/thiagopessoa.com\\\/#\\\/schema\\\/logo\\\/image\\\/\",\"url\":\"http:\\\/\\\/thiagopessoa.com\\\/wp-content\\\/uploads\\\/2022\\\/12\\\/SUPERHORIZONTAL_PRETO.png\",\"contentUrl\":\"http:\\\/\\\/thiagopessoa.com\\\/wp-content\\\/uploads\\\/2022\\\/12\\\/SUPERHORIZONTAL_PRETO.png\",\"width\":2226,\"height\":622,\"caption\":\"Thiago Pessoa Ourivesaria & Design de joias e alian\u00e7as exclusivas e personalizadas.\"},\"image\":{\"@id\":\"https:\\\/\\\/thiagopessoa.com\\\/#\\\/schema\\\/logo\\\/image\\\/\"},\"sameAs\":[\"https:\\\/\\\/www.instagram.com\\\/thiagopessoajoias\\\/\"]}]}<\/script>\n<!-- \/ Yoast SEO plugin. -->","yoast_head_json":{"title":"Cole\u00e7\u00e3o Al Mare - Completa - Thiago Pessoa","robots":{"index":"index","follow":"follow","max-snippet":"max-snippet:-1","max-image-preview":"max-image-preview:large","max-video-preview":"max-video-preview:-1"},"canonical":"https:\/\/thiagopessoa.com\/pt_br\/shop\/colecoes\/al-mare\/colecao-al-mare-completa\/","og_locale":"pt_BR","og_type":"article","og_title":"Cole\u00e7\u00e3o Al Mare - Completa - Thiago Pessoa","og_description":"Pulseira Al Mare - Joias em prata 950 com p\u00e9rola barroca e pedra sint\u00e9tica.  Brinco Al Mare - Brinco 2 em 1, produzido em prata 950 com p\u00e9rola barroca e pedra sint\u00e9tica.  Colar Al Mare - Colar 2 em 1, elo portugu\u00eas, produzida em prata 950 com p\u00e9rola barroca e pedra sint\u00e9tica.","og_url":"https:\/\/thiagopessoa.com\/pt_br\/shop\/colecoes\/al-mare\/colecao-al-mare-completa\/","og_site_name":"Thiago Pessoa","article_modified_time":"2025-04-11T19:27:57+00:00","og_image":[{"width":1080,"height":1350,"url":"http:\/\/thiagopessoa.com\/wp-content\/uploads\/2024\/12\/Colecao-completa.jpg","type":"image\/jpeg"}],"twitter_card":"summary_large_image","twitter_misc":{"Est. tempo de leitura":"1 minuto"},"schema":{"@context":"https:\/\/schema.org","@graph":[{"@type":"WebPage","@id":"https:\/\/thiagopessoa.com\/shop\/colecoes\/al-mare\/colecao-al-mare-completa\/","url":"https:\/\/thiagopessoa.com\/shop\/colecoes\/al-mare\/colecao-al-mare-completa\/","name":"Cole\u00e7\u00e3o Al Mare - Completa - Thiago Pessoa","isPartOf":{"@id":"https:\/\/thiagopessoa.com\/#website"},"primaryImageOfPage":{"@id":"https:\/\/thiagopessoa.com\/shop\/colecoes\/al-mare\/colecao-al-mare-completa\/#primaryimage"},"image":{"@id":"https:\/\/thiagopessoa.com\/shop\/colecoes\/al-mare\/colecao-al-mare-completa\/#primaryimage"},"thumbnailUrl":"https:\/\/thiagopessoa.com\/wp-content\/uploads\/2024\/12\/Colecao-completa.jpg","datePublished":"2024-12-27T20:01:08+00:00","dateModified":"2025-04-11T19:27:57+00:00","breadcrumb":{"@id":"https:\/\/thiagopessoa.com\/shop\/colecoes\/al-mare\/colecao-al-mare-completa\/#breadcrumb"},"inLanguage":"pt-BR","potentialAction":[{"@type":"ReadAction","target":["https:\/\/thiagopessoa.com\/shop\/colecoes\/al-mare\/colecao-al-mare-completa\/"]}]},{"@type":"ImageObject","inLanguage":"pt-BR","@id":"https:\/\/thiagopessoa.com\/shop\/colecoes\/al-mare\/colecao-al-mare-completa\/#primaryimage","url":"https:\/\/thiagopessoa.com\/wp-content\/uploads\/2024\/12\/Colecao-completa.jpg","contentUrl":"https:\/\/thiagopessoa.com\/wp-content\/uploads\/2024\/12\/Colecao-completa.jpg","width":1080,"height":1350},{"@type":"BreadcrumbList","@id":"https:\/\/thiagopessoa.com\/shop\/colecoes\/al-mare\/colecao-al-mare-completa\/#breadcrumb","itemListElement":[{"@type":"ListItem","position":1,"name":"In\u00edcio","item":"https:\/\/thiagopessoa.com\/pt_br\/"},{"@type":"ListItem","position":2,"name":"Shop","item":"https:\/\/thiagopessoa.com\/shop\/"},{"@type":"ListItem","position":3,"name":"Cole\u00e7\u00f5es","item":"https:\/\/thiagopessoa.com\/product-category\/colecoes\/"},{"@type":"ListItem","position":4,"name":"Cole\u00e7\u00e3o Al Mare &#8211; Completa"}]},{"@type":"WebSite","@id":"https:\/\/thiagopessoa.com\/#website","url":"https:\/\/thiagopessoa.com\/","name":"Loja Thiago Pessoa","description":"Ourives e Designer de Joias","publisher":{"@id":"https:\/\/thiagopessoa.com\/#organization"},"alternateName":"Thiago Pessoa","potentialAction":[{"@type":"SearchAction","target":{"@type":"EntryPoint","urlTemplate":"https:\/\/thiagopessoa.com\/?s={search_term_string}"},"query-input":{"@type":"PropertyValueSpecification","valueRequired":true,"valueName":"search_term_string"}}],"inLanguage":"pt-BR"},{"@type":"Organization","@id":"https:\/\/thiagopessoa.com\/#organization","name":"Thiago Pessoa Ourivesaria & Design de joias e alian\u00e7as exclusivas e personalizadas.","alternateName":"Thiago Pessoa Ourivesaria & Design de joias e alian\u00e7as exclusivas e personalizadas.","url":"https:\/\/thiagopessoa.com\/","logo":{"@type":"ImageObject","inLanguage":"pt-BR","@id":"https:\/\/thiagopessoa.com\/#\/schema\/logo\/image\/","url":"http:\/\/thiagopessoa.com\/wp-content\/uploads\/2022\/12\/SUPERHORIZONTAL_PRETO.png","contentUrl":"http:\/\/thiagopessoa.com\/wp-content\/uploads\/2022\/12\/SUPERHORIZONTAL_PRETO.png","width":2226,"height":622,"caption":"Thiago Pessoa Ourivesaria & Design de joias e alian\u00e7as exclusivas e personalizadas."},"image":{"@id":"https:\/\/thiagopessoa.com\/#\/schema\/logo\/image\/"},"sameAs":["https:\/\/www.instagram.com\/thiagopessoajoias\/"]}]}},"_links":{"self":[{"href":"https:\/\/thiagopessoa.com\/pt_br\/wp-json\/wp\/v2\/product\/9278","targetHints":{"allow":["GET"]}}],"collection":[{"href":"https:\/\/thiagopessoa.com\/pt_br\/wp-json\/wp\/v2\/product"}],"about":[{"href":"https:\/\/thiagopessoa.com\/pt_br\/wp-json\/wp\/v2\/types\/product"}],"wp:featuredmedia":[{"embeddable":true,"href":"https:\/\/thiagopessoa.com\/pt_br\/wp-json\/wp\/v2\/media\/9251"}],"wp:attachment":[{"href":"https:\/\/thiagopessoa.com\/pt_br\/wp-json\/wp\/v2\/media?parent=9278"}],"wp:term":[{"taxonomy":"product_brand","embeddable":true,"href":"https:\/\/thiagopessoa.com\/pt_br\/wp-json\/wp\/v2\/product_brand?post=9278"},{"taxonomy":"product_cat","embeddable":true,"href":"https:\/\/thiagopessoa.com\/pt_br\/wp-json\/wp\/v2\/product_cat?post=9278"},{"taxonomy":"product_tag","embeddable":true,"href":"https:\/\/thiagopessoa.com\/pt_br\/wp-json\/wp\/v2\/product_tag?post=9278"}],"curies":[{"name":"wp","href":"https:\/\/api.w.org\/{rel}","templated":true}]}}