{"id":9277,"date":"2024-12-27T19:59:47","date_gmt":"2024-12-27T19:59:47","guid":{"rendered":"https:\/\/thiagopessoa.com\/?post_type=product&#038;p=9277"},"modified":"2025-04-11T19:30:47","modified_gmt":"2025-04-11T19:30:47","slug":"pulseira-al-mare","status":"publish","type":"product","link":"https:\/\/thiagopessoa.com\/pt_br\/shop\/colecoes\/al-mare\/pulseira-al-mare\/","title":{"rendered":"Pulseira Al Mare"},"content":{"rendered":"<p data-start=\"112\" data-end=\"303\">Cada p\u00e9rola barroca possui um formato singular, tornando cada pulseira exclusiva. Seu brilho<br \/>\niridescente reflete a luz de forma \u00fanica, remetendo ao movimento sereno das \u00e1guas. A corrente<br \/>\ndelicada em prata real\u00e7a ainda mais a sofistica\u00e7\u00e3o dessa joia, garantindo um encaixe confort\u00e1vel e<br \/>\najust\u00e1vel ao pulso.<\/p>\n<p>&nbsp;<\/p>\n<p data-start=\"112\" data-end=\"303\">\ud83d\udd39 <strong>Material:<\/strong> Prata 950, e pulseira em elo portugu\u00eas.<\/p>\n<p data-start=\"112\" data-end=\"303\">\ud83d\udd39 <strong>Destaque:<\/strong> P\u00e9rola barroca aut\u00eantica<\/p>\n<p data-start=\"112\" data-end=\"303\">\ud83d\udd39 <strong>Estilo:<\/strong> Cl\u00e1ssico, atemporal e vers\u00e1til<\/p>\n<p>&nbsp;<\/p>\n<p data-start=\"112\" data-end=\"303\"><strong>Uma joia refinada que traduz a conex\u00e3o entre a natureza e a sofistica\u00e7\u00e3o em um design leve e<br \/>\nexclusivo.<\/strong><\/p>\n","protected":false},"excerpt":{"rendered":"<p>A <strong>Pulseira Al Mare<\/strong> \u00e9 a defini\u00e7\u00e3o de eleg\u00e2ncia minimalista com um toque natural. Feita em <strong>prata<\/strong><br \/>\n<strong>950<\/strong>, essa joia delicada apresenta uma <strong>p\u00e9rola barroca<\/strong> genu\u00edna, destacando sua beleza \u00fanica e<br \/>\norg\u00e2nica. Seu design clean e sofisticado faz dela um acess\u00f3rio vers\u00e1til, ideal para compor looks<br \/>\ndo dia a dia ou elevar produ\u00e7\u00f5es especiais com sutileza.<\/p>\n","protected":false},"featured_media":9253,"template":"","meta":{"_monsterinsights_skip_tracking":false,"_monsterinsights_sitenote_active":false,"_monsterinsights_sitenote_note":"","_monsterinsights_sitenote_category":0},"product_brand":[],"product_cat":[1062,945,117,120],"product_tag":[],"class_list":{"0":"post-9277","1":"product","2":"type-product","3":"status-publish","4":"has-post-thumbnail","6":"product_cat-al-mare","7":"product_cat-colecoes","8":"product_cat-joias","9":"product_cat-pulseira","11":"first","12":"instock","13":"shipping-taxable","14":"purchasable","15":"product-type-simple"},"yoast_head":"<!-- This site is optimized with the Yoast SEO plugin v27.4 - https:\/\/yoast.com\/product\/yoast-seo-wordpress\/ -->\n<title>Pulseira Al Mare - Thiago Pessoa<\/title>\n<meta name=\"robots\" content=\"index, follow, max-snippet:-1, max-image-preview:large, max-video-preview:-1\" \/>\n<link rel=\"canonical\" href=\"https:\/\/thiagopessoa.com\/pt_br\/shop\/colecoes\/al-mare\/pulseira-al-mare\/\" \/>\n<meta property=\"og:locale\" content=\"pt_BR\" \/>\n<meta property=\"og:type\" content=\"article\" \/>\n<meta property=\"og:title\" content=\"Pulseira Al Mare - Thiago Pessoa\" \/>\n<meta property=\"og:description\" content=\"A Pulseira Al Mare \u00e9 a defini\u00e7\u00e3o de eleg\u00e2ncia minimalista com um toque natural. Feita em prata 950, essa joia delicada apresenta uma p\u00e9rola barroca genu\u00edna, destacando sua beleza \u00fanica e org\u00e2nica. Seu design clean e sofisticado faz dela um acess\u00f3rio vers\u00e1til, ideal para compor looks do dia a dia ou elevar produ\u00e7\u00f5es especiais com sutileza.\" \/>\n<meta property=\"og:url\" content=\"https:\/\/thiagopessoa.com\/pt_br\/shop\/colecoes\/al-mare\/pulseira-al-mare\/\" \/>\n<meta property=\"og:site_name\" content=\"Thiago Pessoa\" \/>\n<meta property=\"article:modified_time\" content=\"2025-04-11T19:30:47+00:00\" \/>\n<meta property=\"og:image\" content=\"http:\/\/thiagopessoa.com\/wp-content\/uploads\/2024\/12\/4.png\" \/>\n\t<meta property=\"og:image:width\" content=\"1080\" \/>\n\t<meta property=\"og:image:height\" content=\"1350\" \/>\n\t<meta property=\"og:image:type\" content=\"image\/png\" \/>\n<meta name=\"twitter:card\" content=\"summary_large_image\" \/>\n<meta name=\"twitter:label1\" content=\"Est. tempo de leitura\" \/>\n\t<meta name=\"twitter:data1\" content=\"1 minuto\" \/>\n<script type=\"application\/ld+json\" class=\"yoast-schema-graph\">{\"@context\":\"https:\\\/\\\/schema.org\",\"@graph\":[{\"@type\":\"WebPage\",\"@id\":\"https:\\\/\\\/thiagopessoa.com\\\/shop\\\/colecoes\\\/al-mare\\\/pulseira-al-mare\\\/\",\"url\":\"https:\\\/\\\/thiagopessoa.com\\\/shop\\\/colecoes\\\/al-mare\\\/pulseira-al-mare\\\/\",\"name\":\"Pulseira Al Mare - Thiago Pessoa\",\"isPartOf\":{\"@id\":\"https:\\\/\\\/thiagopessoa.com\\\/#website\"},\"primaryImageOfPage\":{\"@id\":\"https:\\\/\\\/thiagopessoa.com\\\/shop\\\/colecoes\\\/al-mare\\\/pulseira-al-mare\\\/#primaryimage\"},\"image\":{\"@id\":\"https:\\\/\\\/thiagopessoa.com\\\/shop\\\/colecoes\\\/al-mare\\\/pulseira-al-mare\\\/#primaryimage\"},\"thumbnailUrl\":\"https:\\\/\\\/thiagopessoa.com\\\/wp-content\\\/uploads\\\/2024\\\/12\\\/4.png\",\"datePublished\":\"2024-12-27T19:59:47+00:00\",\"dateModified\":\"2025-04-11T19:30:47+00:00\",\"breadcrumb\":{\"@id\":\"https:\\\/\\\/thiagopessoa.com\\\/shop\\\/colecoes\\\/al-mare\\\/pulseira-al-mare\\\/#breadcrumb\"},\"inLanguage\":\"pt-BR\",\"potentialAction\":[{\"@type\":\"ReadAction\",\"target\":[\"https:\\\/\\\/thiagopessoa.com\\\/shop\\\/colecoes\\\/al-mare\\\/pulseira-al-mare\\\/\"]}]},{\"@type\":\"ImageObject\",\"inLanguage\":\"pt-BR\",\"@id\":\"https:\\\/\\\/thiagopessoa.com\\\/shop\\\/colecoes\\\/al-mare\\\/pulseira-al-mare\\\/#primaryimage\",\"url\":\"https:\\\/\\\/thiagopessoa.com\\\/wp-content\\\/uploads\\\/2024\\\/12\\\/4.png\",\"contentUrl\":\"https:\\\/\\\/thiagopessoa.com\\\/wp-content\\\/uploads\\\/2024\\\/12\\\/4.png\",\"width\":1080,\"height\":1350},{\"@type\":\"BreadcrumbList\",\"@id\":\"https:\\\/\\\/thiagopessoa.com\\\/shop\\\/colecoes\\\/al-mare\\\/pulseira-al-mare\\\/#breadcrumb\",\"itemListElement\":[{\"@type\":\"ListItem\",\"position\":1,\"name\":\"In\u00edcio\",\"item\":\"https:\\\/\\\/thiagopessoa.com\\\/pt_br\\\/\"},{\"@type\":\"ListItem\",\"position\":2,\"name\":\"Shop\",\"item\":\"https:\\\/\\\/thiagopessoa.com\\\/shop\\\/\"},{\"@type\":\"ListItem\",\"position\":3,\"name\":\"Cole\u00e7\u00f5es\",\"item\":\"https:\\\/\\\/thiagopessoa.com\\\/product-category\\\/colecoes\\\/\"},{\"@type\":\"ListItem\",\"position\":4,\"name\":\"Pulseira Al Mare\"}]},{\"@type\":\"WebSite\",\"@id\":\"https:\\\/\\\/thiagopessoa.com\\\/#website\",\"url\":\"https:\\\/\\\/thiagopessoa.com\\\/\",\"name\":\"Loja Thiago Pessoa\",\"description\":\"Ourives e Designer de Joias\",\"publisher\":{\"@id\":\"https:\\\/\\\/thiagopessoa.com\\\/#organization\"},\"alternateName\":\"Thiago Pessoa\",\"potentialAction\":[{\"@type\":\"SearchAction\",\"target\":{\"@type\":\"EntryPoint\",\"urlTemplate\":\"https:\\\/\\\/thiagopessoa.com\\\/?s={search_term_string}\"},\"query-input\":{\"@type\":\"PropertyValueSpecification\",\"valueRequired\":true,\"valueName\":\"search_term_string\"}}],\"inLanguage\":\"pt-BR\"},{\"@type\":\"Organization\",\"@id\":\"https:\\\/\\\/thiagopessoa.com\\\/#organization\",\"name\":\"Thiago Pessoa Ourivesaria & Design de joias e alian\u00e7as exclusivas e personalizadas.\",\"alternateName\":\"Thiago Pessoa Ourivesaria & Design de joias e alian\u00e7as exclusivas e personalizadas.\",\"url\":\"https:\\\/\\\/thiagopessoa.com\\\/\",\"logo\":{\"@type\":\"ImageObject\",\"inLanguage\":\"pt-BR\",\"@id\":\"https:\\\/\\\/thiagopessoa.com\\\/#\\\/schema\\\/logo\\\/image\\\/\",\"url\":\"http:\\\/\\\/thiagopessoa.com\\\/wp-content\\\/uploads\\\/2022\\\/12\\\/SUPERHORIZONTAL_PRETO.png\",\"contentUrl\":\"http:\\\/\\\/thiagopessoa.com\\\/wp-content\\\/uploads\\\/2022\\\/12\\\/SUPERHORIZONTAL_PRETO.png\",\"width\":2226,\"height\":622,\"caption\":\"Thiago Pessoa Ourivesaria & Design de joias e alian\u00e7as exclusivas e personalizadas.\"},\"image\":{\"@id\":\"https:\\\/\\\/thiagopessoa.com\\\/#\\\/schema\\\/logo\\\/image\\\/\"},\"sameAs\":[\"https:\\\/\\\/www.instagram.com\\\/thiagopessoajoias\\\/\"]}]}<\/script>\n<!-- \/ Yoast SEO plugin. -->","yoast_head_json":{"title":"Pulseira Al Mare - Thiago Pessoa","robots":{"index":"index","follow":"follow","max-snippet":"max-snippet:-1","max-image-preview":"max-image-preview:large","max-video-preview":"max-video-preview:-1"},"canonical":"https:\/\/thiagopessoa.com\/pt_br\/shop\/colecoes\/al-mare\/pulseira-al-mare\/","og_locale":"pt_BR","og_type":"article","og_title":"Pulseira Al Mare - Thiago Pessoa","og_description":"A Pulseira Al Mare \u00e9 a defini\u00e7\u00e3o de eleg\u00e2ncia minimalista com um toque natural. Feita em prata 950, essa joia delicada apresenta uma p\u00e9rola barroca genu\u00edna, destacando sua beleza \u00fanica e org\u00e2nica. Seu design clean e sofisticado faz dela um acess\u00f3rio vers\u00e1til, ideal para compor looks do dia a dia ou elevar produ\u00e7\u00f5es especiais com sutileza.","og_url":"https:\/\/thiagopessoa.com\/pt_br\/shop\/colecoes\/al-mare\/pulseira-al-mare\/","og_site_name":"Thiago Pessoa","article_modified_time":"2025-04-11T19:30:47+00:00","og_image":[{"width":1080,"height":1350,"url":"http:\/\/thiagopessoa.com\/wp-content\/uploads\/2024\/12\/4.png","type":"image\/png"}],"twitter_card":"summary_large_image","twitter_misc":{"Est. tempo de leitura":"1 minuto"},"schema":{"@context":"https:\/\/schema.org","@graph":[{"@type":"WebPage","@id":"https:\/\/thiagopessoa.com\/shop\/colecoes\/al-mare\/pulseira-al-mare\/","url":"https:\/\/thiagopessoa.com\/shop\/colecoes\/al-mare\/pulseira-al-mare\/","name":"Pulseira Al Mare - Thiago Pessoa","isPartOf":{"@id":"https:\/\/thiagopessoa.com\/#website"},"primaryImageOfPage":{"@id":"https:\/\/thiagopessoa.com\/shop\/colecoes\/al-mare\/pulseira-al-mare\/#primaryimage"},"image":{"@id":"https:\/\/thiagopessoa.com\/shop\/colecoes\/al-mare\/pulseira-al-mare\/#primaryimage"},"thumbnailUrl":"https:\/\/thiagopessoa.com\/wp-content\/uploads\/2024\/12\/4.png","datePublished":"2024-12-27T19:59:47+00:00","dateModified":"2025-04-11T19:30:47+00:00","breadcrumb":{"@id":"https:\/\/thiagopessoa.com\/shop\/colecoes\/al-mare\/pulseira-al-mare\/#breadcrumb"},"inLanguage":"pt-BR","potentialAction":[{"@type":"ReadAction","target":["https:\/\/thiagopessoa.com\/shop\/colecoes\/al-mare\/pulseira-al-mare\/"]}]},{"@type":"ImageObject","inLanguage":"pt-BR","@id":"https:\/\/thiagopessoa.com\/shop\/colecoes\/al-mare\/pulseira-al-mare\/#primaryimage","url":"https:\/\/thiagopessoa.com\/wp-content\/uploads\/2024\/12\/4.png","contentUrl":"https:\/\/thiagopessoa.com\/wp-content\/uploads\/2024\/12\/4.png","width":1080,"height":1350},{"@type":"BreadcrumbList","@id":"https:\/\/thiagopessoa.com\/shop\/colecoes\/al-mare\/pulseira-al-mare\/#breadcrumb","itemListElement":[{"@type":"ListItem","position":1,"name":"In\u00edcio","item":"https:\/\/thiagopessoa.com\/pt_br\/"},{"@type":"ListItem","position":2,"name":"Shop","item":"https:\/\/thiagopessoa.com\/shop\/"},{"@type":"ListItem","position":3,"name":"Cole\u00e7\u00f5es","item":"https:\/\/thiagopessoa.com\/product-category\/colecoes\/"},{"@type":"ListItem","position":4,"name":"Pulseira Al Mare"}]},{"@type":"WebSite","@id":"https:\/\/thiagopessoa.com\/#website","url":"https:\/\/thiagopessoa.com\/","name":"Loja Thiago Pessoa","description":"Ourives e Designer de Joias","publisher":{"@id":"https:\/\/thiagopessoa.com\/#organization"},"alternateName":"Thiago Pessoa","potentialAction":[{"@type":"SearchAction","target":{"@type":"EntryPoint","urlTemplate":"https:\/\/thiagopessoa.com\/?s={search_term_string}"},"query-input":{"@type":"PropertyValueSpecification","valueRequired":true,"valueName":"search_term_string"}}],"inLanguage":"pt-BR"},{"@type":"Organization","@id":"https:\/\/thiagopessoa.com\/#organization","name":"Thiago Pessoa Ourivesaria & Design de joias e alian\u00e7as exclusivas e personalizadas.","alternateName":"Thiago Pessoa Ourivesaria & Design de joias e alian\u00e7as exclusivas e personalizadas.","url":"https:\/\/thiagopessoa.com\/","logo":{"@type":"ImageObject","inLanguage":"pt-BR","@id":"https:\/\/thiagopessoa.com\/#\/schema\/logo\/image\/","url":"http:\/\/thiagopessoa.com\/wp-content\/uploads\/2022\/12\/SUPERHORIZONTAL_PRETO.png","contentUrl":"http:\/\/thiagopessoa.com\/wp-content\/uploads\/2022\/12\/SUPERHORIZONTAL_PRETO.png","width":2226,"height":622,"caption":"Thiago Pessoa Ourivesaria & Design de joias e alian\u00e7as exclusivas e personalizadas."},"image":{"@id":"https:\/\/thiagopessoa.com\/#\/schema\/logo\/image\/"},"sameAs":["https:\/\/www.instagram.com\/thiagopessoajoias\/"]}]}},"_links":{"self":[{"href":"https:\/\/thiagopessoa.com\/pt_br\/wp-json\/wp\/v2\/product\/9277","targetHints":{"allow":["GET"]}}],"collection":[{"href":"https:\/\/thiagopessoa.com\/pt_br\/wp-json\/wp\/v2\/product"}],"about":[{"href":"https:\/\/thiagopessoa.com\/pt_br\/wp-json\/wp\/v2\/types\/product"}],"wp:featuredmedia":[{"embeddable":true,"href":"https:\/\/thiagopessoa.com\/pt_br\/wp-json\/wp\/v2\/media\/9253"}],"wp:attachment":[{"href":"https:\/\/thiagopessoa.com\/pt_br\/wp-json\/wp\/v2\/media?parent=9277"}],"wp:term":[{"taxonomy":"product_brand","embeddable":true,"href":"https:\/\/thiagopessoa.com\/pt_br\/wp-json\/wp\/v2\/product_brand?post=9277"},{"taxonomy":"product_cat","embeddable":true,"href":"https:\/\/thiagopessoa.com\/pt_br\/wp-json\/wp\/v2\/product_cat?post=9277"},{"taxonomy":"product_tag","embeddable":true,"href":"https:\/\/thiagopessoa.com\/pt_br\/wp-json\/wp\/v2\/product_tag?post=9277"}],"curies":[{"name":"wp","href":"https:\/\/api.w.org\/{rel}","templated":true}]}}