{"id":9276,"date":"2024-12-27T19:58:01","date_gmt":"2024-12-27T19:58:01","guid":{"rendered":"https:\/\/thiagopessoa.com\/?post_type=product&#038;p=9276"},"modified":"2025-04-11T19:32:59","modified_gmt":"2025-04-11T19:32:59","slug":"colar-al-mare","status":"publish","type":"product","link":"https:\/\/thiagopessoa.com\/pt_br\/shop\/colecoes\/al-mare\/colar-al-mare\/","title":{"rendered":"Colar Al Mare"},"content":{"rendered":"<p data-start=\"112\" data-end=\"303\">A fus\u00e3o da delicadeza da p\u00e9rola com o tom vibrante da pedra azul cria uma composi\u00e7\u00e3o equilibrada e<br \/>\natemporal. Seja para ocasi\u00f5es especiais ou para iluminar o dia a dia, essa joia oferece um charme<br \/>\nsingular e vers\u00e1til, perfeito para quem aprecia sofistica\u00e7\u00e3o sem excessos.<\/p>\n<p>&nbsp;<\/p>\n<p data-start=\"112\" data-end=\"303\">\ud83d\udd39 <strong>Material:<\/strong> Prata 950, colar em prata elo portugu\u00eas 50cm<\/p>\n<p data-start=\"112\" data-end=\"303\">\ud83d\udd39 <strong>Pedras:<\/strong> P\u00e9rola barroca sint\u00e9tica e pedra azul<\/p>\n<p data-start=\"112\" data-end=\"303\">\ud83d\udd39 <strong>Versatilidade:<\/strong> Eleg\u00e2ncia para todos os momentos<\/p>\n<p>&nbsp;<\/p>\n<p data-start=\"112\" data-end=\"303\"><strong>Um colar que traduz leveza e exclusividade, destacando sua ess\u00eancia com brilho e sofistica\u00e7\u00e3o.<\/strong><\/p>\n","protected":false},"excerpt":{"rendered":"<p>Inspirado na fluidez e no encanto do mar, o <strong>Colar Al Mare<\/strong> \u00e9 uma joia que combina sofistica\u00e7\u00e3o e<br \/>\nnaturalidade em um design exclusivo. Criado em <strong>prata 950<\/strong>, este colar traz o brilho aut\u00eantico de<br \/>\numa <strong>p\u00e9rola barroca<\/strong>, cuja forma irregular real\u00e7a sua beleza \u00fanica, junto \u00e0 luminosidade<br \/>\nenvolvente da pedra azul, que adiciona um toque contempor\u00e2neo e refinado.<\/p>\n","protected":false},"featured_media":9254,"template":"","meta":{"_monsterinsights_skip_tracking":false,"_monsterinsights_sitenote_active":false,"_monsterinsights_sitenote_note":"","_monsterinsights_sitenote_category":0},"product_brand":[],"product_cat":[119,1062,945,117],"product_tag":[],"class_list":{"0":"post-9276","1":"product","2":"type-product","3":"status-publish","4":"has-post-thumbnail","6":"product_cat-colares","7":"product_cat-al-mare","8":"product_cat-colecoes","9":"product_cat-joias","11":"first","12":"instock","13":"shipping-taxable","14":"purchasable","15":"product-type-simple"},"yoast_head":"<!-- This site is optimized with the Yoast SEO plugin v26.3 - https:\/\/yoast.com\/wordpress\/plugins\/seo\/ -->\n<title>Colar Al Mare - Thiago Pessoa<\/title>\n<meta name=\"robots\" content=\"index, follow, max-snippet:-1, max-image-preview:large, max-video-preview:-1\" \/>\n<link rel=\"canonical\" href=\"https:\/\/thiagopessoa.com\/pt_br\/shop\/colecoes\/al-mare\/colar-al-mare\/\" \/>\n<meta property=\"og:locale\" content=\"pt_BR\" \/>\n<meta property=\"og:type\" content=\"article\" \/>\n<meta property=\"og:title\" content=\"Colar Al Mare - Thiago Pessoa\" \/>\n<meta property=\"og:description\" content=\"Inspirado na fluidez e no encanto do mar, o Colar Al Mare \u00e9 uma joia que combina sofistica\u00e7\u00e3o e naturalidade em um design exclusivo. Criado em prata 950, este colar traz o brilho aut\u00eantico de uma p\u00e9rola barroca, cuja forma irregular real\u00e7a sua beleza \u00fanica, junto \u00e0 luminosidade envolvente da pedra azul, que adiciona um toque contempor\u00e2neo e refinado.\" \/>\n<meta property=\"og:url\" content=\"https:\/\/thiagopessoa.com\/pt_br\/shop\/colecoes\/al-mare\/colar-al-mare\/\" \/>\n<meta property=\"og:site_name\" content=\"Thiago Pessoa\" \/>\n<meta property=\"article:modified_time\" content=\"2025-04-11T19:32:59+00:00\" \/>\n<meta property=\"og:image\" content=\"http:\/\/thiagopessoa.com\/wp-content\/uploads\/2024\/12\/3.png\" \/>\n\t<meta property=\"og:image:width\" content=\"1080\" \/>\n\t<meta property=\"og:image:height\" content=\"1350\" \/>\n\t<meta property=\"og:image:type\" content=\"image\/png\" \/>\n<meta name=\"twitter:card\" content=\"summary_large_image\" \/>\n<meta name=\"twitter:label1\" content=\"Est. tempo de leitura\" \/>\n\t<meta name=\"twitter:data1\" content=\"1 minuto\" \/>\n<script type=\"application\/ld+json\" class=\"yoast-schema-graph\">{\"@context\":\"https:\/\/schema.org\",\"@graph\":[{\"@type\":\"WebPage\",\"@id\":\"https:\/\/thiagopessoa.com\/shop\/colecoes\/al-mare\/colar-al-mare\/\",\"url\":\"https:\/\/thiagopessoa.com\/shop\/colecoes\/al-mare\/colar-al-mare\/\",\"name\":\"Colar Al Mare - Thiago Pessoa\",\"isPartOf\":{\"@id\":\"https:\/\/thiagopessoa.com\/#website\"},\"primaryImageOfPage\":{\"@id\":\"https:\/\/thiagopessoa.com\/shop\/colecoes\/al-mare\/colar-al-mare\/#primaryimage\"},\"image\":{\"@id\":\"https:\/\/thiagopessoa.com\/shop\/colecoes\/al-mare\/colar-al-mare\/#primaryimage\"},\"thumbnailUrl\":\"https:\/\/thiagopessoa.com\/wp-content\/uploads\/2024\/12\/3.png\",\"datePublished\":\"2024-12-27T19:58:01+00:00\",\"dateModified\":\"2025-04-11T19:32:59+00:00\",\"breadcrumb\":{\"@id\":\"https:\/\/thiagopessoa.com\/shop\/colecoes\/al-mare\/colar-al-mare\/#breadcrumb\"},\"inLanguage\":\"pt-BR\",\"potentialAction\":[{\"@type\":\"ReadAction\",\"target\":[\"https:\/\/thiagopessoa.com\/shop\/colecoes\/al-mare\/colar-al-mare\/\"]}]},{\"@type\":\"ImageObject\",\"inLanguage\":\"pt-BR\",\"@id\":\"https:\/\/thiagopessoa.com\/shop\/colecoes\/al-mare\/colar-al-mare\/#primaryimage\",\"url\":\"https:\/\/thiagopessoa.com\/wp-content\/uploads\/2024\/12\/3.png\",\"contentUrl\":\"https:\/\/thiagopessoa.com\/wp-content\/uploads\/2024\/12\/3.png\",\"width\":1080,\"height\":1350},{\"@type\":\"BreadcrumbList\",\"@id\":\"https:\/\/thiagopessoa.com\/shop\/colecoes\/al-mare\/colar-al-mare\/#breadcrumb\",\"itemListElement\":[{\"@type\":\"ListItem\",\"position\":1,\"name\":\"In\u00edcio\",\"item\":\"https:\/\/thiagopessoa.com\/pt_br\/\"},{\"@type\":\"ListItem\",\"position\":2,\"name\":\"Shop\",\"item\":\"https:\/\/thiagopessoa.com\/shop\/\"},{\"@type\":\"ListItem\",\"position\":3,\"name\":\"Cole\u00e7\u00f5es\",\"item\":\"https:\/\/thiagopessoa.com\/product-category\/colecoes\/\"},{\"@type\":\"ListItem\",\"position\":4,\"name\":\"Colar Al Mare\"}]},{\"@type\":\"WebSite\",\"@id\":\"https:\/\/thiagopessoa.com\/#website\",\"url\":\"https:\/\/thiagopessoa.com\/\",\"name\":\"Loja Thiago Pessoa\",\"description\":\"Ourives e Designer de Joias\",\"publisher\":{\"@id\":\"https:\/\/thiagopessoa.com\/#organization\"},\"alternateName\":\"Thiago Pessoa\",\"potentialAction\":[{\"@type\":\"SearchAction\",\"target\":{\"@type\":\"EntryPoint\",\"urlTemplate\":\"https:\/\/thiagopessoa.com\/?s={search_term_string}\"},\"query-input\":{\"@type\":\"PropertyValueSpecification\",\"valueRequired\":true,\"valueName\":\"search_term_string\"}}],\"inLanguage\":\"pt-BR\"},{\"@type\":\"Organization\",\"@id\":\"https:\/\/thiagopessoa.com\/#organization\",\"name\":\"Thiago Pessoa Ourivesaria & Design de joias e alian\u00e7as exclusivas e personalizadas.\",\"alternateName\":\"Thiago Pessoa Ourivesaria & Design de joias e alian\u00e7as exclusivas e personalizadas.\",\"url\":\"https:\/\/thiagopessoa.com\/\",\"logo\":{\"@type\":\"ImageObject\",\"inLanguage\":\"pt-BR\",\"@id\":\"https:\/\/thiagopessoa.com\/#\/schema\/logo\/image\/\",\"url\":\"http:\/\/thiagopessoa.com\/wp-content\/uploads\/2022\/12\/SUPERHORIZONTAL_PRETO.png\",\"contentUrl\":\"http:\/\/thiagopessoa.com\/wp-content\/uploads\/2022\/12\/SUPERHORIZONTAL_PRETO.png\",\"width\":2226,\"height\":622,\"caption\":\"Thiago Pessoa Ourivesaria & Design de joias e alian\u00e7as exclusivas e personalizadas.\"},\"image\":{\"@id\":\"https:\/\/thiagopessoa.com\/#\/schema\/logo\/image\/\"},\"sameAs\":[\"https:\/\/www.instagram.com\/thiagopessoajoias\/\"]}]}<\/script>\n<!-- \/ Yoast SEO plugin. -->","yoast_head_json":{"title":"Colar Al Mare - Thiago Pessoa","robots":{"index":"index","follow":"follow","max-snippet":"max-snippet:-1","max-image-preview":"max-image-preview:large","max-video-preview":"max-video-preview:-1"},"canonical":"https:\/\/thiagopessoa.com\/pt_br\/shop\/colecoes\/al-mare\/colar-al-mare\/","og_locale":"pt_BR","og_type":"article","og_title":"Colar Al Mare - Thiago Pessoa","og_description":"Inspirado na fluidez e no encanto do mar, o Colar Al Mare \u00e9 uma joia que combina sofistica\u00e7\u00e3o e naturalidade em um design exclusivo. Criado em prata 950, este colar traz o brilho aut\u00eantico de uma p\u00e9rola barroca, cuja forma irregular real\u00e7a sua beleza \u00fanica, junto \u00e0 luminosidade envolvente da pedra azul, que adiciona um toque contempor\u00e2neo e refinado.","og_url":"https:\/\/thiagopessoa.com\/pt_br\/shop\/colecoes\/al-mare\/colar-al-mare\/","og_site_name":"Thiago Pessoa","article_modified_time":"2025-04-11T19:32:59+00:00","og_image":[{"width":1080,"height":1350,"url":"http:\/\/thiagopessoa.com\/wp-content\/uploads\/2024\/12\/3.png","type":"image\/png"}],"twitter_card":"summary_large_image","twitter_misc":{"Est. tempo de leitura":"1 minuto"},"schema":{"@context":"https:\/\/schema.org","@graph":[{"@type":"WebPage","@id":"https:\/\/thiagopessoa.com\/shop\/colecoes\/al-mare\/colar-al-mare\/","url":"https:\/\/thiagopessoa.com\/shop\/colecoes\/al-mare\/colar-al-mare\/","name":"Colar Al Mare - Thiago Pessoa","isPartOf":{"@id":"https:\/\/thiagopessoa.com\/#website"},"primaryImageOfPage":{"@id":"https:\/\/thiagopessoa.com\/shop\/colecoes\/al-mare\/colar-al-mare\/#primaryimage"},"image":{"@id":"https:\/\/thiagopessoa.com\/shop\/colecoes\/al-mare\/colar-al-mare\/#primaryimage"},"thumbnailUrl":"https:\/\/thiagopessoa.com\/wp-content\/uploads\/2024\/12\/3.png","datePublished":"2024-12-27T19:58:01+00:00","dateModified":"2025-04-11T19:32:59+00:00","breadcrumb":{"@id":"https:\/\/thiagopessoa.com\/shop\/colecoes\/al-mare\/colar-al-mare\/#breadcrumb"},"inLanguage":"pt-BR","potentialAction":[{"@type":"ReadAction","target":["https:\/\/thiagopessoa.com\/shop\/colecoes\/al-mare\/colar-al-mare\/"]}]},{"@type":"ImageObject","inLanguage":"pt-BR","@id":"https:\/\/thiagopessoa.com\/shop\/colecoes\/al-mare\/colar-al-mare\/#primaryimage","url":"https:\/\/thiagopessoa.com\/wp-content\/uploads\/2024\/12\/3.png","contentUrl":"https:\/\/thiagopessoa.com\/wp-content\/uploads\/2024\/12\/3.png","width":1080,"height":1350},{"@type":"BreadcrumbList","@id":"https:\/\/thiagopessoa.com\/shop\/colecoes\/al-mare\/colar-al-mare\/#breadcrumb","itemListElement":[{"@type":"ListItem","position":1,"name":"In\u00edcio","item":"https:\/\/thiagopessoa.com\/pt_br\/"},{"@type":"ListItem","position":2,"name":"Shop","item":"https:\/\/thiagopessoa.com\/shop\/"},{"@type":"ListItem","position":3,"name":"Cole\u00e7\u00f5es","item":"https:\/\/thiagopessoa.com\/product-category\/colecoes\/"},{"@type":"ListItem","position":4,"name":"Colar Al Mare"}]},{"@type":"WebSite","@id":"https:\/\/thiagopessoa.com\/#website","url":"https:\/\/thiagopessoa.com\/","name":"Loja Thiago Pessoa","description":"Ourives e Designer de Joias","publisher":{"@id":"https:\/\/thiagopessoa.com\/#organization"},"alternateName":"Thiago Pessoa","potentialAction":[{"@type":"SearchAction","target":{"@type":"EntryPoint","urlTemplate":"https:\/\/thiagopessoa.com\/?s={search_term_string}"},"query-input":{"@type":"PropertyValueSpecification","valueRequired":true,"valueName":"search_term_string"}}],"inLanguage":"pt-BR"},{"@type":"Organization","@id":"https:\/\/thiagopessoa.com\/#organization","name":"Thiago Pessoa Ourivesaria & Design de joias e alian\u00e7as exclusivas e personalizadas.","alternateName":"Thiago Pessoa Ourivesaria & Design de joias e alian\u00e7as exclusivas e personalizadas.","url":"https:\/\/thiagopessoa.com\/","logo":{"@type":"ImageObject","inLanguage":"pt-BR","@id":"https:\/\/thiagopessoa.com\/#\/schema\/logo\/image\/","url":"http:\/\/thiagopessoa.com\/wp-content\/uploads\/2022\/12\/SUPERHORIZONTAL_PRETO.png","contentUrl":"http:\/\/thiagopessoa.com\/wp-content\/uploads\/2022\/12\/SUPERHORIZONTAL_PRETO.png","width":2226,"height":622,"caption":"Thiago Pessoa Ourivesaria & Design de joias e alian\u00e7as exclusivas e personalizadas."},"image":{"@id":"https:\/\/thiagopessoa.com\/#\/schema\/logo\/image\/"},"sameAs":["https:\/\/www.instagram.com\/thiagopessoajoias\/"]}]}},"_links":{"self":[{"href":"https:\/\/thiagopessoa.com\/pt_br\/wp-json\/wp\/v2\/product\/9276","targetHints":{"allow":["GET"]}}],"collection":[{"href":"https:\/\/thiagopessoa.com\/pt_br\/wp-json\/wp\/v2\/product"}],"about":[{"href":"https:\/\/thiagopessoa.com\/pt_br\/wp-json\/wp\/v2\/types\/product"}],"wp:featuredmedia":[{"embeddable":true,"href":"https:\/\/thiagopessoa.com\/pt_br\/wp-json\/wp\/v2\/media\/9254"}],"wp:attachment":[{"href":"https:\/\/thiagopessoa.com\/pt_br\/wp-json\/wp\/v2\/media?parent=9276"}],"wp:term":[{"taxonomy":"product_brand","embeddable":true,"href":"https:\/\/thiagopessoa.com\/pt_br\/wp-json\/wp\/v2\/product_brand?post=9276"},{"taxonomy":"product_cat","embeddable":true,"href":"https:\/\/thiagopessoa.com\/pt_br\/wp-json\/wp\/v2\/product_cat?post=9276"},{"taxonomy":"product_tag","embeddable":true,"href":"https:\/\/thiagopessoa.com\/pt_br\/wp-json\/wp\/v2\/product_tag?post=9276"}],"curies":[{"name":"wp","href":"https:\/\/api.w.org\/{rel}","templated":true}]}}