{"id":7874,"date":"2024-03-06T16:22:24","date_gmt":"2024-03-06T16:22:24","guid":{"rendered":"https:\/\/thiagopessoa.com\/?post_type=product&#038;p=7874"},"modified":"2025-03-06T19:30:48","modified_gmt":"2025-03-06T19:30:48","slug":"brinco-ares","status":"publish","type":"product","link":"https:\/\/thiagopessoa.com\/pt_br\/shop\/joias\/brincos\/brinco-ares\/","title":{"rendered":"Brinco Ares"},"content":{"rendered":"<div class=\"w-full text-token-text-primary\" data-testid=\"conversation-turn-3\">\n<div class=\"px-4 py-2 justify-center text-base md:gap-6 m-auto\">\n<div class=\"flex flex-1 text-base mx-auto gap-3 md:px-5 lg:px-1 xl:px-5 md:max-w-3xl lg:max-w-[40rem] xl:max-w-[48rem] group final-completion\">\n<div class=\"relative flex w-full flex-col agent-turn\">\n<div class=\"flex-col gap-1 md:gap-3\">\n<div class=\"flex flex-grow flex-col max-w-full\">\n<div class=\"min-h-[20px] text-message flex flex-col items-start gap-3 whitespace-pre-wrap break-words [.text-message+&amp;]:mt-5 overflow-x-auto\" data-message-author-role=\"assistant\" data-message-id=\"43f19f0f-1be2-44e9-a38c-69a03e6febf3\">\n<div class=\"markdown prose w-full break-words dark:prose-invert light\">\n<p>Os brincos em ametistas e diamante negro criados por Thiago Pessoa s\u00e3o verdadeiras obras de arte que unem a beleza natural das pedras preciosas com a habilidade artesanal do designer. Cada pe\u00e7a \u00e9 cuidadosamente concebida para destacar a eleg\u00e2ncia e a sofistica\u00e7\u00e3o da mulher moderna.<\/p>\n<p>A ametista, com sua tonalidade roxa v\u00edvida e suas propriedades m\u00edsticas, empresta um toque de mist\u00e9rio e espiritualidade \u00e0s cria\u00e7\u00f5es de Thiago Pessoa. Enquanto isso, os diamantes negros, com sua rara e enigm\u00e1tica beleza, adicionam um elemento de drama e luxo, elevando ainda mais a est\u00e9tica dos brincos.<\/p>\n<p>O cuidado nos detalhes e a precis\u00e3o na execu\u00e7\u00e3o fazem com que cada par de brincos seja \u00fanico, refletindo o talento e a dedica\u00e7\u00e3o do designer. S\u00e3o pe\u00e7as que transcendem o tempo e as tend\u00eancias passageiras, tornando-se verdadeiros tesouros a serem apreciados por gera\u00e7\u00f5es. Thiago Pessoa n\u00e3o apenas cria joias, mas sim hist\u00f3rias que s\u00e3o contadas atrav\u00e9s de cada centelha de luz que reflete em suas cria\u00e7\u00f5es.<\/p>\n<\/div>\n<\/div>\n<\/div>\n<div class=\"mt-1 flex justify-start gap-3 empty:hidden\">\n<div class=\"text-gray-400 flex self-end lg:self-center justify-center lg:justify-start mt-0 -ml-1 h-7 visible\">\n<p>&nbsp;<\/p>\n<div class=\"flex items-center gap-1.5 text-xs\"><\/div>\n<div class=\"flex\"><\/div>\n<\/div>\n<\/div>\n<div class=\"pr-2 lg:pr-0\"><\/div>\n<\/div>\n<\/div>\n<\/div>\n<\/div>\n<\/div>\n<div class=\"mx-auto\">\n<div>\n<div class=\"mx-auto mt-2 inline-flex rounded-xl border border-gray-100 dark:border-gray-700\"><\/div>\n<\/div>\n<\/div>\n<p>&nbsp;<\/p>\n<p>&nbsp;<\/p>\n<p>&nbsp;<\/p>\n","protected":false},"excerpt":{"rendered":"<p>Brinco com ametistas e diamante negro, em ouro branco 18k com rh\u00f3dio negro.<\/p>\n","protected":false},"featured_media":9330,"template":"","meta":{"_monsterinsights_skip_tracking":false,"_monsterinsights_sitenote_active":false,"_monsterinsights_sitenote_note":"","_monsterinsights_sitenote_category":0},"product_brand":[],"product_cat":[118,117],"product_tag":[971,980,1003,1015,1014,981,957],"class_list":{"0":"post-7874","1":"product","2":"type-product","3":"status-publish","4":"has-post-thumbnail","6":"product_cat-brincos","7":"product_cat-joias","8":"product_tag-brincos","9":"product_tag-joias","10":"product_tag-joias-de-luxo","11":"product_tag-moissanita","12":"product_tag-natal","13":"product_tag-pedras","14":"product_tag-presente","16":"first","17":"instock","18":"shipping-taxable","19":"purchasable","20":"product-type-simple"},"yoast_head":"<!-- This site is optimized with the Yoast SEO plugin v26.3 - https:\/\/yoast.com\/wordpress\/plugins\/seo\/ -->\n<title>Brinco Ares - Thiago Pessoa<\/title>\n<meta name=\"description\" content=\"Brinco porduzido de manteira artesanal com t\u00e9cnicas da ourivesaria, em ouro branco 18k com moissanita de 1,4ct.\" \/>\n<meta name=\"robots\" content=\"index, follow, max-snippet:-1, max-image-preview:large, max-video-preview:-1\" \/>\n<link rel=\"canonical\" href=\"https:\/\/thiagopessoa.com\/pt_br\/shop\/joias\/brincos\/brinco-ares\/\" \/>\n<meta property=\"og:locale\" content=\"pt_BR\" \/>\n<meta property=\"og:type\" content=\"article\" \/>\n<meta property=\"og:title\" content=\"Brinco Ares - Thiago Pessoa\" \/>\n<meta property=\"og:description\" content=\"Brinco porduzido de manteira artesanal com t\u00e9cnicas da ourivesaria, em ouro branco 18k com moissanita de 1,4ct.\" \/>\n<meta property=\"og:url\" content=\"https:\/\/thiagopessoa.com\/pt_br\/shop\/joias\/brincos\/brinco-ares\/\" \/>\n<meta property=\"og:site_name\" content=\"Thiago Pessoa\" \/>\n<meta property=\"article:modified_time\" content=\"2025-03-06T19:30:48+00:00\" \/>\n<meta property=\"og:image\" content=\"http:\/\/thiagopessoa.com\/wp-content\/uploads\/2024\/03\/Brinco-Ares.png\" \/>\n\t<meta property=\"og:image:width\" content=\"1080\" \/>\n\t<meta property=\"og:image:height\" content=\"1350\" \/>\n\t<meta property=\"og:image:type\" content=\"image\/png\" \/>\n<meta name=\"twitter:card\" content=\"summary_large_image\" \/>\n<meta name=\"twitter:label1\" content=\"Est. tempo de leitura\" \/>\n\t<meta name=\"twitter:data1\" content=\"2 minutos\" \/>\n<script type=\"application\/ld+json\" class=\"yoast-schema-graph\">{\"@context\":\"https:\/\/schema.org\",\"@graph\":[{\"@type\":\"WebPage\",\"@id\":\"https:\/\/thiagopessoa.com\/shop\/joias\/brincos\/brinco-ares\/\",\"url\":\"https:\/\/thiagopessoa.com\/shop\/joias\/brincos\/brinco-ares\/\",\"name\":\"Brinco Ares - Thiago Pessoa\",\"isPartOf\":{\"@id\":\"https:\/\/thiagopessoa.com\/#website\"},\"primaryImageOfPage\":{\"@id\":\"https:\/\/thiagopessoa.com\/shop\/joias\/brincos\/brinco-ares\/#primaryimage\"},\"image\":{\"@id\":\"https:\/\/thiagopessoa.com\/shop\/joias\/brincos\/brinco-ares\/#primaryimage\"},\"thumbnailUrl\":\"https:\/\/thiagopessoa.com\/wp-content\/uploads\/2024\/03\/Brinco-Ares.png\",\"datePublished\":\"2024-03-06T16:22:24+00:00\",\"dateModified\":\"2025-03-06T19:30:48+00:00\",\"description\":\"Brinco porduzido de manteira artesanal com t\u00e9cnicas da ourivesaria, em ouro branco 18k com moissanita de 1,4ct.\",\"breadcrumb\":{\"@id\":\"https:\/\/thiagopessoa.com\/shop\/joias\/brincos\/brinco-ares\/#breadcrumb\"},\"inLanguage\":\"pt-BR\",\"potentialAction\":[{\"@type\":\"ReadAction\",\"target\":[\"https:\/\/thiagopessoa.com\/shop\/joias\/brincos\/brinco-ares\/\"]}]},{\"@type\":\"ImageObject\",\"inLanguage\":\"pt-BR\",\"@id\":\"https:\/\/thiagopessoa.com\/shop\/joias\/brincos\/brinco-ares\/#primaryimage\",\"url\":\"https:\/\/thiagopessoa.com\/wp-content\/uploads\/2024\/03\/Brinco-Ares.png\",\"contentUrl\":\"https:\/\/thiagopessoa.com\/wp-content\/uploads\/2024\/03\/Brinco-Ares.png\",\"width\":1080,\"height\":1350},{\"@type\":\"BreadcrumbList\",\"@id\":\"https:\/\/thiagopessoa.com\/shop\/joias\/brincos\/brinco-ares\/#breadcrumb\",\"itemListElement\":[{\"@type\":\"ListItem\",\"position\":1,\"name\":\"In\u00edcio\",\"item\":\"https:\/\/thiagopessoa.com\/pt_br\/\"},{\"@type\":\"ListItem\",\"position\":2,\"name\":\"Shop\",\"item\":\"https:\/\/thiagopessoa.com\/shop\/\"},{\"@type\":\"ListItem\",\"position\":3,\"name\":\"Joias\",\"item\":\"https:\/\/thiagopessoa.com\/product-category\/joias\/\"},{\"@type\":\"ListItem\",\"position\":4,\"name\":\"Brincos\",\"item\":\"https:\/\/thiagopessoa.com\/product-category\/joias\/brincos\/\"},{\"@type\":\"ListItem\",\"position\":5,\"name\":\"Brinco Ares\"}]},{\"@type\":\"WebSite\",\"@id\":\"https:\/\/thiagopessoa.com\/#website\",\"url\":\"https:\/\/thiagopessoa.com\/\",\"name\":\"Loja Thiago Pessoa\",\"description\":\"Ourives e Designer de Joias\",\"publisher\":{\"@id\":\"https:\/\/thiagopessoa.com\/#organization\"},\"alternateName\":\"Thiago Pessoa\",\"potentialAction\":[{\"@type\":\"SearchAction\",\"target\":{\"@type\":\"EntryPoint\",\"urlTemplate\":\"https:\/\/thiagopessoa.com\/?s={search_term_string}\"},\"query-input\":{\"@type\":\"PropertyValueSpecification\",\"valueRequired\":true,\"valueName\":\"search_term_string\"}}],\"inLanguage\":\"pt-BR\"},{\"@type\":\"Organization\",\"@id\":\"https:\/\/thiagopessoa.com\/#organization\",\"name\":\"Thiago Pessoa Ourivesaria & Design de joias e alian\u00e7as exclusivas e personalizadas.\",\"alternateName\":\"Thiago Pessoa Ourivesaria & Design de joias e alian\u00e7as exclusivas e personalizadas.\",\"url\":\"https:\/\/thiagopessoa.com\/\",\"logo\":{\"@type\":\"ImageObject\",\"inLanguage\":\"pt-BR\",\"@id\":\"https:\/\/thiagopessoa.com\/#\/schema\/logo\/image\/\",\"url\":\"http:\/\/thiagopessoa.com\/wp-content\/uploads\/2022\/12\/SUPERHORIZONTAL_PRETO.png\",\"contentUrl\":\"http:\/\/thiagopessoa.com\/wp-content\/uploads\/2022\/12\/SUPERHORIZONTAL_PRETO.png\",\"width\":2226,\"height\":622,\"caption\":\"Thiago Pessoa Ourivesaria & Design de joias e alian\u00e7as exclusivas e personalizadas.\"},\"image\":{\"@id\":\"https:\/\/thiagopessoa.com\/#\/schema\/logo\/image\/\"},\"sameAs\":[\"https:\/\/www.instagram.com\/thiagopessoajoias\/\"]}]}<\/script>\n<!-- \/ Yoast SEO plugin. -->","yoast_head_json":{"title":"Brinco Ares - Thiago Pessoa","description":"Brinco porduzido de manteira artesanal com t\u00e9cnicas da ourivesaria, em ouro branco 18k com moissanita de 1,4ct.","robots":{"index":"index","follow":"follow","max-snippet":"max-snippet:-1","max-image-preview":"max-image-preview:large","max-video-preview":"max-video-preview:-1"},"canonical":"https:\/\/thiagopessoa.com\/pt_br\/shop\/joias\/brincos\/brinco-ares\/","og_locale":"pt_BR","og_type":"article","og_title":"Brinco Ares - Thiago Pessoa","og_description":"Brinco porduzido de manteira artesanal com t\u00e9cnicas da ourivesaria, em ouro branco 18k com moissanita de 1,4ct.","og_url":"https:\/\/thiagopessoa.com\/pt_br\/shop\/joias\/brincos\/brinco-ares\/","og_site_name":"Thiago Pessoa","article_modified_time":"2025-03-06T19:30:48+00:00","og_image":[{"width":1080,"height":1350,"url":"http:\/\/thiagopessoa.com\/wp-content\/uploads\/2024\/03\/Brinco-Ares.png","type":"image\/png"}],"twitter_card":"summary_large_image","twitter_misc":{"Est. tempo de leitura":"2 minutos"},"schema":{"@context":"https:\/\/schema.org","@graph":[{"@type":"WebPage","@id":"https:\/\/thiagopessoa.com\/shop\/joias\/brincos\/brinco-ares\/","url":"https:\/\/thiagopessoa.com\/shop\/joias\/brincos\/brinco-ares\/","name":"Brinco Ares - Thiago Pessoa","isPartOf":{"@id":"https:\/\/thiagopessoa.com\/#website"},"primaryImageOfPage":{"@id":"https:\/\/thiagopessoa.com\/shop\/joias\/brincos\/brinco-ares\/#primaryimage"},"image":{"@id":"https:\/\/thiagopessoa.com\/shop\/joias\/brincos\/brinco-ares\/#primaryimage"},"thumbnailUrl":"https:\/\/thiagopessoa.com\/wp-content\/uploads\/2024\/03\/Brinco-Ares.png","datePublished":"2024-03-06T16:22:24+00:00","dateModified":"2025-03-06T19:30:48+00:00","description":"Brinco porduzido de manteira artesanal com t\u00e9cnicas da ourivesaria, em ouro branco 18k com moissanita de 1,4ct.","breadcrumb":{"@id":"https:\/\/thiagopessoa.com\/shop\/joias\/brincos\/brinco-ares\/#breadcrumb"},"inLanguage":"pt-BR","potentialAction":[{"@type":"ReadAction","target":["https:\/\/thiagopessoa.com\/shop\/joias\/brincos\/brinco-ares\/"]}]},{"@type":"ImageObject","inLanguage":"pt-BR","@id":"https:\/\/thiagopessoa.com\/shop\/joias\/brincos\/brinco-ares\/#primaryimage","url":"https:\/\/thiagopessoa.com\/wp-content\/uploads\/2024\/03\/Brinco-Ares.png","contentUrl":"https:\/\/thiagopessoa.com\/wp-content\/uploads\/2024\/03\/Brinco-Ares.png","width":1080,"height":1350},{"@type":"BreadcrumbList","@id":"https:\/\/thiagopessoa.com\/shop\/joias\/brincos\/brinco-ares\/#breadcrumb","itemListElement":[{"@type":"ListItem","position":1,"name":"In\u00edcio","item":"https:\/\/thiagopessoa.com\/pt_br\/"},{"@type":"ListItem","position":2,"name":"Shop","item":"https:\/\/thiagopessoa.com\/shop\/"},{"@type":"ListItem","position":3,"name":"Joias","item":"https:\/\/thiagopessoa.com\/product-category\/joias\/"},{"@type":"ListItem","position":4,"name":"Brincos","item":"https:\/\/thiagopessoa.com\/product-category\/joias\/brincos\/"},{"@type":"ListItem","position":5,"name":"Brinco Ares"}]},{"@type":"WebSite","@id":"https:\/\/thiagopessoa.com\/#website","url":"https:\/\/thiagopessoa.com\/","name":"Loja Thiago Pessoa","description":"Ourives e Designer de Joias","publisher":{"@id":"https:\/\/thiagopessoa.com\/#organization"},"alternateName":"Thiago Pessoa","potentialAction":[{"@type":"SearchAction","target":{"@type":"EntryPoint","urlTemplate":"https:\/\/thiagopessoa.com\/?s={search_term_string}"},"query-input":{"@type":"PropertyValueSpecification","valueRequired":true,"valueName":"search_term_string"}}],"inLanguage":"pt-BR"},{"@type":"Organization","@id":"https:\/\/thiagopessoa.com\/#organization","name":"Thiago Pessoa Ourivesaria & Design de joias e alian\u00e7as exclusivas e personalizadas.","alternateName":"Thiago Pessoa Ourivesaria & Design de joias e alian\u00e7as exclusivas e personalizadas.","url":"https:\/\/thiagopessoa.com\/","logo":{"@type":"ImageObject","inLanguage":"pt-BR","@id":"https:\/\/thiagopessoa.com\/#\/schema\/logo\/image\/","url":"http:\/\/thiagopessoa.com\/wp-content\/uploads\/2022\/12\/SUPERHORIZONTAL_PRETO.png","contentUrl":"http:\/\/thiagopessoa.com\/wp-content\/uploads\/2022\/12\/SUPERHORIZONTAL_PRETO.png","width":2226,"height":622,"caption":"Thiago Pessoa Ourivesaria & Design de joias e alian\u00e7as exclusivas e personalizadas."},"image":{"@id":"https:\/\/thiagopessoa.com\/#\/schema\/logo\/image\/"},"sameAs":["https:\/\/www.instagram.com\/thiagopessoajoias\/"]}]}},"_links":{"self":[{"href":"https:\/\/thiagopessoa.com\/pt_br\/wp-json\/wp\/v2\/product\/7874","targetHints":{"allow":["GET"]}}],"collection":[{"href":"https:\/\/thiagopessoa.com\/pt_br\/wp-json\/wp\/v2\/product"}],"about":[{"href":"https:\/\/thiagopessoa.com\/pt_br\/wp-json\/wp\/v2\/types\/product"}],"wp:featuredmedia":[{"embeddable":true,"href":"https:\/\/thiagopessoa.com\/pt_br\/wp-json\/wp\/v2\/media\/9330"}],"wp:attachment":[{"href":"https:\/\/thiagopessoa.com\/pt_br\/wp-json\/wp\/v2\/media?parent=7874"}],"wp:term":[{"taxonomy":"product_brand","embeddable":true,"href":"https:\/\/thiagopessoa.com\/pt_br\/wp-json\/wp\/v2\/product_brand?post=7874"},{"taxonomy":"product_cat","embeddable":true,"href":"https:\/\/thiagopessoa.com\/pt_br\/wp-json\/wp\/v2\/product_cat?post=7874"},{"taxonomy":"product_tag","embeddable":true,"href":"https:\/\/thiagopessoa.com\/pt_br\/wp-json\/wp\/v2\/product_tag?post=7874"}],"curies":[{"name":"wp","href":"https:\/\/api.w.org\/{rel}","templated":true}]}}