{"id":7861,"date":"2024-02-22T19:38:43","date_gmt":"2024-02-22T19:38:43","guid":{"rendered":"https:\/\/thiagopessoa.com\/?post_type=product&#038;p=7861"},"modified":"2025-05-12T20:59:26","modified_gmt":"2025-05-12T20:59:26","slug":"solitario-mitra-1ct-moissanita","status":"publish","type":"product","link":"https:\/\/thiagopessoa.com\/pt_br\/shop\/casamento\/anel-solitario\/solitario-mitra-1ct-moissanita\/","title":{"rendered":"Solit\u00e1rio Mitra"},"content":{"rendered":"<p data-start=\"112\" data-end=\"303\"><strong>Anel Solit\u00e1rio<\/strong><\/p>\n<p>&nbsp;<\/p>\n<p data-start=\"112\" data-end=\"303\">Pedra central moissanita diamante na lapida\u00e7\u00e3o brilhante 1ct<\/p>\n<p>&nbsp;<\/p>\n<p data-start=\"112\" data-end=\"303\">\ud83d\udd39 <strong>Qualidade do moissanita:<\/strong> DEF<\/p>\n<p>&nbsp;<\/p>\n<p data-start=\"112\" data-end=\"303\"><strong>Uma joia \u00fanica, entregue na caixa de madeira exclusiva Thiago Pessoa.<\/strong><\/p>\n","protected":false},"excerpt":{"rendered":"<p><span data-sheets-value=\"{&quot;1&quot;:2,&quot;2&quot;:&quot;Ouro amarelo 18k com diamante central de 30pts&quot;}\" data-sheets-userformat=\"{&quot;2&quot;:14337,&quot;3&quot;:{&quot;1&quot;:0,&quot;3&quot;:1},&quot;14&quot;:{&quot;1&quot;:3,&quot;3&quot;:1},&quot;15&quot;:&quot;Arial&quot;,&quot;16&quot;:10}\">Ouro rose 18k com moissanita central de <strong>1ct.<\/strong><\/span><\/p>\n<p>Sugest\u00e3o de personaliza\u00e7\u00e3o interna com assinatura do casal.<br \/>\n<strong>Uma joia \u00fanica, entregue na caixa de madeira exclusiva Thiago Pessoa.<\/strong><\/p>\n<p data-start=\"112\" data-end=\"303\">\n","protected":false},"featured_media":9347,"template":"","meta":{"_monsterinsights_skip_tracking":false,"_monsterinsights_sitenote_active":false,"_monsterinsights_sitenote_note":"","_monsterinsights_sitenote_category":0},"product_brand":[],"product_cat":[696,130,117,1032],"product_tag":[1004,881,956,972,1006,955,1007,1008,1005],"class_list":{"0":"post-7861","1":"product","2":"type-product","3":"status-publish","4":"has-post-thumbnail","6":"product_cat-anel-solitario","7":"product_cat-casamento","8":"product_cat-joias","9":"product_cat-moissanita","10":"product_tag-anel-de-noivado","11":"product_tag-anel-solitario","12":"product_tag-casamento","13":"product_tag-diamantes","14":"product_tag-moissanitas","15":"product_tag-noivas","16":"product_tag-ourives","17":"product_tag-ourivesaria","18":"product_tag-pedido-de-casamento","20":"first","21":"instock","22":"shipping-taxable","23":"purchasable","24":"product-type-variable","25":"has-default-attributes"},"yoast_head":"<!-- This site is optimized with the Yoast SEO plugin v26.3 - https:\/\/yoast.com\/wordpress\/plugins\/seo\/ -->\n<title>Solit\u00e1rio Mitra - Thiago Pessoa<\/title>\n<meta name=\"description\" content=\"Anel produzido de maneira artesanal em ouro amarelo 18k, moissanita central de 15pts e nas laterais moissanitas de 1pts, ambas na lapida\u00e7ao brilhante.\" \/>\n<meta name=\"robots\" content=\"index, follow, max-snippet:-1, max-image-preview:large, max-video-preview:-1\" \/>\n<link rel=\"canonical\" href=\"https:\/\/thiagopessoa.com\/pt_br\/shop\/casamento\/anel-solitario\/solitario-mitra-1ct-moissanita\/\" \/>\n<meta property=\"og:locale\" content=\"pt_BR\" \/>\n<meta property=\"og:type\" content=\"article\" \/>\n<meta property=\"og:title\" content=\"Solit\u00e1rio Mitra - Thiago Pessoa\" \/>\n<meta property=\"og:description\" content=\"Anel produzido de maneira artesanal em ouro amarelo 18k, moissanita central de 15pts e nas laterais moissanitas de 1pts, ambas na lapida\u00e7ao brilhante.\" \/>\n<meta property=\"og:url\" content=\"https:\/\/thiagopessoa.com\/pt_br\/shop\/casamento\/anel-solitario\/solitario-mitra-1ct-moissanita\/\" \/>\n<meta property=\"og:site_name\" content=\"Thiago Pessoa\" \/>\n<meta property=\"article:modified_time\" content=\"2025-05-12T20:59:26+00:00\" \/>\n<meta property=\"og:image\" content=\"http:\/\/thiagopessoa.com\/wp-content\/uploads\/2023\/09\/Solitario-Mitra.png\" \/>\n\t<meta property=\"og:image:width\" content=\"1080\" \/>\n\t<meta property=\"og:image:height\" content=\"1350\" \/>\n\t<meta property=\"og:image:type\" content=\"image\/png\" \/>\n<meta name=\"twitter:card\" content=\"summary_large_image\" \/>\n<meta name=\"twitter:label1\" content=\"Est. tempo de leitura\" \/>\n\t<meta name=\"twitter:data1\" content=\"1 minuto\" \/>\n<script type=\"application\/ld+json\" class=\"yoast-schema-graph\">{\"@context\":\"https:\/\/schema.org\",\"@graph\":[{\"@type\":\"WebPage\",\"@id\":\"https:\/\/thiagopessoa.com\/shop\/casamento\/anel-solitario\/solitario-mitra-1ct-moissanita\/\",\"url\":\"https:\/\/thiagopessoa.com\/shop\/casamento\/anel-solitario\/solitario-mitra-1ct-moissanita\/\",\"name\":\"Solit\u00e1rio Mitra - Thiago Pessoa\",\"isPartOf\":{\"@id\":\"https:\/\/thiagopessoa.com\/#website\"},\"primaryImageOfPage\":{\"@id\":\"https:\/\/thiagopessoa.com\/shop\/casamento\/anel-solitario\/solitario-mitra-1ct-moissanita\/#primaryimage\"},\"image\":{\"@id\":\"https:\/\/thiagopessoa.com\/shop\/casamento\/anel-solitario\/solitario-mitra-1ct-moissanita\/#primaryimage\"},\"thumbnailUrl\":\"https:\/\/thiagopessoa.com\/wp-content\/uploads\/2023\/09\/Solitario-Mitra.png\",\"datePublished\":\"2024-02-22T19:38:43+00:00\",\"dateModified\":\"2025-05-12T20:59:26+00:00\",\"description\":\"Anel produzido de maneira artesanal em ouro amarelo 18k, moissanita central de 15pts e nas laterais moissanitas de 1pts, ambas na lapida\u00e7ao brilhante.\",\"breadcrumb\":{\"@id\":\"https:\/\/thiagopessoa.com\/shop\/casamento\/anel-solitario\/solitario-mitra-1ct-moissanita\/#breadcrumb\"},\"inLanguage\":\"pt-BR\",\"potentialAction\":[{\"@type\":\"ReadAction\",\"target\":[\"https:\/\/thiagopessoa.com\/shop\/casamento\/anel-solitario\/solitario-mitra-1ct-moissanita\/\"]}]},{\"@type\":\"ImageObject\",\"inLanguage\":\"pt-BR\",\"@id\":\"https:\/\/thiagopessoa.com\/shop\/casamento\/anel-solitario\/solitario-mitra-1ct-moissanita\/#primaryimage\",\"url\":\"https:\/\/thiagopessoa.com\/wp-content\/uploads\/2023\/09\/Solitario-Mitra.png\",\"contentUrl\":\"https:\/\/thiagopessoa.com\/wp-content\/uploads\/2023\/09\/Solitario-Mitra.png\",\"width\":1080,\"height\":1350},{\"@type\":\"BreadcrumbList\",\"@id\":\"https:\/\/thiagopessoa.com\/shop\/casamento\/anel-solitario\/solitario-mitra-1ct-moissanita\/#breadcrumb\",\"itemListElement\":[{\"@type\":\"ListItem\",\"position\":1,\"name\":\"In\u00edcio\",\"item\":\"https:\/\/thiagopessoa.com\/pt_br\/\"},{\"@type\":\"ListItem\",\"position\":2,\"name\":\"Shop\",\"item\":\"https:\/\/thiagopessoa.com\/shop\/\"},{\"@type\":\"ListItem\",\"position\":3,\"name\":\"Casamento\",\"item\":\"https:\/\/thiagopessoa.com\/product-category\/casamento\/\"},{\"@type\":\"ListItem\",\"position\":4,\"name\":\"An\u00e9is Solit\u00e1rios\",\"item\":\"https:\/\/thiagopessoa.com\/product-category\/casamento\/anel-solitario\/\"},{\"@type\":\"ListItem\",\"position\":5,\"name\":\"Solit\u00e1rio Mitra\"}]},{\"@type\":\"WebSite\",\"@id\":\"https:\/\/thiagopessoa.com\/#website\",\"url\":\"https:\/\/thiagopessoa.com\/\",\"name\":\"Loja Thiago Pessoa\",\"description\":\"Ourives e Designer de Joias\",\"publisher\":{\"@id\":\"https:\/\/thiagopessoa.com\/#organization\"},\"alternateName\":\"Thiago Pessoa\",\"potentialAction\":[{\"@type\":\"SearchAction\",\"target\":{\"@type\":\"EntryPoint\",\"urlTemplate\":\"https:\/\/thiagopessoa.com\/?s={search_term_string}\"},\"query-input\":{\"@type\":\"PropertyValueSpecification\",\"valueRequired\":true,\"valueName\":\"search_term_string\"}}],\"inLanguage\":\"pt-BR\"},{\"@type\":\"Organization\",\"@id\":\"https:\/\/thiagopessoa.com\/#organization\",\"name\":\"Thiago Pessoa Ourivesaria & Design de joias e alian\u00e7as exclusivas e personalizadas.\",\"alternateName\":\"Thiago Pessoa Ourivesaria & Design de joias e alian\u00e7as exclusivas e personalizadas.\",\"url\":\"https:\/\/thiagopessoa.com\/\",\"logo\":{\"@type\":\"ImageObject\",\"inLanguage\":\"pt-BR\",\"@id\":\"https:\/\/thiagopessoa.com\/#\/schema\/logo\/image\/\",\"url\":\"http:\/\/thiagopessoa.com\/wp-content\/uploads\/2022\/12\/SUPERHORIZONTAL_PRETO.png\",\"contentUrl\":\"http:\/\/thiagopessoa.com\/wp-content\/uploads\/2022\/12\/SUPERHORIZONTAL_PRETO.png\",\"width\":2226,\"height\":622,\"caption\":\"Thiago Pessoa Ourivesaria & Design de joias e alian\u00e7as exclusivas e personalizadas.\"},\"image\":{\"@id\":\"https:\/\/thiagopessoa.com\/#\/schema\/logo\/image\/\"},\"sameAs\":[\"https:\/\/www.instagram.com\/thiagopessoajoias\/\"]}]}<\/script>\n<!-- \/ Yoast SEO plugin. -->","yoast_head_json":{"title":"Solit\u00e1rio Mitra - Thiago Pessoa","description":"Anel produzido de maneira artesanal em ouro amarelo 18k, moissanita central de 15pts e nas laterais moissanitas de 1pts, ambas na lapida\u00e7ao brilhante.","robots":{"index":"index","follow":"follow","max-snippet":"max-snippet:-1","max-image-preview":"max-image-preview:large","max-video-preview":"max-video-preview:-1"},"canonical":"https:\/\/thiagopessoa.com\/pt_br\/shop\/casamento\/anel-solitario\/solitario-mitra-1ct-moissanita\/","og_locale":"pt_BR","og_type":"article","og_title":"Solit\u00e1rio Mitra - Thiago Pessoa","og_description":"Anel produzido de maneira artesanal em ouro amarelo 18k, moissanita central de 15pts e nas laterais moissanitas de 1pts, ambas na lapida\u00e7ao brilhante.","og_url":"https:\/\/thiagopessoa.com\/pt_br\/shop\/casamento\/anel-solitario\/solitario-mitra-1ct-moissanita\/","og_site_name":"Thiago Pessoa","article_modified_time":"2025-05-12T20:59:26+00:00","og_image":[{"width":1080,"height":1350,"url":"http:\/\/thiagopessoa.com\/wp-content\/uploads\/2023\/09\/Solitario-Mitra.png","type":"image\/png"}],"twitter_card":"summary_large_image","twitter_misc":{"Est. tempo de leitura":"1 minuto"},"schema":{"@context":"https:\/\/schema.org","@graph":[{"@type":"WebPage","@id":"https:\/\/thiagopessoa.com\/shop\/casamento\/anel-solitario\/solitario-mitra-1ct-moissanita\/","url":"https:\/\/thiagopessoa.com\/shop\/casamento\/anel-solitario\/solitario-mitra-1ct-moissanita\/","name":"Solit\u00e1rio Mitra - Thiago Pessoa","isPartOf":{"@id":"https:\/\/thiagopessoa.com\/#website"},"primaryImageOfPage":{"@id":"https:\/\/thiagopessoa.com\/shop\/casamento\/anel-solitario\/solitario-mitra-1ct-moissanita\/#primaryimage"},"image":{"@id":"https:\/\/thiagopessoa.com\/shop\/casamento\/anel-solitario\/solitario-mitra-1ct-moissanita\/#primaryimage"},"thumbnailUrl":"https:\/\/thiagopessoa.com\/wp-content\/uploads\/2023\/09\/Solitario-Mitra.png","datePublished":"2024-02-22T19:38:43+00:00","dateModified":"2025-05-12T20:59:26+00:00","description":"Anel produzido de maneira artesanal em ouro amarelo 18k, moissanita central de 15pts e nas laterais moissanitas de 1pts, ambas na lapida\u00e7ao brilhante.","breadcrumb":{"@id":"https:\/\/thiagopessoa.com\/shop\/casamento\/anel-solitario\/solitario-mitra-1ct-moissanita\/#breadcrumb"},"inLanguage":"pt-BR","potentialAction":[{"@type":"ReadAction","target":["https:\/\/thiagopessoa.com\/shop\/casamento\/anel-solitario\/solitario-mitra-1ct-moissanita\/"]}]},{"@type":"ImageObject","inLanguage":"pt-BR","@id":"https:\/\/thiagopessoa.com\/shop\/casamento\/anel-solitario\/solitario-mitra-1ct-moissanita\/#primaryimage","url":"https:\/\/thiagopessoa.com\/wp-content\/uploads\/2023\/09\/Solitario-Mitra.png","contentUrl":"https:\/\/thiagopessoa.com\/wp-content\/uploads\/2023\/09\/Solitario-Mitra.png","width":1080,"height":1350},{"@type":"BreadcrumbList","@id":"https:\/\/thiagopessoa.com\/shop\/casamento\/anel-solitario\/solitario-mitra-1ct-moissanita\/#breadcrumb","itemListElement":[{"@type":"ListItem","position":1,"name":"In\u00edcio","item":"https:\/\/thiagopessoa.com\/pt_br\/"},{"@type":"ListItem","position":2,"name":"Shop","item":"https:\/\/thiagopessoa.com\/shop\/"},{"@type":"ListItem","position":3,"name":"Casamento","item":"https:\/\/thiagopessoa.com\/product-category\/casamento\/"},{"@type":"ListItem","position":4,"name":"An\u00e9is Solit\u00e1rios","item":"https:\/\/thiagopessoa.com\/product-category\/casamento\/anel-solitario\/"},{"@type":"ListItem","position":5,"name":"Solit\u00e1rio Mitra"}]},{"@type":"WebSite","@id":"https:\/\/thiagopessoa.com\/#website","url":"https:\/\/thiagopessoa.com\/","name":"Loja Thiago Pessoa","description":"Ourives e Designer de Joias","publisher":{"@id":"https:\/\/thiagopessoa.com\/#organization"},"alternateName":"Thiago Pessoa","potentialAction":[{"@type":"SearchAction","target":{"@type":"EntryPoint","urlTemplate":"https:\/\/thiagopessoa.com\/?s={search_term_string}"},"query-input":{"@type":"PropertyValueSpecification","valueRequired":true,"valueName":"search_term_string"}}],"inLanguage":"pt-BR"},{"@type":"Organization","@id":"https:\/\/thiagopessoa.com\/#organization","name":"Thiago Pessoa Ourivesaria & Design de joias e alian\u00e7as exclusivas e personalizadas.","alternateName":"Thiago Pessoa Ourivesaria & Design de joias e alian\u00e7as exclusivas e personalizadas.","url":"https:\/\/thiagopessoa.com\/","logo":{"@type":"ImageObject","inLanguage":"pt-BR","@id":"https:\/\/thiagopessoa.com\/#\/schema\/logo\/image\/","url":"http:\/\/thiagopessoa.com\/wp-content\/uploads\/2022\/12\/SUPERHORIZONTAL_PRETO.png","contentUrl":"http:\/\/thiagopessoa.com\/wp-content\/uploads\/2022\/12\/SUPERHORIZONTAL_PRETO.png","width":2226,"height":622,"caption":"Thiago Pessoa Ourivesaria & Design de joias e alian\u00e7as exclusivas e personalizadas."},"image":{"@id":"https:\/\/thiagopessoa.com\/#\/schema\/logo\/image\/"},"sameAs":["https:\/\/www.instagram.com\/thiagopessoajoias\/"]}]}},"_links":{"self":[{"href":"https:\/\/thiagopessoa.com\/pt_br\/wp-json\/wp\/v2\/product\/7861","targetHints":{"allow":["GET"]}}],"collection":[{"href":"https:\/\/thiagopessoa.com\/pt_br\/wp-json\/wp\/v2\/product"}],"about":[{"href":"https:\/\/thiagopessoa.com\/pt_br\/wp-json\/wp\/v2\/types\/product"}],"wp:featuredmedia":[{"embeddable":true,"href":"https:\/\/thiagopessoa.com\/pt_br\/wp-json\/wp\/v2\/media\/9347"}],"wp:attachment":[{"href":"https:\/\/thiagopessoa.com\/pt_br\/wp-json\/wp\/v2\/media?parent=7861"}],"wp:term":[{"taxonomy":"product_brand","embeddable":true,"href":"https:\/\/thiagopessoa.com\/pt_br\/wp-json\/wp\/v2\/product_brand?post=7861"},{"taxonomy":"product_cat","embeddable":true,"href":"https:\/\/thiagopessoa.com\/pt_br\/wp-json\/wp\/v2\/product_cat?post=7861"},{"taxonomy":"product_tag","embeddable":true,"href":"https:\/\/thiagopessoa.com\/pt_br\/wp-json\/wp\/v2\/product_tag?post=7861"}],"curies":[{"name":"wp","href":"https:\/\/api.w.org\/{rel}","templated":true}]}}