{"id":7776,"date":"2023-11-28T16:26:07","date_gmt":"2023-11-28T16:26:07","guid":{"rendered":"https:\/\/thiagopessoa.com\/?post_type=product&#038;p=7776"},"modified":"2025-03-18T23:25:09","modified_gmt":"2025-03-18T23:25:09","slug":"brinco-follow-the-sun-2","status":"publish","type":"product","link":"https:\/\/thiagopessoa.com\/pt_br\/shop\/colecoes\/follow-the-sun\/brinco-follow-the-sun-2\/","title":{"rendered":"Brinco Follow the sun"},"content":{"rendered":"<p data-start=\"112\" data-end=\"303\">Inspirado no ciclo do sol ao longo do dia, este anel simboliza renova\u00e7\u00e3o, energia e vitalidade.<\/p>\n<p>&nbsp;<\/p>\n<p data-start=\"112\" data-end=\"303\">\ud83d\udd39 <strong>Material:<\/strong> Prata 950 com banho de ouro amarelo (20 mil\u00e9simos)<\/p>\n","protected":false},"excerpt":{"rendered":"<p>O Brinco Follow The Sun traduz a beleza e a for\u00e7a do sol em um design sofisticado e atemporal.<br \/>\nCriado em prata 950 com banho de ouro amarelo em 20 mil\u00e9simos, essa joia traz a presen\u00e7a<br \/>\nmarcante do sol com seus raios solares.<\/p>\n","protected":false},"featured_media":9304,"template":"","meta":{"_monsterinsights_skip_tracking":false,"_monsterinsights_sitenote_active":false,"_monsterinsights_sitenote_note":"","_monsterinsights_sitenote_category":0},"product_brand":[],"product_cat":[118,1027,945,117],"product_tag":[971,1024,1026,970,965,1007,1025,1023,1021],"class_list":{"0":"post-7776","1":"product","2":"type-product","3":"status-publish","4":"has-post-thumbnail","6":"product_cat-brincos","7":"product_cat-follow-the-sun","8":"product_cat-colecoes","9":"product_cat-joias","10":"product_tag-brincos","11":"product_tag-designer-de-joias","12":"product_tag-joias-com-banho","13":"product_tag-joias-femininas","14":"product_tag-joias-personalizadas","15":"product_tag-ourives","16":"product_tag-prata","17":"product_tag-sol","18":"product_tag-thiago-pessoa","20":"first","21":"instock","22":"shipping-taxable","23":"purchasable","24":"product-type-simple"},"yoast_head":"<!-- This site is optimized with the Yoast SEO plugin v26.3 - https:\/\/yoast.com\/wordpress\/plugins\/seo\/ -->\n<title>Brinco Follow the sun - Thiago Pessoa<\/title>\n<meta name=\"description\" content=\"Descrubra o encanto da cole\u00e7\u00e3o Follow the sun! Uma joia \u00fanica que combina sofistica\u00e7\u00e3o e estilo de uma forma extraordin\u00e1ria. Nossa cole\u00e7\u00e3o de brincos Follow the Sun \u00e9 cuidadosamente projetada iluminar seus dias, com um toque de brilho e glamour a cada ocasi\u00e3o.\" \/>\n<meta name=\"robots\" content=\"index, follow, max-snippet:-1, max-image-preview:large, max-video-preview:-1\" \/>\n<link rel=\"canonical\" href=\"https:\/\/thiagopessoa.com\/pt_br\/shop\/colecoes\/follow-the-sun\/brinco-follow-the-sun-2\/\" \/>\n<meta property=\"og:locale\" content=\"pt_BR\" \/>\n<meta property=\"og:type\" content=\"article\" \/>\n<meta property=\"og:title\" content=\"Brinco Follow the sun - Thiago Pessoa\" \/>\n<meta property=\"og:description\" content=\"Descrubra o encanto da cole\u00e7\u00e3o Follow the sun! Uma joia \u00fanica que combina sofistica\u00e7\u00e3o e estilo de uma forma extraordin\u00e1ria. Nossa cole\u00e7\u00e3o de brincos Follow the Sun \u00e9 cuidadosamente projetada iluminar seus dias, com um toque de brilho e glamour a cada ocasi\u00e3o.\" \/>\n<meta property=\"og:url\" content=\"https:\/\/thiagopessoa.com\/pt_br\/shop\/colecoes\/follow-the-sun\/brinco-follow-the-sun-2\/\" \/>\n<meta property=\"og:site_name\" content=\"Thiago Pessoa\" \/>\n<meta property=\"article:modified_time\" content=\"2025-03-18T23:25:09+00:00\" \/>\n<meta property=\"og:image\" content=\"http:\/\/thiagopessoa.com\/wp-content\/uploads\/2023\/11\/90.png\" \/>\n\t<meta property=\"og:image:width\" content=\"1080\" \/>\n\t<meta property=\"og:image:height\" content=\"1350\" \/>\n\t<meta property=\"og:image:type\" content=\"image\/png\" \/>\n<meta name=\"twitter:card\" content=\"summary_large_image\" \/>\n<meta name=\"twitter:label1\" content=\"Est. tempo de leitura\" \/>\n\t<meta name=\"twitter:data1\" content=\"1 minuto\" \/>\n<script type=\"application\/ld+json\" class=\"yoast-schema-graph\">{\"@context\":\"https:\/\/schema.org\",\"@graph\":[{\"@type\":\"WebPage\",\"@id\":\"https:\/\/thiagopessoa.com\/shop\/colecoes\/follow-the-sun\/brinco-follow-the-sun-2\/\",\"url\":\"https:\/\/thiagopessoa.com\/shop\/colecoes\/follow-the-sun\/brinco-follow-the-sun-2\/\",\"name\":\"Brinco Follow the sun - Thiago Pessoa\",\"isPartOf\":{\"@id\":\"https:\/\/thiagopessoa.com\/#website\"},\"primaryImageOfPage\":{\"@id\":\"https:\/\/thiagopessoa.com\/shop\/colecoes\/follow-the-sun\/brinco-follow-the-sun-2\/#primaryimage\"},\"image\":{\"@id\":\"https:\/\/thiagopessoa.com\/shop\/colecoes\/follow-the-sun\/brinco-follow-the-sun-2\/#primaryimage\"},\"thumbnailUrl\":\"https:\/\/thiagopessoa.com\/wp-content\/uploads\/2023\/11\/90.png\",\"datePublished\":\"2023-11-28T16:26:07+00:00\",\"dateModified\":\"2025-03-18T23:25:09+00:00\",\"description\":\"Descrubra o encanto da cole\u00e7\u00e3o Follow the sun! Uma joia \u00fanica que combina sofistica\u00e7\u00e3o e estilo de uma forma extraordin\u00e1ria. Nossa cole\u00e7\u00e3o de brincos Follow the Sun \u00e9 cuidadosamente projetada iluminar seus dias, com um toque de brilho e glamour a cada ocasi\u00e3o.\",\"breadcrumb\":{\"@id\":\"https:\/\/thiagopessoa.com\/shop\/colecoes\/follow-the-sun\/brinco-follow-the-sun-2\/#breadcrumb\"},\"inLanguage\":\"pt-BR\",\"potentialAction\":[{\"@type\":\"ReadAction\",\"target\":[\"https:\/\/thiagopessoa.com\/shop\/colecoes\/follow-the-sun\/brinco-follow-the-sun-2\/\"]}]},{\"@type\":\"ImageObject\",\"inLanguage\":\"pt-BR\",\"@id\":\"https:\/\/thiagopessoa.com\/shop\/colecoes\/follow-the-sun\/brinco-follow-the-sun-2\/#primaryimage\",\"url\":\"https:\/\/thiagopessoa.com\/wp-content\/uploads\/2023\/11\/90.png\",\"contentUrl\":\"https:\/\/thiagopessoa.com\/wp-content\/uploads\/2023\/11\/90.png\",\"width\":1080,\"height\":1350},{\"@type\":\"BreadcrumbList\",\"@id\":\"https:\/\/thiagopessoa.com\/shop\/colecoes\/follow-the-sun\/brinco-follow-the-sun-2\/#breadcrumb\",\"itemListElement\":[{\"@type\":\"ListItem\",\"position\":1,\"name\":\"In\u00edcio\",\"item\":\"https:\/\/thiagopessoa.com\/pt_br\/\"},{\"@type\":\"ListItem\",\"position\":2,\"name\":\"Shop\",\"item\":\"https:\/\/thiagopessoa.com\/shop\/\"},{\"@type\":\"ListItem\",\"position\":3,\"name\":\"Cole\u00e7\u00f5es\",\"item\":\"https:\/\/thiagopessoa.com\/product-category\/colecoes\/\"},{\"@type\":\"ListItem\",\"position\":4,\"name\":\"Brinco Follow the sun\"}]},{\"@type\":\"WebSite\",\"@id\":\"https:\/\/thiagopessoa.com\/#website\",\"url\":\"https:\/\/thiagopessoa.com\/\",\"name\":\"Loja Thiago Pessoa\",\"description\":\"Ourives e Designer de Joias\",\"publisher\":{\"@id\":\"https:\/\/thiagopessoa.com\/#organization\"},\"alternateName\":\"Thiago Pessoa\",\"potentialAction\":[{\"@type\":\"SearchAction\",\"target\":{\"@type\":\"EntryPoint\",\"urlTemplate\":\"https:\/\/thiagopessoa.com\/?s={search_term_string}\"},\"query-input\":{\"@type\":\"PropertyValueSpecification\",\"valueRequired\":true,\"valueName\":\"search_term_string\"}}],\"inLanguage\":\"pt-BR\"},{\"@type\":\"Organization\",\"@id\":\"https:\/\/thiagopessoa.com\/#organization\",\"name\":\"Thiago Pessoa Ourivesaria & Design de joias e alian\u00e7as exclusivas e personalizadas.\",\"alternateName\":\"Thiago Pessoa Ourivesaria & Design de joias e alian\u00e7as exclusivas e personalizadas.\",\"url\":\"https:\/\/thiagopessoa.com\/\",\"logo\":{\"@type\":\"ImageObject\",\"inLanguage\":\"pt-BR\",\"@id\":\"https:\/\/thiagopessoa.com\/#\/schema\/logo\/image\/\",\"url\":\"http:\/\/thiagopessoa.com\/wp-content\/uploads\/2022\/12\/SUPERHORIZONTAL_PRETO.png\",\"contentUrl\":\"http:\/\/thiagopessoa.com\/wp-content\/uploads\/2022\/12\/SUPERHORIZONTAL_PRETO.png\",\"width\":2226,\"height\":622,\"caption\":\"Thiago Pessoa Ourivesaria & Design de joias e alian\u00e7as exclusivas e personalizadas.\"},\"image\":{\"@id\":\"https:\/\/thiagopessoa.com\/#\/schema\/logo\/image\/\"},\"sameAs\":[\"https:\/\/www.instagram.com\/thiagopessoajoias\/\"]}]}<\/script>\n<!-- \/ Yoast SEO plugin. -->","yoast_head_json":{"title":"Brinco Follow the sun - Thiago Pessoa","description":"Descrubra o encanto da cole\u00e7\u00e3o Follow the sun! Uma joia \u00fanica que combina sofistica\u00e7\u00e3o e estilo de uma forma extraordin\u00e1ria. Nossa cole\u00e7\u00e3o de brincos Follow the Sun \u00e9 cuidadosamente projetada iluminar seus dias, com um toque de brilho e glamour a cada ocasi\u00e3o.","robots":{"index":"index","follow":"follow","max-snippet":"max-snippet:-1","max-image-preview":"max-image-preview:large","max-video-preview":"max-video-preview:-1"},"canonical":"https:\/\/thiagopessoa.com\/pt_br\/shop\/colecoes\/follow-the-sun\/brinco-follow-the-sun-2\/","og_locale":"pt_BR","og_type":"article","og_title":"Brinco Follow the sun - Thiago Pessoa","og_description":"Descrubra o encanto da cole\u00e7\u00e3o Follow the sun! Uma joia \u00fanica que combina sofistica\u00e7\u00e3o e estilo de uma forma extraordin\u00e1ria. Nossa cole\u00e7\u00e3o de brincos Follow the Sun \u00e9 cuidadosamente projetada iluminar seus dias, com um toque de brilho e glamour a cada ocasi\u00e3o.","og_url":"https:\/\/thiagopessoa.com\/pt_br\/shop\/colecoes\/follow-the-sun\/brinco-follow-the-sun-2\/","og_site_name":"Thiago Pessoa","article_modified_time":"2025-03-18T23:25:09+00:00","og_image":[{"width":1080,"height":1350,"url":"http:\/\/thiagopessoa.com\/wp-content\/uploads\/2023\/11\/90.png","type":"image\/png"}],"twitter_card":"summary_large_image","twitter_misc":{"Est. tempo de leitura":"1 minuto"},"schema":{"@context":"https:\/\/schema.org","@graph":[{"@type":"WebPage","@id":"https:\/\/thiagopessoa.com\/shop\/colecoes\/follow-the-sun\/brinco-follow-the-sun-2\/","url":"https:\/\/thiagopessoa.com\/shop\/colecoes\/follow-the-sun\/brinco-follow-the-sun-2\/","name":"Brinco Follow the sun - Thiago Pessoa","isPartOf":{"@id":"https:\/\/thiagopessoa.com\/#website"},"primaryImageOfPage":{"@id":"https:\/\/thiagopessoa.com\/shop\/colecoes\/follow-the-sun\/brinco-follow-the-sun-2\/#primaryimage"},"image":{"@id":"https:\/\/thiagopessoa.com\/shop\/colecoes\/follow-the-sun\/brinco-follow-the-sun-2\/#primaryimage"},"thumbnailUrl":"https:\/\/thiagopessoa.com\/wp-content\/uploads\/2023\/11\/90.png","datePublished":"2023-11-28T16:26:07+00:00","dateModified":"2025-03-18T23:25:09+00:00","description":"Descrubra o encanto da cole\u00e7\u00e3o Follow the sun! Uma joia \u00fanica que combina sofistica\u00e7\u00e3o e estilo de uma forma extraordin\u00e1ria. Nossa cole\u00e7\u00e3o de brincos Follow the Sun \u00e9 cuidadosamente projetada iluminar seus dias, com um toque de brilho e glamour a cada ocasi\u00e3o.","breadcrumb":{"@id":"https:\/\/thiagopessoa.com\/shop\/colecoes\/follow-the-sun\/brinco-follow-the-sun-2\/#breadcrumb"},"inLanguage":"pt-BR","potentialAction":[{"@type":"ReadAction","target":["https:\/\/thiagopessoa.com\/shop\/colecoes\/follow-the-sun\/brinco-follow-the-sun-2\/"]}]},{"@type":"ImageObject","inLanguage":"pt-BR","@id":"https:\/\/thiagopessoa.com\/shop\/colecoes\/follow-the-sun\/brinco-follow-the-sun-2\/#primaryimage","url":"https:\/\/thiagopessoa.com\/wp-content\/uploads\/2023\/11\/90.png","contentUrl":"https:\/\/thiagopessoa.com\/wp-content\/uploads\/2023\/11\/90.png","width":1080,"height":1350},{"@type":"BreadcrumbList","@id":"https:\/\/thiagopessoa.com\/shop\/colecoes\/follow-the-sun\/brinco-follow-the-sun-2\/#breadcrumb","itemListElement":[{"@type":"ListItem","position":1,"name":"In\u00edcio","item":"https:\/\/thiagopessoa.com\/pt_br\/"},{"@type":"ListItem","position":2,"name":"Shop","item":"https:\/\/thiagopessoa.com\/shop\/"},{"@type":"ListItem","position":3,"name":"Cole\u00e7\u00f5es","item":"https:\/\/thiagopessoa.com\/product-category\/colecoes\/"},{"@type":"ListItem","position":4,"name":"Brinco Follow the sun"}]},{"@type":"WebSite","@id":"https:\/\/thiagopessoa.com\/#website","url":"https:\/\/thiagopessoa.com\/","name":"Loja Thiago Pessoa","description":"Ourives e Designer de Joias","publisher":{"@id":"https:\/\/thiagopessoa.com\/#organization"},"alternateName":"Thiago Pessoa","potentialAction":[{"@type":"SearchAction","target":{"@type":"EntryPoint","urlTemplate":"https:\/\/thiagopessoa.com\/?s={search_term_string}"},"query-input":{"@type":"PropertyValueSpecification","valueRequired":true,"valueName":"search_term_string"}}],"inLanguage":"pt-BR"},{"@type":"Organization","@id":"https:\/\/thiagopessoa.com\/#organization","name":"Thiago Pessoa Ourivesaria & Design de joias e alian\u00e7as exclusivas e personalizadas.","alternateName":"Thiago Pessoa Ourivesaria & Design de joias e alian\u00e7as exclusivas e personalizadas.","url":"https:\/\/thiagopessoa.com\/","logo":{"@type":"ImageObject","inLanguage":"pt-BR","@id":"https:\/\/thiagopessoa.com\/#\/schema\/logo\/image\/","url":"http:\/\/thiagopessoa.com\/wp-content\/uploads\/2022\/12\/SUPERHORIZONTAL_PRETO.png","contentUrl":"http:\/\/thiagopessoa.com\/wp-content\/uploads\/2022\/12\/SUPERHORIZONTAL_PRETO.png","width":2226,"height":622,"caption":"Thiago Pessoa Ourivesaria & Design de joias e alian\u00e7as exclusivas e personalizadas."},"image":{"@id":"https:\/\/thiagopessoa.com\/#\/schema\/logo\/image\/"},"sameAs":["https:\/\/www.instagram.com\/thiagopessoajoias\/"]}]}},"_links":{"self":[{"href":"https:\/\/thiagopessoa.com\/pt_br\/wp-json\/wp\/v2\/product\/7776","targetHints":{"allow":["GET"]}}],"collection":[{"href":"https:\/\/thiagopessoa.com\/pt_br\/wp-json\/wp\/v2\/product"}],"about":[{"href":"https:\/\/thiagopessoa.com\/pt_br\/wp-json\/wp\/v2\/types\/product"}],"wp:featuredmedia":[{"embeddable":true,"href":"https:\/\/thiagopessoa.com\/pt_br\/wp-json\/wp\/v2\/media\/9304"}],"wp:attachment":[{"href":"https:\/\/thiagopessoa.com\/pt_br\/wp-json\/wp\/v2\/media?parent=7776"}],"wp:term":[{"taxonomy":"product_brand","embeddable":true,"href":"https:\/\/thiagopessoa.com\/pt_br\/wp-json\/wp\/v2\/product_brand?post=7776"},{"taxonomy":"product_cat","embeddable":true,"href":"https:\/\/thiagopessoa.com\/pt_br\/wp-json\/wp\/v2\/product_cat?post=7776"},{"taxonomy":"product_tag","embeddable":true,"href":"https:\/\/thiagopessoa.com\/pt_br\/wp-json\/wp\/v2\/product_tag?post=7776"}],"curies":[{"name":"wp","href":"https:\/\/api.w.org\/{rel}","templated":true}]}}