{"id":7668,"date":"2023-11-02T15:59:42","date_gmt":"2023-11-02T15:59:42","guid":{"rendered":"https:\/\/thiagopessoa.com\/?post_type=product&#038;p=7668"},"modified":"2025-04-15T21:00:50","modified_gmt":"2025-04-15T21:00:50","slug":"joias-pulseira-west","status":"publish","type":"product","link":"https:\/\/thiagopessoa.com\/pt_br\/shop\/joias\/pulseira\/joias-pulseira-west\/","title":{"rendered":"Pulseira West"},"content":{"rendered":"<p>Pulseira produzida de maneira artesanal com t\u00e9cnicas tradicionais da ourivesaria, personaliza\u00e7\u00e3o a escolha do cliente.<\/p>\n","protected":false},"excerpt":{"rendered":"<p>Ouro 18k e couro, personalize o tom do ouro e tamb\u00e9m a escrita.<\/p>\n","protected":false},"featured_media":11403,"template":"","meta":{"_monsterinsights_skip_tracking":false,"_monsterinsights_sitenote_active":false,"_monsterinsights_sitenote_note":"","_monsterinsights_sitenote_category":0},"product_brand":[],"product_cat":[117,120],"product_tag":[980,1008,1020,1021],"class_list":{"0":"post-7668","1":"product","2":"type-product","3":"status-publish","4":"has-post-thumbnail","6":"product_cat-joias","7":"product_cat-pulseira","8":"product_tag-joias","9":"product_tag-ourivesaria","10":"product_tag-pulseiras","11":"product_tag-thiago-pessoa","13":"first","14":"instock","15":"shipping-taxable","16":"purchasable","17":"product-type-simple"},"yoast_head":"<!-- This site is optimized with the Yoast SEO plugin v26.3 - https:\/\/yoast.com\/wordpress\/plugins\/seo\/ -->\n<title>Pulseira West - Thiago Pessoa<\/title>\n<meta name=\"description\" content=\"Pulseira produzida de maneira artesanal com t\u00e9cnicas tradicionais da ourivesaria, em ouro 18k e couro, personaliza\u00e7\u00e3o a escolha do cliente.\" \/>\n<meta name=\"robots\" content=\"index, follow, max-snippet:-1, max-image-preview:large, max-video-preview:-1\" \/>\n<link rel=\"canonical\" href=\"https:\/\/thiagopessoa.com\/pt_br\/shop\/joias\/pulseira\/joias-pulseira-west\/\" \/>\n<meta property=\"og:locale\" content=\"pt_BR\" \/>\n<meta property=\"og:type\" content=\"article\" \/>\n<meta property=\"og:title\" content=\"Pulseira West - Thiago Pessoa\" \/>\n<meta property=\"og:description\" content=\"Pulseira produzida de maneira artesanal com t\u00e9cnicas tradicionais da ourivesaria, em ouro 18k e couro, personaliza\u00e7\u00e3o a escolha do cliente.\" \/>\n<meta property=\"og:url\" content=\"https:\/\/thiagopessoa.com\/pt_br\/shop\/joias\/pulseira\/joias-pulseira-west\/\" \/>\n<meta property=\"og:site_name\" content=\"Thiago Pessoa\" \/>\n<meta property=\"article:modified_time\" content=\"2025-04-15T21:00:50+00:00\" \/>\n<meta property=\"og:image\" content=\"http:\/\/thiagopessoa.com\/wp-content\/uploads\/2023\/11\/Pulseira-West.png\" \/>\n\t<meta property=\"og:image:width\" content=\"1080\" \/>\n\t<meta property=\"og:image:height\" content=\"1350\" \/>\n\t<meta property=\"og:image:type\" content=\"image\/png\" \/>\n<meta name=\"twitter:card\" content=\"summary_large_image\" \/>\n<meta name=\"twitter:label1\" content=\"Est. tempo de leitura\" \/>\n\t<meta name=\"twitter:data1\" content=\"1 minuto\" \/>\n<script type=\"application\/ld+json\" class=\"yoast-schema-graph\">{\"@context\":\"https:\/\/schema.org\",\"@graph\":[{\"@type\":\"WebPage\",\"@id\":\"https:\/\/thiagopessoa.com\/shop\/joias\/pulseira\/joias-pulseira-west\/\",\"url\":\"https:\/\/thiagopessoa.com\/shop\/joias\/pulseira\/joias-pulseira-west\/\",\"name\":\"Pulseira West - Thiago Pessoa\",\"isPartOf\":{\"@id\":\"https:\/\/thiagopessoa.com\/#website\"},\"primaryImageOfPage\":{\"@id\":\"https:\/\/thiagopessoa.com\/shop\/joias\/pulseira\/joias-pulseira-west\/#primaryimage\"},\"image\":{\"@id\":\"https:\/\/thiagopessoa.com\/shop\/joias\/pulseira\/joias-pulseira-west\/#primaryimage\"},\"thumbnailUrl\":\"https:\/\/thiagopessoa.com\/wp-content\/uploads\/2023\/11\/Pulseira-West.png\",\"datePublished\":\"2023-11-02T15:59:42+00:00\",\"dateModified\":\"2025-04-15T21:00:50+00:00\",\"description\":\"Pulseira produzida de maneira artesanal com t\u00e9cnicas tradicionais da ourivesaria, em ouro 18k e couro, personaliza\u00e7\u00e3o a escolha do cliente.\",\"breadcrumb\":{\"@id\":\"https:\/\/thiagopessoa.com\/shop\/joias\/pulseira\/joias-pulseira-west\/#breadcrumb\"},\"inLanguage\":\"pt-BR\",\"potentialAction\":[{\"@type\":\"ReadAction\",\"target\":[\"https:\/\/thiagopessoa.com\/shop\/joias\/pulseira\/joias-pulseira-west\/\"]}]},{\"@type\":\"ImageObject\",\"inLanguage\":\"pt-BR\",\"@id\":\"https:\/\/thiagopessoa.com\/shop\/joias\/pulseira\/joias-pulseira-west\/#primaryimage\",\"url\":\"https:\/\/thiagopessoa.com\/wp-content\/uploads\/2023\/11\/Pulseira-West.png\",\"contentUrl\":\"https:\/\/thiagopessoa.com\/wp-content\/uploads\/2023\/11\/Pulseira-West.png\",\"width\":1080,\"height\":1350},{\"@type\":\"BreadcrumbList\",\"@id\":\"https:\/\/thiagopessoa.com\/shop\/joias\/pulseira\/joias-pulseira-west\/#breadcrumb\",\"itemListElement\":[{\"@type\":\"ListItem\",\"position\":1,\"name\":\"In\u00edcio\",\"item\":\"https:\/\/thiagopessoa.com\/pt_br\/\"},{\"@type\":\"ListItem\",\"position\":2,\"name\":\"Shop\",\"item\":\"https:\/\/thiagopessoa.com\/shop\/\"},{\"@type\":\"ListItem\",\"position\":3,\"name\":\"Joias\",\"item\":\"https:\/\/thiagopessoa.com\/product-category\/joias\/\"},{\"@type\":\"ListItem\",\"position\":4,\"name\":\"Pulseira West\"}]},{\"@type\":\"WebSite\",\"@id\":\"https:\/\/thiagopessoa.com\/#website\",\"url\":\"https:\/\/thiagopessoa.com\/\",\"name\":\"Loja Thiago Pessoa\",\"description\":\"Ourives e Designer de Joias\",\"publisher\":{\"@id\":\"https:\/\/thiagopessoa.com\/#organization\"},\"alternateName\":\"Thiago Pessoa\",\"potentialAction\":[{\"@type\":\"SearchAction\",\"target\":{\"@type\":\"EntryPoint\",\"urlTemplate\":\"https:\/\/thiagopessoa.com\/?s={search_term_string}\"},\"query-input\":{\"@type\":\"PropertyValueSpecification\",\"valueRequired\":true,\"valueName\":\"search_term_string\"}}],\"inLanguage\":\"pt-BR\"},{\"@type\":\"Organization\",\"@id\":\"https:\/\/thiagopessoa.com\/#organization\",\"name\":\"Thiago Pessoa Ourivesaria & Design de joias e alian\u00e7as exclusivas e personalizadas.\",\"alternateName\":\"Thiago Pessoa Ourivesaria & Design de joias e alian\u00e7as exclusivas e personalizadas.\",\"url\":\"https:\/\/thiagopessoa.com\/\",\"logo\":{\"@type\":\"ImageObject\",\"inLanguage\":\"pt-BR\",\"@id\":\"https:\/\/thiagopessoa.com\/#\/schema\/logo\/image\/\",\"url\":\"http:\/\/thiagopessoa.com\/wp-content\/uploads\/2022\/12\/SUPERHORIZONTAL_PRETO.png\",\"contentUrl\":\"http:\/\/thiagopessoa.com\/wp-content\/uploads\/2022\/12\/SUPERHORIZONTAL_PRETO.png\",\"width\":2226,\"height\":622,\"caption\":\"Thiago Pessoa Ourivesaria & Design de joias e alian\u00e7as exclusivas e personalizadas.\"},\"image\":{\"@id\":\"https:\/\/thiagopessoa.com\/#\/schema\/logo\/image\/\"},\"sameAs\":[\"https:\/\/www.instagram.com\/thiagopessoajoias\/\"]}]}<\/script>\n<!-- \/ Yoast SEO plugin. -->","yoast_head_json":{"title":"Pulseira West - Thiago Pessoa","description":"Pulseira produzida de maneira artesanal com t\u00e9cnicas tradicionais da ourivesaria, em ouro 18k e couro, personaliza\u00e7\u00e3o a escolha do cliente.","robots":{"index":"index","follow":"follow","max-snippet":"max-snippet:-1","max-image-preview":"max-image-preview:large","max-video-preview":"max-video-preview:-1"},"canonical":"https:\/\/thiagopessoa.com\/pt_br\/shop\/joias\/pulseira\/joias-pulseira-west\/","og_locale":"pt_BR","og_type":"article","og_title":"Pulseira West - Thiago Pessoa","og_description":"Pulseira produzida de maneira artesanal com t\u00e9cnicas tradicionais da ourivesaria, em ouro 18k e couro, personaliza\u00e7\u00e3o a escolha do cliente.","og_url":"https:\/\/thiagopessoa.com\/pt_br\/shop\/joias\/pulseira\/joias-pulseira-west\/","og_site_name":"Thiago Pessoa","article_modified_time":"2025-04-15T21:00:50+00:00","og_image":[{"width":1080,"height":1350,"url":"http:\/\/thiagopessoa.com\/wp-content\/uploads\/2023\/11\/Pulseira-West.png","type":"image\/png"}],"twitter_card":"summary_large_image","twitter_misc":{"Est. tempo de leitura":"1 minuto"},"schema":{"@context":"https:\/\/schema.org","@graph":[{"@type":"WebPage","@id":"https:\/\/thiagopessoa.com\/shop\/joias\/pulseira\/joias-pulseira-west\/","url":"https:\/\/thiagopessoa.com\/shop\/joias\/pulseira\/joias-pulseira-west\/","name":"Pulseira West - Thiago Pessoa","isPartOf":{"@id":"https:\/\/thiagopessoa.com\/#website"},"primaryImageOfPage":{"@id":"https:\/\/thiagopessoa.com\/shop\/joias\/pulseira\/joias-pulseira-west\/#primaryimage"},"image":{"@id":"https:\/\/thiagopessoa.com\/shop\/joias\/pulseira\/joias-pulseira-west\/#primaryimage"},"thumbnailUrl":"https:\/\/thiagopessoa.com\/wp-content\/uploads\/2023\/11\/Pulseira-West.png","datePublished":"2023-11-02T15:59:42+00:00","dateModified":"2025-04-15T21:00:50+00:00","description":"Pulseira produzida de maneira artesanal com t\u00e9cnicas tradicionais da ourivesaria, em ouro 18k e couro, personaliza\u00e7\u00e3o a escolha do cliente.","breadcrumb":{"@id":"https:\/\/thiagopessoa.com\/shop\/joias\/pulseira\/joias-pulseira-west\/#breadcrumb"},"inLanguage":"pt-BR","potentialAction":[{"@type":"ReadAction","target":["https:\/\/thiagopessoa.com\/shop\/joias\/pulseira\/joias-pulseira-west\/"]}]},{"@type":"ImageObject","inLanguage":"pt-BR","@id":"https:\/\/thiagopessoa.com\/shop\/joias\/pulseira\/joias-pulseira-west\/#primaryimage","url":"https:\/\/thiagopessoa.com\/wp-content\/uploads\/2023\/11\/Pulseira-West.png","contentUrl":"https:\/\/thiagopessoa.com\/wp-content\/uploads\/2023\/11\/Pulseira-West.png","width":1080,"height":1350},{"@type":"BreadcrumbList","@id":"https:\/\/thiagopessoa.com\/shop\/joias\/pulseira\/joias-pulseira-west\/#breadcrumb","itemListElement":[{"@type":"ListItem","position":1,"name":"In\u00edcio","item":"https:\/\/thiagopessoa.com\/pt_br\/"},{"@type":"ListItem","position":2,"name":"Shop","item":"https:\/\/thiagopessoa.com\/shop\/"},{"@type":"ListItem","position":3,"name":"Joias","item":"https:\/\/thiagopessoa.com\/product-category\/joias\/"},{"@type":"ListItem","position":4,"name":"Pulseira West"}]},{"@type":"WebSite","@id":"https:\/\/thiagopessoa.com\/#website","url":"https:\/\/thiagopessoa.com\/","name":"Loja Thiago Pessoa","description":"Ourives e Designer de Joias","publisher":{"@id":"https:\/\/thiagopessoa.com\/#organization"},"alternateName":"Thiago Pessoa","potentialAction":[{"@type":"SearchAction","target":{"@type":"EntryPoint","urlTemplate":"https:\/\/thiagopessoa.com\/?s={search_term_string}"},"query-input":{"@type":"PropertyValueSpecification","valueRequired":true,"valueName":"search_term_string"}}],"inLanguage":"pt-BR"},{"@type":"Organization","@id":"https:\/\/thiagopessoa.com\/#organization","name":"Thiago Pessoa Ourivesaria & Design de joias e alian\u00e7as exclusivas e personalizadas.","alternateName":"Thiago Pessoa Ourivesaria & Design de joias e alian\u00e7as exclusivas e personalizadas.","url":"https:\/\/thiagopessoa.com\/","logo":{"@type":"ImageObject","inLanguage":"pt-BR","@id":"https:\/\/thiagopessoa.com\/#\/schema\/logo\/image\/","url":"http:\/\/thiagopessoa.com\/wp-content\/uploads\/2022\/12\/SUPERHORIZONTAL_PRETO.png","contentUrl":"http:\/\/thiagopessoa.com\/wp-content\/uploads\/2022\/12\/SUPERHORIZONTAL_PRETO.png","width":2226,"height":622,"caption":"Thiago Pessoa Ourivesaria & Design de joias e alian\u00e7as exclusivas e personalizadas."},"image":{"@id":"https:\/\/thiagopessoa.com\/#\/schema\/logo\/image\/"},"sameAs":["https:\/\/www.instagram.com\/thiagopessoajoias\/"]}]}},"_links":{"self":[{"href":"https:\/\/thiagopessoa.com\/pt_br\/wp-json\/wp\/v2\/product\/7668","targetHints":{"allow":["GET"]}}],"collection":[{"href":"https:\/\/thiagopessoa.com\/pt_br\/wp-json\/wp\/v2\/product"}],"about":[{"href":"https:\/\/thiagopessoa.com\/pt_br\/wp-json\/wp\/v2\/types\/product"}],"wp:featuredmedia":[{"embeddable":true,"href":"https:\/\/thiagopessoa.com\/pt_br\/wp-json\/wp\/v2\/media\/11403"}],"wp:attachment":[{"href":"https:\/\/thiagopessoa.com\/pt_br\/wp-json\/wp\/v2\/media?parent=7668"}],"wp:term":[{"taxonomy":"product_brand","embeddable":true,"href":"https:\/\/thiagopessoa.com\/pt_br\/wp-json\/wp\/v2\/product_brand?post=7668"},{"taxonomy":"product_cat","embeddable":true,"href":"https:\/\/thiagopessoa.com\/pt_br\/wp-json\/wp\/v2\/product_cat?post=7668"},{"taxonomy":"product_tag","embeddable":true,"href":"https:\/\/thiagopessoa.com\/pt_br\/wp-json\/wp\/v2\/product_tag?post=7668"}],"curies":[{"name":"wp","href":"https:\/\/api.w.org\/{rel}","templated":true}]}}