{"id":7621,"date":"2023-10-19T04:52:49","date_gmt":"2023-10-19T04:52:49","guid":{"rendered":"https:\/\/thiagopessoa.com\/?post_type=product&#038;p=7621"},"modified":"2025-04-15T21:07:58","modified_gmt":"2025-04-15T21:07:58","slug":"anel-aparador-nice-casamento-noivas","status":"publish","type":"product","link":"https:\/\/thiagopessoa.com\/pt_br\/shop\/joias\/aneis\/anel-aparador-nice-casamento-noivas\/","title":{"rendered":"Aparador Nice"},"content":{"rendered":"<p>Aparador com volta inteira em moissanitas, confeccionado por Thiago Pessoa de maneira artesanal, utilizando t\u00e9cnicas tradicionais da ourivesaria.<\/p>\n<p><strong>Moissanita<\/strong> \u00e9 um mineral raro, natural tamb\u00e9m conhecido como carboneto de sil\u00edcio, sua beleza chamativa, foi descoberta pelo qu\u00edmico ganhador do Pr\u00eamio Nobel, Dr. Henri Moissan, dentro da cratera de um meteorito que caiu no Arizona, por seu brilho lembrar os cl\u00e1ssicos diamantes, ela se tornou uma \u00f3tima op\u00e7\u00e3o substitutiva nos an\u00e9is de noivado, por causa de sua incompar\u00e1vel acessibilidade.<\/p>\n","protected":false},"excerpt":{"rendered":"<p>Anel aparador em ouro branco 18k com volta inteira de moissanitas de 1 pts.<\/p>\n","protected":false},"featured_media":11445,"template":"","meta":{"_monsterinsights_skip_tracking":false,"_monsterinsights_sitenote_active":false,"_monsterinsights_sitenote_note":"","_monsterinsights_sitenote_category":0},"product_brand":[],"product_cat":[121,130,117,1032],"product_tag":[1009,1004,1010,956,1003,970,958,955,1007,1008,957],"class_list":{"0":"post-7621","1":"product","2":"type-product","3":"status-publish","4":"has-post-thumbnail","6":"product_cat-aneis","7":"product_cat-casamento","8":"product_cat-joias","9":"product_cat-moissanita","10":"product_tag-anel-de-casamento","11":"product_tag-anel-de-noivado","12":"product_tag-bodas-de-casamento","13":"product_tag-casamento","14":"product_tag-joias-de-luxo","15":"product_tag-joias-femininas","16":"product_tag-mulheres","17":"product_tag-noivas","18":"product_tag-ourives","19":"product_tag-ourivesaria","20":"product_tag-presente","22":"first","23":"instock","24":"shipping-taxable","25":"purchasable","26":"product-type-variable"},"yoast_head":"<!-- This site is optimized with the Yoast SEO plugin v26.3 - https:\/\/yoast.com\/wordpress\/plugins\/seo\/ -->\n<title>Aparador Nice - Thiago Pessoa<\/title>\n<meta name=\"description\" content=\"Aparador com volta inteira em moissanitas, confeccionado por Thiago Pessoa de maneira artesanal, utilizando t\u00e9cnicas tradicionais da ourivesaria em ouro branco 18k com volta inteira de moissanitas de 1 pts.\" \/>\n<meta name=\"robots\" content=\"index, follow, max-snippet:-1, max-image-preview:large, max-video-preview:-1\" \/>\n<link rel=\"canonical\" href=\"https:\/\/thiagopessoa.com\/pt_br\/shop\/joias\/aneis\/anel-aparador-nice-casamento-noivas\/\" \/>\n<meta property=\"og:locale\" content=\"pt_BR\" \/>\n<meta property=\"og:type\" content=\"article\" \/>\n<meta property=\"og:title\" content=\"Aparador Nice - Thiago Pessoa\" \/>\n<meta property=\"og:description\" content=\"Aparador com volta inteira em moissanitas, confeccionado por Thiago Pessoa de maneira artesanal, utilizando t\u00e9cnicas tradicionais da ourivesaria em ouro branco 18k com volta inteira de moissanitas de 1 pts.\" \/>\n<meta property=\"og:url\" content=\"https:\/\/thiagopessoa.com\/pt_br\/shop\/joias\/aneis\/anel-aparador-nice-casamento-noivas\/\" \/>\n<meta property=\"og:site_name\" content=\"Thiago Pessoa\" \/>\n<meta property=\"article:modified_time\" content=\"2025-04-15T21:07:58+00:00\" \/>\n<meta property=\"og:image\" content=\"http:\/\/thiagopessoa.com\/wp-content\/uploads\/2023\/10\/APARADOR.png\" \/>\n\t<meta property=\"og:image:width\" content=\"1080\" \/>\n\t<meta property=\"og:image:height\" content=\"1350\" \/>\n\t<meta property=\"og:image:type\" content=\"image\/png\" \/>\n<meta name=\"twitter:card\" content=\"summary_large_image\" \/>\n<meta name=\"twitter:label1\" content=\"Est. tempo de leitura\" \/>\n\t<meta name=\"twitter:data1\" content=\"1 minuto\" \/>\n<script type=\"application\/ld+json\" class=\"yoast-schema-graph\">{\"@context\":\"https:\/\/schema.org\",\"@graph\":[{\"@type\":\"WebPage\",\"@id\":\"https:\/\/thiagopessoa.com\/shop\/joias\/aneis\/anel-aparador-nice-casamento-noivas\/\",\"url\":\"https:\/\/thiagopessoa.com\/shop\/joias\/aneis\/anel-aparador-nice-casamento-noivas\/\",\"name\":\"Aparador Nice - Thiago Pessoa\",\"isPartOf\":{\"@id\":\"https:\/\/thiagopessoa.com\/#website\"},\"primaryImageOfPage\":{\"@id\":\"https:\/\/thiagopessoa.com\/shop\/joias\/aneis\/anel-aparador-nice-casamento-noivas\/#primaryimage\"},\"image\":{\"@id\":\"https:\/\/thiagopessoa.com\/shop\/joias\/aneis\/anel-aparador-nice-casamento-noivas\/#primaryimage\"},\"thumbnailUrl\":\"https:\/\/thiagopessoa.com\/wp-content\/uploads\/2023\/10\/APARADOR.png\",\"datePublished\":\"2023-10-19T04:52:49+00:00\",\"dateModified\":\"2025-04-15T21:07:58+00:00\",\"description\":\"Aparador com volta inteira em moissanitas, confeccionado por Thiago Pessoa de maneira artesanal, utilizando t\u00e9cnicas tradicionais da ourivesaria em ouro branco 18k com volta inteira de moissanitas de 1 pts.\",\"breadcrumb\":{\"@id\":\"https:\/\/thiagopessoa.com\/shop\/joias\/aneis\/anel-aparador-nice-casamento-noivas\/#breadcrumb\"},\"inLanguage\":\"pt-BR\",\"potentialAction\":[{\"@type\":\"ReadAction\",\"target\":[\"https:\/\/thiagopessoa.com\/shop\/joias\/aneis\/anel-aparador-nice-casamento-noivas\/\"]}]},{\"@type\":\"ImageObject\",\"inLanguage\":\"pt-BR\",\"@id\":\"https:\/\/thiagopessoa.com\/shop\/joias\/aneis\/anel-aparador-nice-casamento-noivas\/#primaryimage\",\"url\":\"https:\/\/thiagopessoa.com\/wp-content\/uploads\/2023\/10\/APARADOR.png\",\"contentUrl\":\"https:\/\/thiagopessoa.com\/wp-content\/uploads\/2023\/10\/APARADOR.png\",\"width\":1080,\"height\":1350},{\"@type\":\"BreadcrumbList\",\"@id\":\"https:\/\/thiagopessoa.com\/shop\/joias\/aneis\/anel-aparador-nice-casamento-noivas\/#breadcrumb\",\"itemListElement\":[{\"@type\":\"ListItem\",\"position\":1,\"name\":\"In\u00edcio\",\"item\":\"https:\/\/thiagopessoa.com\/pt_br\/\"},{\"@type\":\"ListItem\",\"position\":2,\"name\":\"Shop\",\"item\":\"https:\/\/thiagopessoa.com\/shop\/\"},{\"@type\":\"ListItem\",\"position\":3,\"name\":\"Casamento\",\"item\":\"https:\/\/thiagopessoa.com\/product-category\/casamento\/\"},{\"@type\":\"ListItem\",\"position\":4,\"name\":\"Aparador Nice\"}]},{\"@type\":\"WebSite\",\"@id\":\"https:\/\/thiagopessoa.com\/#website\",\"url\":\"https:\/\/thiagopessoa.com\/\",\"name\":\"Loja Thiago Pessoa\",\"description\":\"Ourives e Designer de Joias\",\"publisher\":{\"@id\":\"https:\/\/thiagopessoa.com\/#organization\"},\"alternateName\":\"Thiago Pessoa\",\"potentialAction\":[{\"@type\":\"SearchAction\",\"target\":{\"@type\":\"EntryPoint\",\"urlTemplate\":\"https:\/\/thiagopessoa.com\/?s={search_term_string}\"},\"query-input\":{\"@type\":\"PropertyValueSpecification\",\"valueRequired\":true,\"valueName\":\"search_term_string\"}}],\"inLanguage\":\"pt-BR\"},{\"@type\":\"Organization\",\"@id\":\"https:\/\/thiagopessoa.com\/#organization\",\"name\":\"Thiago Pessoa Ourivesaria & Design de joias e alian\u00e7as exclusivas e personalizadas.\",\"alternateName\":\"Thiago Pessoa Ourivesaria & Design de joias e alian\u00e7as exclusivas e personalizadas.\",\"url\":\"https:\/\/thiagopessoa.com\/\",\"logo\":{\"@type\":\"ImageObject\",\"inLanguage\":\"pt-BR\",\"@id\":\"https:\/\/thiagopessoa.com\/#\/schema\/logo\/image\/\",\"url\":\"http:\/\/thiagopessoa.com\/wp-content\/uploads\/2022\/12\/SUPERHORIZONTAL_PRETO.png\",\"contentUrl\":\"http:\/\/thiagopessoa.com\/wp-content\/uploads\/2022\/12\/SUPERHORIZONTAL_PRETO.png\",\"width\":2226,\"height\":622,\"caption\":\"Thiago Pessoa Ourivesaria & Design de joias e alian\u00e7as exclusivas e personalizadas.\"},\"image\":{\"@id\":\"https:\/\/thiagopessoa.com\/#\/schema\/logo\/image\/\"},\"sameAs\":[\"https:\/\/www.instagram.com\/thiagopessoajoias\/\"]}]}<\/script>\n<!-- \/ Yoast SEO plugin. -->","yoast_head_json":{"title":"Aparador Nice - Thiago Pessoa","description":"Aparador com volta inteira em moissanitas, confeccionado por Thiago Pessoa de maneira artesanal, utilizando t\u00e9cnicas tradicionais da ourivesaria em ouro branco 18k com volta inteira de moissanitas de 1 pts.","robots":{"index":"index","follow":"follow","max-snippet":"max-snippet:-1","max-image-preview":"max-image-preview:large","max-video-preview":"max-video-preview:-1"},"canonical":"https:\/\/thiagopessoa.com\/pt_br\/shop\/joias\/aneis\/anel-aparador-nice-casamento-noivas\/","og_locale":"pt_BR","og_type":"article","og_title":"Aparador Nice - Thiago Pessoa","og_description":"Aparador com volta inteira em moissanitas, confeccionado por Thiago Pessoa de maneira artesanal, utilizando t\u00e9cnicas tradicionais da ourivesaria em ouro branco 18k com volta inteira de moissanitas de 1 pts.","og_url":"https:\/\/thiagopessoa.com\/pt_br\/shop\/joias\/aneis\/anel-aparador-nice-casamento-noivas\/","og_site_name":"Thiago Pessoa","article_modified_time":"2025-04-15T21:07:58+00:00","og_image":[{"width":1080,"height":1350,"url":"http:\/\/thiagopessoa.com\/wp-content\/uploads\/2023\/10\/APARADOR.png","type":"image\/png"}],"twitter_card":"summary_large_image","twitter_misc":{"Est. tempo de leitura":"1 minuto"},"schema":{"@context":"https:\/\/schema.org","@graph":[{"@type":"WebPage","@id":"https:\/\/thiagopessoa.com\/shop\/joias\/aneis\/anel-aparador-nice-casamento-noivas\/","url":"https:\/\/thiagopessoa.com\/shop\/joias\/aneis\/anel-aparador-nice-casamento-noivas\/","name":"Aparador Nice - Thiago Pessoa","isPartOf":{"@id":"https:\/\/thiagopessoa.com\/#website"},"primaryImageOfPage":{"@id":"https:\/\/thiagopessoa.com\/shop\/joias\/aneis\/anel-aparador-nice-casamento-noivas\/#primaryimage"},"image":{"@id":"https:\/\/thiagopessoa.com\/shop\/joias\/aneis\/anel-aparador-nice-casamento-noivas\/#primaryimage"},"thumbnailUrl":"https:\/\/thiagopessoa.com\/wp-content\/uploads\/2023\/10\/APARADOR.png","datePublished":"2023-10-19T04:52:49+00:00","dateModified":"2025-04-15T21:07:58+00:00","description":"Aparador com volta inteira em moissanitas, confeccionado por Thiago Pessoa de maneira artesanal, utilizando t\u00e9cnicas tradicionais da ourivesaria em ouro branco 18k com volta inteira de moissanitas de 1 pts.","breadcrumb":{"@id":"https:\/\/thiagopessoa.com\/shop\/joias\/aneis\/anel-aparador-nice-casamento-noivas\/#breadcrumb"},"inLanguage":"pt-BR","potentialAction":[{"@type":"ReadAction","target":["https:\/\/thiagopessoa.com\/shop\/joias\/aneis\/anel-aparador-nice-casamento-noivas\/"]}]},{"@type":"ImageObject","inLanguage":"pt-BR","@id":"https:\/\/thiagopessoa.com\/shop\/joias\/aneis\/anel-aparador-nice-casamento-noivas\/#primaryimage","url":"https:\/\/thiagopessoa.com\/wp-content\/uploads\/2023\/10\/APARADOR.png","contentUrl":"https:\/\/thiagopessoa.com\/wp-content\/uploads\/2023\/10\/APARADOR.png","width":1080,"height":1350},{"@type":"BreadcrumbList","@id":"https:\/\/thiagopessoa.com\/shop\/joias\/aneis\/anel-aparador-nice-casamento-noivas\/#breadcrumb","itemListElement":[{"@type":"ListItem","position":1,"name":"In\u00edcio","item":"https:\/\/thiagopessoa.com\/pt_br\/"},{"@type":"ListItem","position":2,"name":"Shop","item":"https:\/\/thiagopessoa.com\/shop\/"},{"@type":"ListItem","position":3,"name":"Casamento","item":"https:\/\/thiagopessoa.com\/product-category\/casamento\/"},{"@type":"ListItem","position":4,"name":"Aparador Nice"}]},{"@type":"WebSite","@id":"https:\/\/thiagopessoa.com\/#website","url":"https:\/\/thiagopessoa.com\/","name":"Loja Thiago Pessoa","description":"Ourives e Designer de Joias","publisher":{"@id":"https:\/\/thiagopessoa.com\/#organization"},"alternateName":"Thiago Pessoa","potentialAction":[{"@type":"SearchAction","target":{"@type":"EntryPoint","urlTemplate":"https:\/\/thiagopessoa.com\/?s={search_term_string}"},"query-input":{"@type":"PropertyValueSpecification","valueRequired":true,"valueName":"search_term_string"}}],"inLanguage":"pt-BR"},{"@type":"Organization","@id":"https:\/\/thiagopessoa.com\/#organization","name":"Thiago Pessoa Ourivesaria & Design de joias e alian\u00e7as exclusivas e personalizadas.","alternateName":"Thiago Pessoa Ourivesaria & Design de joias e alian\u00e7as exclusivas e personalizadas.","url":"https:\/\/thiagopessoa.com\/","logo":{"@type":"ImageObject","inLanguage":"pt-BR","@id":"https:\/\/thiagopessoa.com\/#\/schema\/logo\/image\/","url":"http:\/\/thiagopessoa.com\/wp-content\/uploads\/2022\/12\/SUPERHORIZONTAL_PRETO.png","contentUrl":"http:\/\/thiagopessoa.com\/wp-content\/uploads\/2022\/12\/SUPERHORIZONTAL_PRETO.png","width":2226,"height":622,"caption":"Thiago Pessoa Ourivesaria & Design de joias e alian\u00e7as exclusivas e personalizadas."},"image":{"@id":"https:\/\/thiagopessoa.com\/#\/schema\/logo\/image\/"},"sameAs":["https:\/\/www.instagram.com\/thiagopessoajoias\/"]}]}},"_links":{"self":[{"href":"https:\/\/thiagopessoa.com\/pt_br\/wp-json\/wp\/v2\/product\/7621","targetHints":{"allow":["GET"]}}],"collection":[{"href":"https:\/\/thiagopessoa.com\/pt_br\/wp-json\/wp\/v2\/product"}],"about":[{"href":"https:\/\/thiagopessoa.com\/pt_br\/wp-json\/wp\/v2\/types\/product"}],"wp:featuredmedia":[{"embeddable":true,"href":"https:\/\/thiagopessoa.com\/pt_br\/wp-json\/wp\/v2\/media\/11445"}],"wp:attachment":[{"href":"https:\/\/thiagopessoa.com\/pt_br\/wp-json\/wp\/v2\/media?parent=7621"}],"wp:term":[{"taxonomy":"product_brand","embeddable":true,"href":"https:\/\/thiagopessoa.com\/pt_br\/wp-json\/wp\/v2\/product_brand?post=7621"},{"taxonomy":"product_cat","embeddable":true,"href":"https:\/\/thiagopessoa.com\/pt_br\/wp-json\/wp\/v2\/product_cat?post=7621"},{"taxonomy":"product_tag","embeddable":true,"href":"https:\/\/thiagopessoa.com\/pt_br\/wp-json\/wp\/v2\/product_tag?post=7621"}],"curies":[{"name":"wp","href":"https:\/\/api.w.org\/{rel}","templated":true}]}}