{"id":7566,"date":"2023-10-13T00:48:36","date_gmt":"2023-10-13T00:48:36","guid":{"rendered":"https:\/\/thiagopessoa.com\/?post_type=product&#038;p=7566"},"modified":"2025-03-12T00:03:37","modified_gmt":"2025-03-12T00:03:37","slug":"joias-brinco-duo-marie","status":"publish","type":"product","link":"https:\/\/thiagopessoa.com\/pt_br\/shop\/joias\/brincos\/joias-brinco-duo-marie\/","title":{"rendered":"Brinco Duo marie"},"content":{"rendered":"<p>Brinco vers\u00e1til e sofisticado.<br \/>\nProduzido em prata 950 com banho de ouro amarelo de 20 mil\u00e9simos.<\/p>\n<p>Brinco enviado apenas com a per\u00f3la sint\u00e9tica.<\/p>\n","protected":false},"excerpt":{"rendered":"<p>Brinco 2 em 1 ! Sofisticado e vers\u00e1til<\/p>\n<p>Use de maneira exuberante com a pedra e o leque, ou utilize de maneira cl\u00e1ssica somente com a per\u00f3la.<\/p>\n","protected":false},"featured_media":9331,"template":"","meta":{"_monsterinsights_skip_tracking":false,"_monsterinsights_sitenote_active":false,"_monsterinsights_sitenote_note":"","_monsterinsights_sitenote_category":0},"product_brand":[],"product_cat":[118,117],"product_tag":[971,1003,955,1002,1001],"class_list":{"0":"post-7566","1":"product","2":"type-product","3":"status-publish","4":"has-post-thumbnail","6":"product_cat-brincos","7":"product_cat-joias","8":"product_tag-brincos","9":"product_tag-joias-de-luxo","10":"product_tag-noivas","11":"product_tag-thiago-pessoa-joias","12":"product_tag-versatil","14":"first","15":"instock","16":"shipping-taxable","17":"purchasable","18":"product-type-simple"},"yoast_head":"<!-- This site is optimized with the Yoast SEO plugin v27.4 - https:\/\/yoast.com\/product\/yoast-seo-wordpress\/ -->\n<title>Brinco Duo marie - Thiago Pessoa<\/title>\n<meta name=\"robots\" content=\"index, follow, max-snippet:-1, max-image-preview:large, max-video-preview:-1\" \/>\n<link rel=\"canonical\" href=\"https:\/\/thiagopessoa.com\/pt_br\/shop\/joias\/brincos\/joias-brinco-duo-marie\/\" \/>\n<meta property=\"og:locale\" content=\"pt_BR\" \/>\n<meta property=\"og:type\" content=\"article\" \/>\n<meta property=\"og:title\" content=\"Brinco Duo marie - Thiago Pessoa\" \/>\n<meta property=\"og:description\" content=\"Brinco 2 em 1 ! Sofisticado e vers\u00e1til  Use de maneira exuberante com a pedra e o leque, ou utilize de maneira cl\u00e1ssica somente com a per\u00f3la.\" \/>\n<meta property=\"og:url\" content=\"https:\/\/thiagopessoa.com\/pt_br\/shop\/joias\/brincos\/joias-brinco-duo-marie\/\" \/>\n<meta property=\"og:site_name\" content=\"Thiago Pessoa\" \/>\n<meta property=\"article:modified_time\" content=\"2025-03-12T00:03:37+00:00\" \/>\n<meta property=\"og:image\" content=\"http:\/\/thiagopessoa.com\/wp-content\/uploads\/2024\/03\/Brinco-Duo-marie.png\" \/>\n\t<meta property=\"og:image:width\" content=\"1080\" \/>\n\t<meta property=\"og:image:height\" content=\"1350\" \/>\n\t<meta property=\"og:image:type\" content=\"image\/png\" \/>\n<meta name=\"twitter:card\" content=\"summary_large_image\" \/>\n<meta name=\"twitter:label1\" content=\"Est. tempo de leitura\" \/>\n\t<meta name=\"twitter:data1\" content=\"1 minuto\" \/>\n<script type=\"application\/ld+json\" class=\"yoast-schema-graph\">{\"@context\":\"https:\\\/\\\/schema.org\",\"@graph\":[{\"@type\":\"WebPage\",\"@id\":\"https:\\\/\\\/thiagopessoa.com\\\/shop\\\/joias\\\/brincos\\\/joias-brinco-duo-marie\\\/\",\"url\":\"https:\\\/\\\/thiagopessoa.com\\\/shop\\\/joias\\\/brincos\\\/joias-brinco-duo-marie\\\/\",\"name\":\"Brinco Duo marie - Thiago Pessoa\",\"isPartOf\":{\"@id\":\"https:\\\/\\\/thiagopessoa.com\\\/#website\"},\"primaryImageOfPage\":{\"@id\":\"https:\\\/\\\/thiagopessoa.com\\\/shop\\\/joias\\\/brincos\\\/joias-brinco-duo-marie\\\/#primaryimage\"},\"image\":{\"@id\":\"https:\\\/\\\/thiagopessoa.com\\\/shop\\\/joias\\\/brincos\\\/joias-brinco-duo-marie\\\/#primaryimage\"},\"thumbnailUrl\":\"https:\\\/\\\/thiagopessoa.com\\\/wp-content\\\/uploads\\\/2024\\\/03\\\/Brinco-Duo-marie.png\",\"datePublished\":\"2023-10-13T00:48:36+00:00\",\"dateModified\":\"2025-03-12T00:03:37+00:00\",\"breadcrumb\":{\"@id\":\"https:\\\/\\\/thiagopessoa.com\\\/shop\\\/joias\\\/brincos\\\/joias-brinco-duo-marie\\\/#breadcrumb\"},\"inLanguage\":\"pt-BR\",\"potentialAction\":[{\"@type\":\"ReadAction\",\"target\":[\"https:\\\/\\\/thiagopessoa.com\\\/shop\\\/joias\\\/brincos\\\/joias-brinco-duo-marie\\\/\"]}]},{\"@type\":\"ImageObject\",\"inLanguage\":\"pt-BR\",\"@id\":\"https:\\\/\\\/thiagopessoa.com\\\/shop\\\/joias\\\/brincos\\\/joias-brinco-duo-marie\\\/#primaryimage\",\"url\":\"https:\\\/\\\/thiagopessoa.com\\\/wp-content\\\/uploads\\\/2024\\\/03\\\/Brinco-Duo-marie.png\",\"contentUrl\":\"https:\\\/\\\/thiagopessoa.com\\\/wp-content\\\/uploads\\\/2024\\\/03\\\/Brinco-Duo-marie.png\",\"width\":1080,\"height\":1350},{\"@type\":\"BreadcrumbList\",\"@id\":\"https:\\\/\\\/thiagopessoa.com\\\/shop\\\/joias\\\/brincos\\\/joias-brinco-duo-marie\\\/#breadcrumb\",\"itemListElement\":[{\"@type\":\"ListItem\",\"position\":1,\"name\":\"In\u00edcio\",\"item\":\"https:\\\/\\\/thiagopessoa.com\\\/pt_br\\\/\"},{\"@type\":\"ListItem\",\"position\":2,\"name\":\"Shop\",\"item\":\"https:\\\/\\\/thiagopessoa.com\\\/shop\\\/\"},{\"@type\":\"ListItem\",\"position\":3,\"name\":\"Joias\",\"item\":\"https:\\\/\\\/thiagopessoa.com\\\/product-category\\\/joias\\\/\"},{\"@type\":\"ListItem\",\"position\":4,\"name\":\"Brinco Duo marie\"}]},{\"@type\":\"WebSite\",\"@id\":\"https:\\\/\\\/thiagopessoa.com\\\/#website\",\"url\":\"https:\\\/\\\/thiagopessoa.com\\\/\",\"name\":\"Loja Thiago Pessoa\",\"description\":\"Ourives e Designer de Joias\",\"publisher\":{\"@id\":\"https:\\\/\\\/thiagopessoa.com\\\/#organization\"},\"alternateName\":\"Thiago Pessoa\",\"potentialAction\":[{\"@type\":\"SearchAction\",\"target\":{\"@type\":\"EntryPoint\",\"urlTemplate\":\"https:\\\/\\\/thiagopessoa.com\\\/?s={search_term_string}\"},\"query-input\":{\"@type\":\"PropertyValueSpecification\",\"valueRequired\":true,\"valueName\":\"search_term_string\"}}],\"inLanguage\":\"pt-BR\"},{\"@type\":\"Organization\",\"@id\":\"https:\\\/\\\/thiagopessoa.com\\\/#organization\",\"name\":\"Thiago Pessoa Ourivesaria & Design de joias e alian\u00e7as exclusivas e personalizadas.\",\"alternateName\":\"Thiago Pessoa Ourivesaria & Design de joias e alian\u00e7as exclusivas e personalizadas.\",\"url\":\"https:\\\/\\\/thiagopessoa.com\\\/\",\"logo\":{\"@type\":\"ImageObject\",\"inLanguage\":\"pt-BR\",\"@id\":\"https:\\\/\\\/thiagopessoa.com\\\/#\\\/schema\\\/logo\\\/image\\\/\",\"url\":\"http:\\\/\\\/thiagopessoa.com\\\/wp-content\\\/uploads\\\/2022\\\/12\\\/SUPERHORIZONTAL_PRETO.png\",\"contentUrl\":\"http:\\\/\\\/thiagopessoa.com\\\/wp-content\\\/uploads\\\/2022\\\/12\\\/SUPERHORIZONTAL_PRETO.png\",\"width\":2226,\"height\":622,\"caption\":\"Thiago Pessoa Ourivesaria & Design de joias e alian\u00e7as exclusivas e personalizadas.\"},\"image\":{\"@id\":\"https:\\\/\\\/thiagopessoa.com\\\/#\\\/schema\\\/logo\\\/image\\\/\"},\"sameAs\":[\"https:\\\/\\\/www.instagram.com\\\/thiagopessoajoias\\\/\"]}]}<\/script>\n<!-- \/ Yoast SEO plugin. -->","yoast_head_json":{"title":"Brinco Duo marie - Thiago Pessoa","robots":{"index":"index","follow":"follow","max-snippet":"max-snippet:-1","max-image-preview":"max-image-preview:large","max-video-preview":"max-video-preview:-1"},"canonical":"https:\/\/thiagopessoa.com\/pt_br\/shop\/joias\/brincos\/joias-brinco-duo-marie\/","og_locale":"pt_BR","og_type":"article","og_title":"Brinco Duo marie - Thiago Pessoa","og_description":"Brinco 2 em 1 ! Sofisticado e vers\u00e1til  Use de maneira exuberante com a pedra e o leque, ou utilize de maneira cl\u00e1ssica somente com a per\u00f3la.","og_url":"https:\/\/thiagopessoa.com\/pt_br\/shop\/joias\/brincos\/joias-brinco-duo-marie\/","og_site_name":"Thiago Pessoa","article_modified_time":"2025-03-12T00:03:37+00:00","og_image":[{"width":1080,"height":1350,"url":"http:\/\/thiagopessoa.com\/wp-content\/uploads\/2024\/03\/Brinco-Duo-marie.png","type":"image\/png"}],"twitter_card":"summary_large_image","twitter_misc":{"Est. tempo de leitura":"1 minuto"},"schema":{"@context":"https:\/\/schema.org","@graph":[{"@type":"WebPage","@id":"https:\/\/thiagopessoa.com\/shop\/joias\/brincos\/joias-brinco-duo-marie\/","url":"https:\/\/thiagopessoa.com\/shop\/joias\/brincos\/joias-brinco-duo-marie\/","name":"Brinco Duo marie - Thiago Pessoa","isPartOf":{"@id":"https:\/\/thiagopessoa.com\/#website"},"primaryImageOfPage":{"@id":"https:\/\/thiagopessoa.com\/shop\/joias\/brincos\/joias-brinco-duo-marie\/#primaryimage"},"image":{"@id":"https:\/\/thiagopessoa.com\/shop\/joias\/brincos\/joias-brinco-duo-marie\/#primaryimage"},"thumbnailUrl":"https:\/\/thiagopessoa.com\/wp-content\/uploads\/2024\/03\/Brinco-Duo-marie.png","datePublished":"2023-10-13T00:48:36+00:00","dateModified":"2025-03-12T00:03:37+00:00","breadcrumb":{"@id":"https:\/\/thiagopessoa.com\/shop\/joias\/brincos\/joias-brinco-duo-marie\/#breadcrumb"},"inLanguage":"pt-BR","potentialAction":[{"@type":"ReadAction","target":["https:\/\/thiagopessoa.com\/shop\/joias\/brincos\/joias-brinco-duo-marie\/"]}]},{"@type":"ImageObject","inLanguage":"pt-BR","@id":"https:\/\/thiagopessoa.com\/shop\/joias\/brincos\/joias-brinco-duo-marie\/#primaryimage","url":"https:\/\/thiagopessoa.com\/wp-content\/uploads\/2024\/03\/Brinco-Duo-marie.png","contentUrl":"https:\/\/thiagopessoa.com\/wp-content\/uploads\/2024\/03\/Brinco-Duo-marie.png","width":1080,"height":1350},{"@type":"BreadcrumbList","@id":"https:\/\/thiagopessoa.com\/shop\/joias\/brincos\/joias-brinco-duo-marie\/#breadcrumb","itemListElement":[{"@type":"ListItem","position":1,"name":"In\u00edcio","item":"https:\/\/thiagopessoa.com\/pt_br\/"},{"@type":"ListItem","position":2,"name":"Shop","item":"https:\/\/thiagopessoa.com\/shop\/"},{"@type":"ListItem","position":3,"name":"Joias","item":"https:\/\/thiagopessoa.com\/product-category\/joias\/"},{"@type":"ListItem","position":4,"name":"Brinco Duo marie"}]},{"@type":"WebSite","@id":"https:\/\/thiagopessoa.com\/#website","url":"https:\/\/thiagopessoa.com\/","name":"Loja Thiago Pessoa","description":"Ourives e Designer de Joias","publisher":{"@id":"https:\/\/thiagopessoa.com\/#organization"},"alternateName":"Thiago Pessoa","potentialAction":[{"@type":"SearchAction","target":{"@type":"EntryPoint","urlTemplate":"https:\/\/thiagopessoa.com\/?s={search_term_string}"},"query-input":{"@type":"PropertyValueSpecification","valueRequired":true,"valueName":"search_term_string"}}],"inLanguage":"pt-BR"},{"@type":"Organization","@id":"https:\/\/thiagopessoa.com\/#organization","name":"Thiago Pessoa Ourivesaria & Design de joias e alian\u00e7as exclusivas e personalizadas.","alternateName":"Thiago Pessoa Ourivesaria & Design de joias e alian\u00e7as exclusivas e personalizadas.","url":"https:\/\/thiagopessoa.com\/","logo":{"@type":"ImageObject","inLanguage":"pt-BR","@id":"https:\/\/thiagopessoa.com\/#\/schema\/logo\/image\/","url":"http:\/\/thiagopessoa.com\/wp-content\/uploads\/2022\/12\/SUPERHORIZONTAL_PRETO.png","contentUrl":"http:\/\/thiagopessoa.com\/wp-content\/uploads\/2022\/12\/SUPERHORIZONTAL_PRETO.png","width":2226,"height":622,"caption":"Thiago Pessoa Ourivesaria & Design de joias e alian\u00e7as exclusivas e personalizadas."},"image":{"@id":"https:\/\/thiagopessoa.com\/#\/schema\/logo\/image\/"},"sameAs":["https:\/\/www.instagram.com\/thiagopessoajoias\/"]}]}},"_links":{"self":[{"href":"https:\/\/thiagopessoa.com\/pt_br\/wp-json\/wp\/v2\/product\/7566","targetHints":{"allow":["GET"]}}],"collection":[{"href":"https:\/\/thiagopessoa.com\/pt_br\/wp-json\/wp\/v2\/product"}],"about":[{"href":"https:\/\/thiagopessoa.com\/pt_br\/wp-json\/wp\/v2\/types\/product"}],"wp:featuredmedia":[{"embeddable":true,"href":"https:\/\/thiagopessoa.com\/pt_br\/wp-json\/wp\/v2\/media\/9331"}],"wp:attachment":[{"href":"https:\/\/thiagopessoa.com\/pt_br\/wp-json\/wp\/v2\/media?parent=7566"}],"wp:term":[{"taxonomy":"product_brand","embeddable":true,"href":"https:\/\/thiagopessoa.com\/pt_br\/wp-json\/wp\/v2\/product_brand?post=7566"},{"taxonomy":"product_cat","embeddable":true,"href":"https:\/\/thiagopessoa.com\/pt_br\/wp-json\/wp\/v2\/product_cat?post=7566"},{"taxonomy":"product_tag","embeddable":true,"href":"https:\/\/thiagopessoa.com\/pt_br\/wp-json\/wp\/v2\/product_tag?post=7566"}],"curies":[{"name":"wp","href":"https:\/\/api.w.org\/{rel}","templated":true}]}}