{"id":7475,"date":"2023-09-05T14:40:51","date_gmt":"2023-09-05T14:40:51","guid":{"rendered":"https:\/\/thiagopessoa.com\/?post_type=product&#038;p=7475"},"modified":"2025-04-15T21:02:49","modified_gmt":"2025-04-15T21:02:49","slug":"colar-samut","status":"publish","type":"product","link":"https:\/\/thiagopessoa.com\/pt_br\/shop\/joias\/colares\/colar-samut\/","title":{"rendered":"Colar Samut"},"content":{"rendered":"<p>A moissanita \u00e9 uma pedra preciosa que tem ganhado popularidade nos \u00faltimos anos como uma alternativa deslumbrante aos diamantes. Ela \u00e9 conhecida por sua excepcional beleza, durabilidade e brilho deslumbrante, tornando-a uma escolha popular para an\u00e9is de noivado, joias finas e acess\u00f3rios elegantes.&lt;br&gt;<\/p>\n<p>\u00c9 uma das subst\u00e2ncias mais duras da Terra, classificada como 9,25 na escala de Mohs, que vai at\u00e9 10 (o diamante \u00e9 classificado como 10). Isso significa que \u00e9 altamente resistente a arranh\u00f5es e desgaste di\u00e1rio, tornando-a uma escolha excelente para joias que ser\u00e3o usadas com frequ\u00eancia, sendo muito mais \u00a0acess\u00edvel do que os diamantes de qualidade semelhante, tornando-a uma op\u00e7\u00e3o atraente para quem deseja uma joia deslumbrante sem comprometer o or\u00e7amento.<\/p>\n<p>&nbsp;<\/p>\n","protected":false},"excerpt":{"rendered":"<p>Ponto de luz em ouro branco 18k com moissanite 5mm e corrente veneziana 45cm.<\/p>\n","protected":false},"featured_media":11133,"template":"","meta":{"_monsterinsights_skip_tracking":false,"_monsterinsights_sitenote_active":false,"_monsterinsights_sitenote_note":"","_monsterinsights_sitenote_category":0},"product_brand":[],"product_cat":[119,117,1032],"product_tag":[956,994,983,955,995],"class_list":{"0":"post-7475","1":"product","2":"type-product","3":"status-publish","4":"has-post-thumbnail","6":"product_cat-colares","7":"product_cat-joias","8":"product_cat-moissanita","9":"product_tag-casamento","10":"product_tag-colares","11":"product_tag-moissanite","12":"product_tag-noivas","13":"product_tag-ponto-de-luz","15":"first","16":"instock","17":"shipping-taxable","18":"purchasable","19":"product-type-simple"},"yoast_head":"<!-- This site is optimized with the Yoast SEO plugin v27.4 - https:\/\/yoast.com\/product\/yoast-seo-wordpress\/ -->\n<title>Colar Samut - Thiago Pessoa<\/title>\n<meta name=\"description\" content=\"Ponto de luz produzido de maneira artesanal por Thiago Pessoa, em ouro branco 18k com moissanite 5mm e corrente veneziana 45cm.\" \/>\n<meta name=\"robots\" content=\"index, follow, max-snippet:-1, max-image-preview:large, max-video-preview:-1\" \/>\n<link rel=\"canonical\" href=\"https:\/\/thiagopessoa.com\/pt_br\/shop\/joias\/colares\/colar-samut\/\" \/>\n<meta property=\"og:locale\" content=\"pt_BR\" \/>\n<meta property=\"og:type\" content=\"article\" \/>\n<meta property=\"og:title\" content=\"Colar Samut - Thiago Pessoa\" \/>\n<meta property=\"og:description\" content=\"Ponto de luz produzido de maneira artesanal por Thiago Pessoa, em ouro branco 18k com moissanite 5mm e corrente veneziana 45cm.\" \/>\n<meta property=\"og:url\" content=\"https:\/\/thiagopessoa.com\/pt_br\/shop\/joias\/colares\/colar-samut\/\" \/>\n<meta property=\"og:site_name\" content=\"Thiago Pessoa\" \/>\n<meta property=\"article:modified_time\" content=\"2025-04-15T21:02:49+00:00\" \/>\n<meta property=\"og:image\" content=\"http:\/\/thiagopessoa.com\/wp-content\/uploads\/2023\/09\/Colar-Samut.png\" \/>\n\t<meta property=\"og:image:width\" content=\"1080\" \/>\n\t<meta property=\"og:image:height\" content=\"1350\" \/>\n\t<meta property=\"og:image:type\" content=\"image\/png\" \/>\n<meta name=\"twitter:card\" content=\"summary_large_image\" \/>\n<meta name=\"twitter:label1\" content=\"Est. tempo de leitura\" \/>\n\t<meta name=\"twitter:data1\" content=\"1 minuto\" \/>\n<script type=\"application\/ld+json\" class=\"yoast-schema-graph\">{\"@context\":\"https:\\\/\\\/schema.org\",\"@graph\":[{\"@type\":\"WebPage\",\"@id\":\"https:\\\/\\\/thiagopessoa.com\\\/shop\\\/joias\\\/colares\\\/colar-samut\\\/\",\"url\":\"https:\\\/\\\/thiagopessoa.com\\\/shop\\\/joias\\\/colares\\\/colar-samut\\\/\",\"name\":\"Colar Samut - Thiago Pessoa\",\"isPartOf\":{\"@id\":\"https:\\\/\\\/thiagopessoa.com\\\/#website\"},\"primaryImageOfPage\":{\"@id\":\"https:\\\/\\\/thiagopessoa.com\\\/shop\\\/joias\\\/colares\\\/colar-samut\\\/#primaryimage\"},\"image\":{\"@id\":\"https:\\\/\\\/thiagopessoa.com\\\/shop\\\/joias\\\/colares\\\/colar-samut\\\/#primaryimage\"},\"thumbnailUrl\":\"https:\\\/\\\/thiagopessoa.com\\\/wp-content\\\/uploads\\\/2023\\\/09\\\/Colar-Samut.png\",\"datePublished\":\"2023-09-05T14:40:51+00:00\",\"dateModified\":\"2025-04-15T21:02:49+00:00\",\"description\":\"Ponto de luz produzido de maneira artesanal por Thiago Pessoa, em ouro branco 18k com moissanite 5mm e corrente veneziana 45cm.\",\"breadcrumb\":{\"@id\":\"https:\\\/\\\/thiagopessoa.com\\\/shop\\\/joias\\\/colares\\\/colar-samut\\\/#breadcrumb\"},\"inLanguage\":\"pt-BR\",\"potentialAction\":[{\"@type\":\"ReadAction\",\"target\":[\"https:\\\/\\\/thiagopessoa.com\\\/shop\\\/joias\\\/colares\\\/colar-samut\\\/\"]}]},{\"@type\":\"ImageObject\",\"inLanguage\":\"pt-BR\",\"@id\":\"https:\\\/\\\/thiagopessoa.com\\\/shop\\\/joias\\\/colares\\\/colar-samut\\\/#primaryimage\",\"url\":\"https:\\\/\\\/thiagopessoa.com\\\/wp-content\\\/uploads\\\/2023\\\/09\\\/Colar-Samut.png\",\"contentUrl\":\"https:\\\/\\\/thiagopessoa.com\\\/wp-content\\\/uploads\\\/2023\\\/09\\\/Colar-Samut.png\",\"width\":1080,\"height\":1350},{\"@type\":\"BreadcrumbList\",\"@id\":\"https:\\\/\\\/thiagopessoa.com\\\/shop\\\/joias\\\/colares\\\/colar-samut\\\/#breadcrumb\",\"itemListElement\":[{\"@type\":\"ListItem\",\"position\":1,\"name\":\"In\u00edcio\",\"item\":\"https:\\\/\\\/thiagopessoa.com\\\/pt_br\\\/\"},{\"@type\":\"ListItem\",\"position\":2,\"name\":\"Shop\",\"item\":\"https:\\\/\\\/thiagopessoa.com\\\/shop\\\/\"},{\"@type\":\"ListItem\",\"position\":3,\"name\":\"Joias\",\"item\":\"https:\\\/\\\/thiagopessoa.com\\\/product-category\\\/joias\\\/\"},{\"@type\":\"ListItem\",\"position\":4,\"name\":\"Colar Samut\"}]},{\"@type\":\"WebSite\",\"@id\":\"https:\\\/\\\/thiagopessoa.com\\\/#website\",\"url\":\"https:\\\/\\\/thiagopessoa.com\\\/\",\"name\":\"Loja Thiago Pessoa\",\"description\":\"Ourives e Designer de Joias\",\"publisher\":{\"@id\":\"https:\\\/\\\/thiagopessoa.com\\\/#organization\"},\"alternateName\":\"Thiago Pessoa\",\"potentialAction\":[{\"@type\":\"SearchAction\",\"target\":{\"@type\":\"EntryPoint\",\"urlTemplate\":\"https:\\\/\\\/thiagopessoa.com\\\/?s={search_term_string}\"},\"query-input\":{\"@type\":\"PropertyValueSpecification\",\"valueRequired\":true,\"valueName\":\"search_term_string\"}}],\"inLanguage\":\"pt-BR\"},{\"@type\":\"Organization\",\"@id\":\"https:\\\/\\\/thiagopessoa.com\\\/#organization\",\"name\":\"Thiago Pessoa Ourivesaria & Design de joias e alian\u00e7as exclusivas e personalizadas.\",\"alternateName\":\"Thiago Pessoa Ourivesaria & Design de joias e alian\u00e7as exclusivas e personalizadas.\",\"url\":\"https:\\\/\\\/thiagopessoa.com\\\/\",\"logo\":{\"@type\":\"ImageObject\",\"inLanguage\":\"pt-BR\",\"@id\":\"https:\\\/\\\/thiagopessoa.com\\\/#\\\/schema\\\/logo\\\/image\\\/\",\"url\":\"http:\\\/\\\/thiagopessoa.com\\\/wp-content\\\/uploads\\\/2022\\\/12\\\/SUPERHORIZONTAL_PRETO.png\",\"contentUrl\":\"http:\\\/\\\/thiagopessoa.com\\\/wp-content\\\/uploads\\\/2022\\\/12\\\/SUPERHORIZONTAL_PRETO.png\",\"width\":2226,\"height\":622,\"caption\":\"Thiago Pessoa Ourivesaria & Design de joias e alian\u00e7as exclusivas e personalizadas.\"},\"image\":{\"@id\":\"https:\\\/\\\/thiagopessoa.com\\\/#\\\/schema\\\/logo\\\/image\\\/\"},\"sameAs\":[\"https:\\\/\\\/www.instagram.com\\\/thiagopessoajoias\\\/\"]}]}<\/script>\n<!-- \/ Yoast SEO plugin. -->","yoast_head_json":{"title":"Colar Samut - Thiago Pessoa","description":"Ponto de luz produzido de maneira artesanal por Thiago Pessoa, em ouro branco 18k com moissanite 5mm e corrente veneziana 45cm.","robots":{"index":"index","follow":"follow","max-snippet":"max-snippet:-1","max-image-preview":"max-image-preview:large","max-video-preview":"max-video-preview:-1"},"canonical":"https:\/\/thiagopessoa.com\/pt_br\/shop\/joias\/colares\/colar-samut\/","og_locale":"pt_BR","og_type":"article","og_title":"Colar Samut - Thiago Pessoa","og_description":"Ponto de luz produzido de maneira artesanal por Thiago Pessoa, em ouro branco 18k com moissanite 5mm e corrente veneziana 45cm.","og_url":"https:\/\/thiagopessoa.com\/pt_br\/shop\/joias\/colares\/colar-samut\/","og_site_name":"Thiago Pessoa","article_modified_time":"2025-04-15T21:02:49+00:00","og_image":[{"width":1080,"height":1350,"url":"http:\/\/thiagopessoa.com\/wp-content\/uploads\/2023\/09\/Colar-Samut.png","type":"image\/png"}],"twitter_card":"summary_large_image","twitter_misc":{"Est. tempo de leitura":"1 minuto"},"schema":{"@context":"https:\/\/schema.org","@graph":[{"@type":"WebPage","@id":"https:\/\/thiagopessoa.com\/shop\/joias\/colares\/colar-samut\/","url":"https:\/\/thiagopessoa.com\/shop\/joias\/colares\/colar-samut\/","name":"Colar Samut - Thiago Pessoa","isPartOf":{"@id":"https:\/\/thiagopessoa.com\/#website"},"primaryImageOfPage":{"@id":"https:\/\/thiagopessoa.com\/shop\/joias\/colares\/colar-samut\/#primaryimage"},"image":{"@id":"https:\/\/thiagopessoa.com\/shop\/joias\/colares\/colar-samut\/#primaryimage"},"thumbnailUrl":"https:\/\/thiagopessoa.com\/wp-content\/uploads\/2023\/09\/Colar-Samut.png","datePublished":"2023-09-05T14:40:51+00:00","dateModified":"2025-04-15T21:02:49+00:00","description":"Ponto de luz produzido de maneira artesanal por Thiago Pessoa, em ouro branco 18k com moissanite 5mm e corrente veneziana 45cm.","breadcrumb":{"@id":"https:\/\/thiagopessoa.com\/shop\/joias\/colares\/colar-samut\/#breadcrumb"},"inLanguage":"pt-BR","potentialAction":[{"@type":"ReadAction","target":["https:\/\/thiagopessoa.com\/shop\/joias\/colares\/colar-samut\/"]}]},{"@type":"ImageObject","inLanguage":"pt-BR","@id":"https:\/\/thiagopessoa.com\/shop\/joias\/colares\/colar-samut\/#primaryimage","url":"https:\/\/thiagopessoa.com\/wp-content\/uploads\/2023\/09\/Colar-Samut.png","contentUrl":"https:\/\/thiagopessoa.com\/wp-content\/uploads\/2023\/09\/Colar-Samut.png","width":1080,"height":1350},{"@type":"BreadcrumbList","@id":"https:\/\/thiagopessoa.com\/shop\/joias\/colares\/colar-samut\/#breadcrumb","itemListElement":[{"@type":"ListItem","position":1,"name":"In\u00edcio","item":"https:\/\/thiagopessoa.com\/pt_br\/"},{"@type":"ListItem","position":2,"name":"Shop","item":"https:\/\/thiagopessoa.com\/shop\/"},{"@type":"ListItem","position":3,"name":"Joias","item":"https:\/\/thiagopessoa.com\/product-category\/joias\/"},{"@type":"ListItem","position":4,"name":"Colar Samut"}]},{"@type":"WebSite","@id":"https:\/\/thiagopessoa.com\/#website","url":"https:\/\/thiagopessoa.com\/","name":"Loja Thiago Pessoa","description":"Ourives e Designer de Joias","publisher":{"@id":"https:\/\/thiagopessoa.com\/#organization"},"alternateName":"Thiago Pessoa","potentialAction":[{"@type":"SearchAction","target":{"@type":"EntryPoint","urlTemplate":"https:\/\/thiagopessoa.com\/?s={search_term_string}"},"query-input":{"@type":"PropertyValueSpecification","valueRequired":true,"valueName":"search_term_string"}}],"inLanguage":"pt-BR"},{"@type":"Organization","@id":"https:\/\/thiagopessoa.com\/#organization","name":"Thiago Pessoa Ourivesaria & Design de joias e alian\u00e7as exclusivas e personalizadas.","alternateName":"Thiago Pessoa Ourivesaria & Design de joias e alian\u00e7as exclusivas e personalizadas.","url":"https:\/\/thiagopessoa.com\/","logo":{"@type":"ImageObject","inLanguage":"pt-BR","@id":"https:\/\/thiagopessoa.com\/#\/schema\/logo\/image\/","url":"http:\/\/thiagopessoa.com\/wp-content\/uploads\/2022\/12\/SUPERHORIZONTAL_PRETO.png","contentUrl":"http:\/\/thiagopessoa.com\/wp-content\/uploads\/2022\/12\/SUPERHORIZONTAL_PRETO.png","width":2226,"height":622,"caption":"Thiago Pessoa Ourivesaria & Design de joias e alian\u00e7as exclusivas e personalizadas."},"image":{"@id":"https:\/\/thiagopessoa.com\/#\/schema\/logo\/image\/"},"sameAs":["https:\/\/www.instagram.com\/thiagopessoajoias\/"]}]}},"_links":{"self":[{"href":"https:\/\/thiagopessoa.com\/pt_br\/wp-json\/wp\/v2\/product\/7475","targetHints":{"allow":["GET"]}}],"collection":[{"href":"https:\/\/thiagopessoa.com\/pt_br\/wp-json\/wp\/v2\/product"}],"about":[{"href":"https:\/\/thiagopessoa.com\/pt_br\/wp-json\/wp\/v2\/types\/product"}],"wp:featuredmedia":[{"embeddable":true,"href":"https:\/\/thiagopessoa.com\/pt_br\/wp-json\/wp\/v2\/media\/11133"}],"wp:attachment":[{"href":"https:\/\/thiagopessoa.com\/pt_br\/wp-json\/wp\/v2\/media?parent=7475"}],"wp:term":[{"taxonomy":"product_brand","embeddable":true,"href":"https:\/\/thiagopessoa.com\/pt_br\/wp-json\/wp\/v2\/product_brand?post=7475"},{"taxonomy":"product_cat","embeddable":true,"href":"https:\/\/thiagopessoa.com\/pt_br\/wp-json\/wp\/v2\/product_cat?post=7475"},{"taxonomy":"product_tag","embeddable":true,"href":"https:\/\/thiagopessoa.com\/pt_br\/wp-json\/wp\/v2\/product_tag?post=7475"}],"curies":[{"name":"wp","href":"https:\/\/api.w.org\/{rel}","templated":true}]}}