{"id":7039,"date":"2023-08-04T00:37:25","date_gmt":"2023-08-04T00:37:25","guid":{"rendered":"https:\/\/thiagopessoa.com\/?post_type=product&#038;p=7039"},"modified":"2025-04-15T21:03:02","modified_gmt":"2025-04-15T21:03:02","slug":"joias-colares-escapulario-zan","status":"publish","type":"product","link":"https:\/\/thiagopessoa.com\/pt_br\/shop\/joias\/colares\/joias-colares-escapulario-zan\/","title":{"rendered":"Escapul\u00e1rio Zan"},"content":{"rendered":"<p>Escapul\u00e1rio produzido de maneira artesanal com t\u00e9cnicas tradicionais da ourivesaria, em ouro branco 18k esmeralda e tanz\u00e2nita.<\/p>\n","protected":false},"excerpt":{"rendered":"<p>Escapul\u00e1rio em ouro branco 18k esmeralda octogonal 5.5mm e tanz\u00e2nita redonda 4mm<\/p>\n<p>Corrrente veneziana<\/p>\n","protected":false},"featured_media":11134,"template":"","meta":{"_monsterinsights_skip_tracking":false,"_monsterinsights_sitenote_active":false,"_monsterinsights_sitenote_note":"","_monsterinsights_sitenote_category":0},"product_brand":[],"product_cat":[119,117],"product_tag":[963,970,978,958,98,981],"class_list":{"0":"post-7039","1":"product","2":"type-product","3":"status-publish","4":"has-post-thumbnail","6":"product_cat-colares","7":"product_cat-joias","8":"product_tag-escapulario","9":"product_tag-joias-femininas","10":"product_tag-joias-personalizada","11":"product_tag-mulheres","12":"product_tag-ouro-branco-18k","13":"product_tag-pedras","15":"first","16":"instock","17":"shipping-taxable","18":"purchasable","19":"product-type-simple"},"yoast_head":"<!-- This site is optimized with the Yoast SEO plugin v26.3 - https:\/\/yoast.com\/wordpress\/plugins\/seo\/ -->\n<title>Escapul\u00e1rio Zan - Thiago Pessoa<\/title>\n<meta name=\"description\" content=\"Escapul\u00e1rio produzido de maneira artesanal com t\u00e9cnicas tradicionais da ourivesaria, em ouro branco 18k esmeralda e tanz\u00e2nita.\" \/>\n<meta name=\"robots\" content=\"index, follow, max-snippet:-1, max-image-preview:large, max-video-preview:-1\" \/>\n<link rel=\"canonical\" href=\"https:\/\/thiagopessoa.com\/pt_br\/shop\/joias\/colares\/joias-colares-escapulario-zan\/\" \/>\n<meta property=\"og:locale\" content=\"pt_BR\" \/>\n<meta property=\"og:type\" content=\"article\" \/>\n<meta property=\"og:title\" content=\"Escapul\u00e1rio Zan - Thiago Pessoa\" \/>\n<meta property=\"og:description\" content=\"Escapul\u00e1rio produzido de maneira artesanal com t\u00e9cnicas tradicionais da ourivesaria, em ouro branco 18k esmeralda e tanz\u00e2nita.\" \/>\n<meta property=\"og:url\" content=\"https:\/\/thiagopessoa.com\/pt_br\/shop\/joias\/colares\/joias-colares-escapulario-zan\/\" \/>\n<meta property=\"og:site_name\" content=\"Thiago Pessoa\" \/>\n<meta property=\"article:modified_time\" content=\"2025-04-15T21:03:02+00:00\" \/>\n<meta property=\"og:image\" content=\"http:\/\/thiagopessoa.com\/wp-content\/uploads\/2023\/08\/Escapulario-Zan.png\" \/>\n\t<meta property=\"og:image:width\" content=\"1080\" \/>\n\t<meta property=\"og:image:height\" content=\"1350\" \/>\n\t<meta property=\"og:image:type\" content=\"image\/png\" \/>\n<meta name=\"twitter:card\" content=\"summary_large_image\" \/>\n<meta name=\"twitter:label1\" content=\"Est. tempo de leitura\" \/>\n\t<meta name=\"twitter:data1\" content=\"1 minuto\" \/>\n<script type=\"application\/ld+json\" class=\"yoast-schema-graph\">{\"@context\":\"https:\/\/schema.org\",\"@graph\":[{\"@type\":\"WebPage\",\"@id\":\"https:\/\/thiagopessoa.com\/shop\/joias\/colares\/joias-colares-escapulario-zan\/\",\"url\":\"https:\/\/thiagopessoa.com\/shop\/joias\/colares\/joias-colares-escapulario-zan\/\",\"name\":\"Escapul\u00e1rio Zan - Thiago Pessoa\",\"isPartOf\":{\"@id\":\"https:\/\/thiagopessoa.com\/#website\"},\"primaryImageOfPage\":{\"@id\":\"https:\/\/thiagopessoa.com\/shop\/joias\/colares\/joias-colares-escapulario-zan\/#primaryimage\"},\"image\":{\"@id\":\"https:\/\/thiagopessoa.com\/shop\/joias\/colares\/joias-colares-escapulario-zan\/#primaryimage\"},\"thumbnailUrl\":\"https:\/\/thiagopessoa.com\/wp-content\/uploads\/2023\/08\/Escapulario-Zan.png\",\"datePublished\":\"2023-08-04T00:37:25+00:00\",\"dateModified\":\"2025-04-15T21:03:02+00:00\",\"description\":\"Escapul\u00e1rio produzido de maneira artesanal com t\u00e9cnicas tradicionais da ourivesaria, em ouro branco 18k esmeralda e tanz\u00e2nita.\",\"breadcrumb\":{\"@id\":\"https:\/\/thiagopessoa.com\/shop\/joias\/colares\/joias-colares-escapulario-zan\/#breadcrumb\"},\"inLanguage\":\"pt-BR\",\"potentialAction\":[{\"@type\":\"ReadAction\",\"target\":[\"https:\/\/thiagopessoa.com\/shop\/joias\/colares\/joias-colares-escapulario-zan\/\"]}]},{\"@type\":\"ImageObject\",\"inLanguage\":\"pt-BR\",\"@id\":\"https:\/\/thiagopessoa.com\/shop\/joias\/colares\/joias-colares-escapulario-zan\/#primaryimage\",\"url\":\"https:\/\/thiagopessoa.com\/wp-content\/uploads\/2023\/08\/Escapulario-Zan.png\",\"contentUrl\":\"https:\/\/thiagopessoa.com\/wp-content\/uploads\/2023\/08\/Escapulario-Zan.png\",\"width\":1080,\"height\":1350},{\"@type\":\"BreadcrumbList\",\"@id\":\"https:\/\/thiagopessoa.com\/shop\/joias\/colares\/joias-colares-escapulario-zan\/#breadcrumb\",\"itemListElement\":[{\"@type\":\"ListItem\",\"position\":1,\"name\":\"In\u00edcio\",\"item\":\"https:\/\/thiagopessoa.com\/pt_br\/\"},{\"@type\":\"ListItem\",\"position\":2,\"name\":\"Shop\",\"item\":\"https:\/\/thiagopessoa.com\/shop\/\"},{\"@type\":\"ListItem\",\"position\":3,\"name\":\"Joias\",\"item\":\"https:\/\/thiagopessoa.com\/product-category\/joias\/\"},{\"@type\":\"ListItem\",\"position\":4,\"name\":\"Escapul\u00e1rio Zan\"}]},{\"@type\":\"WebSite\",\"@id\":\"https:\/\/thiagopessoa.com\/#website\",\"url\":\"https:\/\/thiagopessoa.com\/\",\"name\":\"Loja Thiago Pessoa\",\"description\":\"Ourives e Designer de Joias\",\"publisher\":{\"@id\":\"https:\/\/thiagopessoa.com\/#organization\"},\"alternateName\":\"Thiago Pessoa\",\"potentialAction\":[{\"@type\":\"SearchAction\",\"target\":{\"@type\":\"EntryPoint\",\"urlTemplate\":\"https:\/\/thiagopessoa.com\/?s={search_term_string}\"},\"query-input\":{\"@type\":\"PropertyValueSpecification\",\"valueRequired\":true,\"valueName\":\"search_term_string\"}}],\"inLanguage\":\"pt-BR\"},{\"@type\":\"Organization\",\"@id\":\"https:\/\/thiagopessoa.com\/#organization\",\"name\":\"Thiago Pessoa Ourivesaria & Design de joias e alian\u00e7as exclusivas e personalizadas.\",\"alternateName\":\"Thiago Pessoa Ourivesaria & Design de joias e alian\u00e7as exclusivas e personalizadas.\",\"url\":\"https:\/\/thiagopessoa.com\/\",\"logo\":{\"@type\":\"ImageObject\",\"inLanguage\":\"pt-BR\",\"@id\":\"https:\/\/thiagopessoa.com\/#\/schema\/logo\/image\/\",\"url\":\"http:\/\/thiagopessoa.com\/wp-content\/uploads\/2022\/12\/SUPERHORIZONTAL_PRETO.png\",\"contentUrl\":\"http:\/\/thiagopessoa.com\/wp-content\/uploads\/2022\/12\/SUPERHORIZONTAL_PRETO.png\",\"width\":2226,\"height\":622,\"caption\":\"Thiago Pessoa Ourivesaria & Design de joias e alian\u00e7as exclusivas e personalizadas.\"},\"image\":{\"@id\":\"https:\/\/thiagopessoa.com\/#\/schema\/logo\/image\/\"},\"sameAs\":[\"https:\/\/www.instagram.com\/thiagopessoajoias\/\"]}]}<\/script>\n<!-- \/ Yoast SEO plugin. -->","yoast_head_json":{"title":"Escapul\u00e1rio Zan - Thiago Pessoa","description":"Escapul\u00e1rio produzido de maneira artesanal com t\u00e9cnicas tradicionais da ourivesaria, em ouro branco 18k esmeralda e tanz\u00e2nita.","robots":{"index":"index","follow":"follow","max-snippet":"max-snippet:-1","max-image-preview":"max-image-preview:large","max-video-preview":"max-video-preview:-1"},"canonical":"https:\/\/thiagopessoa.com\/pt_br\/shop\/joias\/colares\/joias-colares-escapulario-zan\/","og_locale":"pt_BR","og_type":"article","og_title":"Escapul\u00e1rio Zan - Thiago Pessoa","og_description":"Escapul\u00e1rio produzido de maneira artesanal com t\u00e9cnicas tradicionais da ourivesaria, em ouro branco 18k esmeralda e tanz\u00e2nita.","og_url":"https:\/\/thiagopessoa.com\/pt_br\/shop\/joias\/colares\/joias-colares-escapulario-zan\/","og_site_name":"Thiago Pessoa","article_modified_time":"2025-04-15T21:03:02+00:00","og_image":[{"width":1080,"height":1350,"url":"http:\/\/thiagopessoa.com\/wp-content\/uploads\/2023\/08\/Escapulario-Zan.png","type":"image\/png"}],"twitter_card":"summary_large_image","twitter_misc":{"Est. tempo de leitura":"1 minuto"},"schema":{"@context":"https:\/\/schema.org","@graph":[{"@type":"WebPage","@id":"https:\/\/thiagopessoa.com\/shop\/joias\/colares\/joias-colares-escapulario-zan\/","url":"https:\/\/thiagopessoa.com\/shop\/joias\/colares\/joias-colares-escapulario-zan\/","name":"Escapul\u00e1rio Zan - Thiago Pessoa","isPartOf":{"@id":"https:\/\/thiagopessoa.com\/#website"},"primaryImageOfPage":{"@id":"https:\/\/thiagopessoa.com\/shop\/joias\/colares\/joias-colares-escapulario-zan\/#primaryimage"},"image":{"@id":"https:\/\/thiagopessoa.com\/shop\/joias\/colares\/joias-colares-escapulario-zan\/#primaryimage"},"thumbnailUrl":"https:\/\/thiagopessoa.com\/wp-content\/uploads\/2023\/08\/Escapulario-Zan.png","datePublished":"2023-08-04T00:37:25+00:00","dateModified":"2025-04-15T21:03:02+00:00","description":"Escapul\u00e1rio produzido de maneira artesanal com t\u00e9cnicas tradicionais da ourivesaria, em ouro branco 18k esmeralda e tanz\u00e2nita.","breadcrumb":{"@id":"https:\/\/thiagopessoa.com\/shop\/joias\/colares\/joias-colares-escapulario-zan\/#breadcrumb"},"inLanguage":"pt-BR","potentialAction":[{"@type":"ReadAction","target":["https:\/\/thiagopessoa.com\/shop\/joias\/colares\/joias-colares-escapulario-zan\/"]}]},{"@type":"ImageObject","inLanguage":"pt-BR","@id":"https:\/\/thiagopessoa.com\/shop\/joias\/colares\/joias-colares-escapulario-zan\/#primaryimage","url":"https:\/\/thiagopessoa.com\/wp-content\/uploads\/2023\/08\/Escapulario-Zan.png","contentUrl":"https:\/\/thiagopessoa.com\/wp-content\/uploads\/2023\/08\/Escapulario-Zan.png","width":1080,"height":1350},{"@type":"BreadcrumbList","@id":"https:\/\/thiagopessoa.com\/shop\/joias\/colares\/joias-colares-escapulario-zan\/#breadcrumb","itemListElement":[{"@type":"ListItem","position":1,"name":"In\u00edcio","item":"https:\/\/thiagopessoa.com\/pt_br\/"},{"@type":"ListItem","position":2,"name":"Shop","item":"https:\/\/thiagopessoa.com\/shop\/"},{"@type":"ListItem","position":3,"name":"Joias","item":"https:\/\/thiagopessoa.com\/product-category\/joias\/"},{"@type":"ListItem","position":4,"name":"Escapul\u00e1rio Zan"}]},{"@type":"WebSite","@id":"https:\/\/thiagopessoa.com\/#website","url":"https:\/\/thiagopessoa.com\/","name":"Loja Thiago Pessoa","description":"Ourives e Designer de Joias","publisher":{"@id":"https:\/\/thiagopessoa.com\/#organization"},"alternateName":"Thiago Pessoa","potentialAction":[{"@type":"SearchAction","target":{"@type":"EntryPoint","urlTemplate":"https:\/\/thiagopessoa.com\/?s={search_term_string}"},"query-input":{"@type":"PropertyValueSpecification","valueRequired":true,"valueName":"search_term_string"}}],"inLanguage":"pt-BR"},{"@type":"Organization","@id":"https:\/\/thiagopessoa.com\/#organization","name":"Thiago Pessoa Ourivesaria & Design de joias e alian\u00e7as exclusivas e personalizadas.","alternateName":"Thiago Pessoa Ourivesaria & Design de joias e alian\u00e7as exclusivas e personalizadas.","url":"https:\/\/thiagopessoa.com\/","logo":{"@type":"ImageObject","inLanguage":"pt-BR","@id":"https:\/\/thiagopessoa.com\/#\/schema\/logo\/image\/","url":"http:\/\/thiagopessoa.com\/wp-content\/uploads\/2022\/12\/SUPERHORIZONTAL_PRETO.png","contentUrl":"http:\/\/thiagopessoa.com\/wp-content\/uploads\/2022\/12\/SUPERHORIZONTAL_PRETO.png","width":2226,"height":622,"caption":"Thiago Pessoa Ourivesaria & Design de joias e alian\u00e7as exclusivas e personalizadas."},"image":{"@id":"https:\/\/thiagopessoa.com\/#\/schema\/logo\/image\/"},"sameAs":["https:\/\/www.instagram.com\/thiagopessoajoias\/"]}]}},"_links":{"self":[{"href":"https:\/\/thiagopessoa.com\/pt_br\/wp-json\/wp\/v2\/product\/7039","targetHints":{"allow":["GET"]}}],"collection":[{"href":"https:\/\/thiagopessoa.com\/pt_br\/wp-json\/wp\/v2\/product"}],"about":[{"href":"https:\/\/thiagopessoa.com\/pt_br\/wp-json\/wp\/v2\/types\/product"}],"wp:featuredmedia":[{"embeddable":true,"href":"https:\/\/thiagopessoa.com\/pt_br\/wp-json\/wp\/v2\/media\/11134"}],"wp:attachment":[{"href":"https:\/\/thiagopessoa.com\/pt_br\/wp-json\/wp\/v2\/media?parent=7039"}],"wp:term":[{"taxonomy":"product_brand","embeddable":true,"href":"https:\/\/thiagopessoa.com\/pt_br\/wp-json\/wp\/v2\/product_brand?post=7039"},{"taxonomy":"product_cat","embeddable":true,"href":"https:\/\/thiagopessoa.com\/pt_br\/wp-json\/wp\/v2\/product_cat?post=7039"},{"taxonomy":"product_tag","embeddable":true,"href":"https:\/\/thiagopessoa.com\/pt_br\/wp-json\/wp\/v2\/product_tag?post=7039"}],"curies":[{"name":"wp","href":"https:\/\/api.w.org\/{rel}","templated":true}]}}