{"id":6015,"date":"2023-06-20T14:25:37","date_gmt":"2023-06-20T14:25:37","guid":{"rendered":"https:\/\/thiagopessoa.com\/shop\/sem%20categoria\/alianca-sancho\/"},"modified":"2025-07-01T00:04:47","modified_gmt":"2025-07-01T00:04:47","slug":"alianca-sancho","status":"publish","type":"product","link":"https:\/\/thiagopessoa.com\/pt_br\/shop\/casamento\/alianca-tradicional\/alianca-sancho\/","title":{"rendered":"Alian\u00e7a Sancho"},"content":{"rendered":"<p data-start=\"112\" data-end=\"303\"><strong>Par de Alian\u00e7a<\/strong>, modelo reto<\/p>\n<p>&nbsp;<\/p>\n<p data-start=\"112\" data-end=\"303\">Poss\u00edvel fazer o mesmo modelo sem a textura.<\/p>\n<p data-start=\"112\" data-end=\"303\">Textura na parte superior da alian\u00e7a.<\/p>\n<p data-start=\"112\" data-end=\"303\">\ud83d\udd39 <strong>Dimens\u00f5es:<\/strong> 4 mm de largura x 1,20 mm de altura<\/p>\n<p data-start=\"112\" data-end=\"303\">\ud83d\udd39 <strong>Peso aproximado:<\/strong> 8 gramas<\/p>\n<p>&nbsp;<\/p>\n<p data-start=\"112\" data-end=\"303\"><strong>Uma joia \u00fanica, entregue na caixa de madeira exclusiva Thiago Pessoa.<\/strong><\/p>\n","protected":false},"excerpt":{"rendered":"<p><span data-sheets-value=\"{&quot;1&quot;:2,&quot;2&quot;:&quot;Alian\u00e7a tradicional, com textura na parte superior, 4mm conforto anat\u00f4mico, peso aproximado 8 gramas, ouro amarelo 18k&quot;}\" data-sheets-userformat=\"{&quot;2&quot;:14337,&quot;3&quot;:{&quot;1&quot;:0,&quot;3&quot;:1},&quot;14&quot;:{&quot;1&quot;:3,&quot;3&quot;:1},&quot;15&quot;:&quot;Arial&quot;,&quot;16&quot;:10}\">Alian\u00e7a tradicional, com textura na parte superior, 4mm conforto anat\u00f4mico, peso aproximado 8 gramas, ouro amarelo 18k. Valor para o par de alian\u00e7as.<\/span><\/p>\n<p data-start=\"112\" data-end=\"303\"><strong>Uma joia \u00fanica, entregue na caixa de madeira exclusiva Thiago Pessoa.<\/strong><\/p>\n","protected":false},"featured_media":11743,"template":"","meta":{"_monsterinsights_skip_tracking":false,"_monsterinsights_sitenote_active":false,"_monsterinsights_sitenote_note":"","_monsterinsights_sitenote_category":0},"product_brand":[],"product_cat":[138,130,117],"product_tag":[],"class_list":{"0":"post-6015","1":"product","2":"type-product","3":"status-publish","4":"has-post-thumbnail","6":"product_cat-alianca-tradicional","7":"product_cat-casamento","8":"product_cat-joias","10":"first","11":"instock","12":"sold-individually","13":"shipping-taxable","14":"purchasable","15":"product-type-variable"},"yoast_head":"<!-- This site is optimized with the Yoast SEO plugin v26.3 - https:\/\/yoast.com\/wordpress\/plugins\/seo\/ -->\n<title>Alian\u00e7a Sancho - Thiago Pessoa<\/title>\n<meta name=\"robots\" content=\"index, follow, max-snippet:-1, max-image-preview:large, max-video-preview:-1\" \/>\n<link rel=\"canonical\" href=\"https:\/\/thiagopessoa.com\/pt_br\/shop\/casamento\/alianca-tradicional\/alianca-sancho\/\" \/>\n<meta property=\"og:locale\" content=\"pt_BR\" \/>\n<meta property=\"og:type\" content=\"article\" \/>\n<meta property=\"og:title\" content=\"Alian\u00e7a Sancho - Thiago Pessoa\" \/>\n<meta property=\"og:description\" content=\"Alian\u00e7a tradicional, com textura na parte superior, 4mm conforto anat\u00f4mico, peso aproximado 8 gramas, ouro amarelo 18k. Valor para o par de alian\u00e7as. Uma joia \u00fanica, entregue na caixa de madeira exclusiva Thiago Pessoa.\" \/>\n<meta property=\"og:url\" content=\"https:\/\/thiagopessoa.com\/pt_br\/shop\/casamento\/alianca-tradicional\/alianca-sancho\/\" \/>\n<meta property=\"og:site_name\" content=\"Thiago Pessoa\" \/>\n<meta property=\"article:modified_time\" content=\"2025-07-01T00:04:47+00:00\" \/>\n<meta property=\"og:image\" content=\"http:\/\/thiagopessoa.com\/wp-content\/uploads\/2023\/06\/Alianca-Sancho-1.png\" \/>\n\t<meta property=\"og:image:width\" content=\"1080\" \/>\n\t<meta property=\"og:image:height\" content=\"1350\" \/>\n\t<meta property=\"og:image:type\" content=\"image\/png\" \/>\n<meta name=\"twitter:card\" content=\"summary_large_image\" \/>\n<meta name=\"twitter:label1\" content=\"Est. tempo de leitura\" \/>\n\t<meta name=\"twitter:data1\" content=\"1 minuto\" \/>\n<script type=\"application\/ld+json\" class=\"yoast-schema-graph\">{\"@context\":\"https:\/\/schema.org\",\"@graph\":[{\"@type\":\"WebPage\",\"@id\":\"https:\/\/thiagopessoa.com\/shop\/casamento\/alianca-tradicional\/alianca-sancho\/\",\"url\":\"https:\/\/thiagopessoa.com\/shop\/casamento\/alianca-tradicional\/alianca-sancho\/\",\"name\":\"Alian\u00e7a Sancho - Thiago Pessoa\",\"isPartOf\":{\"@id\":\"https:\/\/thiagopessoa.com\/#website\"},\"primaryImageOfPage\":{\"@id\":\"https:\/\/thiagopessoa.com\/shop\/casamento\/alianca-tradicional\/alianca-sancho\/#primaryimage\"},\"image\":{\"@id\":\"https:\/\/thiagopessoa.com\/shop\/casamento\/alianca-tradicional\/alianca-sancho\/#primaryimage\"},\"thumbnailUrl\":\"https:\/\/thiagopessoa.com\/wp-content\/uploads\/2023\/06\/Alianca-Sancho-1.png\",\"datePublished\":\"2023-06-20T14:25:37+00:00\",\"dateModified\":\"2025-07-01T00:04:47+00:00\",\"breadcrumb\":{\"@id\":\"https:\/\/thiagopessoa.com\/shop\/casamento\/alianca-tradicional\/alianca-sancho\/#breadcrumb\"},\"inLanguage\":\"pt-BR\",\"potentialAction\":[{\"@type\":\"ReadAction\",\"target\":[\"https:\/\/thiagopessoa.com\/shop\/casamento\/alianca-tradicional\/alianca-sancho\/\"]}]},{\"@type\":\"ImageObject\",\"inLanguage\":\"pt-BR\",\"@id\":\"https:\/\/thiagopessoa.com\/shop\/casamento\/alianca-tradicional\/alianca-sancho\/#primaryimage\",\"url\":\"https:\/\/thiagopessoa.com\/wp-content\/uploads\/2023\/06\/Alianca-Sancho-1.png\",\"contentUrl\":\"https:\/\/thiagopessoa.com\/wp-content\/uploads\/2023\/06\/Alianca-Sancho-1.png\",\"width\":1080,\"height\":1350},{\"@type\":\"BreadcrumbList\",\"@id\":\"https:\/\/thiagopessoa.com\/shop\/casamento\/alianca-tradicional\/alianca-sancho\/#breadcrumb\",\"itemListElement\":[{\"@type\":\"ListItem\",\"position\":1,\"name\":\"In\u00edcio\",\"item\":\"https:\/\/thiagopessoa.com\/pt_br\/\"},{\"@type\":\"ListItem\",\"position\":2,\"name\":\"Shop\",\"item\":\"https:\/\/thiagopessoa.com\/shop\/\"},{\"@type\":\"ListItem\",\"position\":3,\"name\":\"Casamento\",\"item\":\"https:\/\/thiagopessoa.com\/product-category\/casamento\/\"},{\"@type\":\"ListItem\",\"position\":4,\"name\":\"Alian\u00e7as Tradicionais\",\"item\":\"https:\/\/thiagopessoa.com\/product-category\/casamento\/alianca-tradicional\/\"},{\"@type\":\"ListItem\",\"position\":5,\"name\":\"Alian\u00e7a Sancho\"}]},{\"@type\":\"WebSite\",\"@id\":\"https:\/\/thiagopessoa.com\/#website\",\"url\":\"https:\/\/thiagopessoa.com\/\",\"name\":\"Loja Thiago Pessoa\",\"description\":\"Ourives e Designer de Joias\",\"publisher\":{\"@id\":\"https:\/\/thiagopessoa.com\/#organization\"},\"alternateName\":\"Thiago Pessoa\",\"potentialAction\":[{\"@type\":\"SearchAction\",\"target\":{\"@type\":\"EntryPoint\",\"urlTemplate\":\"https:\/\/thiagopessoa.com\/?s={search_term_string}\"},\"query-input\":{\"@type\":\"PropertyValueSpecification\",\"valueRequired\":true,\"valueName\":\"search_term_string\"}}],\"inLanguage\":\"pt-BR\"},{\"@type\":\"Organization\",\"@id\":\"https:\/\/thiagopessoa.com\/#organization\",\"name\":\"Thiago Pessoa Ourivesaria & Design de joias e alian\u00e7as exclusivas e personalizadas.\",\"alternateName\":\"Thiago Pessoa Ourivesaria & Design de joias e alian\u00e7as exclusivas e personalizadas.\",\"url\":\"https:\/\/thiagopessoa.com\/\",\"logo\":{\"@type\":\"ImageObject\",\"inLanguage\":\"pt-BR\",\"@id\":\"https:\/\/thiagopessoa.com\/#\/schema\/logo\/image\/\",\"url\":\"http:\/\/thiagopessoa.com\/wp-content\/uploads\/2022\/12\/SUPERHORIZONTAL_PRETO.png\",\"contentUrl\":\"http:\/\/thiagopessoa.com\/wp-content\/uploads\/2022\/12\/SUPERHORIZONTAL_PRETO.png\",\"width\":2226,\"height\":622,\"caption\":\"Thiago Pessoa Ourivesaria & Design de joias e alian\u00e7as exclusivas e personalizadas.\"},\"image\":{\"@id\":\"https:\/\/thiagopessoa.com\/#\/schema\/logo\/image\/\"},\"sameAs\":[\"https:\/\/www.instagram.com\/thiagopessoajoias\/\"]}]}<\/script>\n<!-- \/ Yoast SEO plugin. -->","yoast_head_json":{"title":"Alian\u00e7a Sancho - Thiago Pessoa","robots":{"index":"index","follow":"follow","max-snippet":"max-snippet:-1","max-image-preview":"max-image-preview:large","max-video-preview":"max-video-preview:-1"},"canonical":"https:\/\/thiagopessoa.com\/pt_br\/shop\/casamento\/alianca-tradicional\/alianca-sancho\/","og_locale":"pt_BR","og_type":"article","og_title":"Alian\u00e7a Sancho - Thiago Pessoa","og_description":"Alian\u00e7a tradicional, com textura na parte superior, 4mm conforto anat\u00f4mico, peso aproximado 8 gramas, ouro amarelo 18k. Valor para o par de alian\u00e7as. Uma joia \u00fanica, entregue na caixa de madeira exclusiva Thiago Pessoa.","og_url":"https:\/\/thiagopessoa.com\/pt_br\/shop\/casamento\/alianca-tradicional\/alianca-sancho\/","og_site_name":"Thiago Pessoa","article_modified_time":"2025-07-01T00:04:47+00:00","og_image":[{"width":1080,"height":1350,"url":"http:\/\/thiagopessoa.com\/wp-content\/uploads\/2023\/06\/Alianca-Sancho-1.png","type":"image\/png"}],"twitter_card":"summary_large_image","twitter_misc":{"Est. tempo de leitura":"1 minuto"},"schema":{"@context":"https:\/\/schema.org","@graph":[{"@type":"WebPage","@id":"https:\/\/thiagopessoa.com\/shop\/casamento\/alianca-tradicional\/alianca-sancho\/","url":"https:\/\/thiagopessoa.com\/shop\/casamento\/alianca-tradicional\/alianca-sancho\/","name":"Alian\u00e7a Sancho - Thiago Pessoa","isPartOf":{"@id":"https:\/\/thiagopessoa.com\/#website"},"primaryImageOfPage":{"@id":"https:\/\/thiagopessoa.com\/shop\/casamento\/alianca-tradicional\/alianca-sancho\/#primaryimage"},"image":{"@id":"https:\/\/thiagopessoa.com\/shop\/casamento\/alianca-tradicional\/alianca-sancho\/#primaryimage"},"thumbnailUrl":"https:\/\/thiagopessoa.com\/wp-content\/uploads\/2023\/06\/Alianca-Sancho-1.png","datePublished":"2023-06-20T14:25:37+00:00","dateModified":"2025-07-01T00:04:47+00:00","breadcrumb":{"@id":"https:\/\/thiagopessoa.com\/shop\/casamento\/alianca-tradicional\/alianca-sancho\/#breadcrumb"},"inLanguage":"pt-BR","potentialAction":[{"@type":"ReadAction","target":["https:\/\/thiagopessoa.com\/shop\/casamento\/alianca-tradicional\/alianca-sancho\/"]}]},{"@type":"ImageObject","inLanguage":"pt-BR","@id":"https:\/\/thiagopessoa.com\/shop\/casamento\/alianca-tradicional\/alianca-sancho\/#primaryimage","url":"https:\/\/thiagopessoa.com\/wp-content\/uploads\/2023\/06\/Alianca-Sancho-1.png","contentUrl":"https:\/\/thiagopessoa.com\/wp-content\/uploads\/2023\/06\/Alianca-Sancho-1.png","width":1080,"height":1350},{"@type":"BreadcrumbList","@id":"https:\/\/thiagopessoa.com\/shop\/casamento\/alianca-tradicional\/alianca-sancho\/#breadcrumb","itemListElement":[{"@type":"ListItem","position":1,"name":"In\u00edcio","item":"https:\/\/thiagopessoa.com\/pt_br\/"},{"@type":"ListItem","position":2,"name":"Shop","item":"https:\/\/thiagopessoa.com\/shop\/"},{"@type":"ListItem","position":3,"name":"Casamento","item":"https:\/\/thiagopessoa.com\/product-category\/casamento\/"},{"@type":"ListItem","position":4,"name":"Alian\u00e7as Tradicionais","item":"https:\/\/thiagopessoa.com\/product-category\/casamento\/alianca-tradicional\/"},{"@type":"ListItem","position":5,"name":"Alian\u00e7a Sancho"}]},{"@type":"WebSite","@id":"https:\/\/thiagopessoa.com\/#website","url":"https:\/\/thiagopessoa.com\/","name":"Loja Thiago Pessoa","description":"Ourives e Designer de Joias","publisher":{"@id":"https:\/\/thiagopessoa.com\/#organization"},"alternateName":"Thiago Pessoa","potentialAction":[{"@type":"SearchAction","target":{"@type":"EntryPoint","urlTemplate":"https:\/\/thiagopessoa.com\/?s={search_term_string}"},"query-input":{"@type":"PropertyValueSpecification","valueRequired":true,"valueName":"search_term_string"}}],"inLanguage":"pt-BR"},{"@type":"Organization","@id":"https:\/\/thiagopessoa.com\/#organization","name":"Thiago Pessoa Ourivesaria & Design de joias e alian\u00e7as exclusivas e personalizadas.","alternateName":"Thiago Pessoa Ourivesaria & Design de joias e alian\u00e7as exclusivas e personalizadas.","url":"https:\/\/thiagopessoa.com\/","logo":{"@type":"ImageObject","inLanguage":"pt-BR","@id":"https:\/\/thiagopessoa.com\/#\/schema\/logo\/image\/","url":"http:\/\/thiagopessoa.com\/wp-content\/uploads\/2022\/12\/SUPERHORIZONTAL_PRETO.png","contentUrl":"http:\/\/thiagopessoa.com\/wp-content\/uploads\/2022\/12\/SUPERHORIZONTAL_PRETO.png","width":2226,"height":622,"caption":"Thiago Pessoa Ourivesaria & Design de joias e alian\u00e7as exclusivas e personalizadas."},"image":{"@id":"https:\/\/thiagopessoa.com\/#\/schema\/logo\/image\/"},"sameAs":["https:\/\/www.instagram.com\/thiagopessoajoias\/"]}]}},"_links":{"self":[{"href":"https:\/\/thiagopessoa.com\/pt_br\/wp-json\/wp\/v2\/product\/6015","targetHints":{"allow":["GET"]}}],"collection":[{"href":"https:\/\/thiagopessoa.com\/pt_br\/wp-json\/wp\/v2\/product"}],"about":[{"href":"https:\/\/thiagopessoa.com\/pt_br\/wp-json\/wp\/v2\/types\/product"}],"wp:featuredmedia":[{"embeddable":true,"href":"https:\/\/thiagopessoa.com\/pt_br\/wp-json\/wp\/v2\/media\/11743"}],"wp:attachment":[{"href":"https:\/\/thiagopessoa.com\/pt_br\/wp-json\/wp\/v2\/media?parent=6015"}],"wp:term":[{"taxonomy":"product_brand","embeddable":true,"href":"https:\/\/thiagopessoa.com\/pt_br\/wp-json\/wp\/v2\/product_brand?post=6015"},{"taxonomy":"product_cat","embeddable":true,"href":"https:\/\/thiagopessoa.com\/pt_br\/wp-json\/wp\/v2\/product_cat?post=6015"},{"taxonomy":"product_tag","embeddable":true,"href":"https:\/\/thiagopessoa.com\/pt_br\/wp-json\/wp\/v2\/product_tag?post=6015"}],"curies":[{"name":"wp","href":"https:\/\/api.w.org\/{rel}","templated":true}]}}