{"id":6003,"date":"2023-06-20T14:25:33","date_gmt":"2023-06-20T14:25:33","guid":{"rendered":"https:\/\/thiagopessoa.com\/shop\/sem%20categoria\/alianca-lazio\/"},"modified":"2025-05-25T03:00:20","modified_gmt":"2025-05-25T03:00:20","slug":"casamento-alianca-lazio","status":"publish","type":"product","link":"https:\/\/thiagopessoa.com\/pt_br\/shop\/casamento\/alianca-tradicional\/casamento-alianca-lazio\/","title":{"rendered":"Alian\u00e7a Lazio"},"content":{"rendered":"<p data-start=\"112\" data-end=\"303\"><strong>Par de Alian\u00e7a<\/strong>, modelo meia cana, anat\u00f4mica.<\/p>\n<p>&nbsp;<\/p>\n<p data-start=\"112\" data-end=\"303\">\ud83d\udd39 <strong>Pedra central:<\/strong> Diamante na lapida\u00e7\u00e3o brilhante, na medida de 1 ponto.<\/p>\n<p data-start=\"112\" data-end=\"303\">\ud83d\udd39 <strong>Descri\u00e7\u00e3o do diamante:<\/strong> Qualidade SI\/IJ<\/p>\n<p data-start=\"112\" data-end=\"303\">\ud83d\udd39 <strong>Detalhe:<\/strong> Carretilha em sua volta<\/p>\n<p data-start=\"112\" data-end=\"303\">\ud83d\udd39 <strong>Dimens\u00f5es:<\/strong> 4 mm de largura x 1,20 mm de altura<\/p>\n<p data-start=\"112\" data-end=\"303\">\ud83d\udd39 <strong>Peso aproximado:<\/strong> 08 gramas<\/p>\n<p data-start=\"112\" data-end=\"303\">\ud83d\udd39Conforto anat\u00f4mico e design dur\u00e1vel<\/p>\n<p data-start=\"112\" data-end=\"303\">\ud83d\udd39\u00a0Produ\u00e7\u00e3o artesanal sob encomenda<\/p>\n<p>&nbsp;<\/p>\n<p data-start=\"112\" data-end=\"303\"><strong>Uma joia \u00fanica, entregue na caixa de madeira exclusiva Thiago Pessoa.<\/strong><\/p>\n","protected":false},"excerpt":{"rendered":"<p>Alian\u00e7a em ouro 18k com diamante e textura lateral exclusiva.<\/p>\n<p>Desenvolvida sob encomenda, com conforto anat\u00f4mico e personaliza\u00e7\u00e3o interna.<\/p>\n<p><strong>Viva uma experi\u00eancia \u00fanica de produzir suas alian\u00e7as \u00a0no ateli\u00ea \u00a0com Thiago Pessoa.<\/strong><\/p>\n<p data-start=\"112\" data-end=\"303\">\n","protected":false},"featured_media":9335,"template":"","meta":{"_monsterinsights_skip_tracking":false,"_monsterinsights_sitenote_active":false,"_monsterinsights_sitenote_note":"","_monsterinsights_sitenote_category":0},"product_brand":[],"product_cat":[138,130,117],"product_tag":[920,933,911,106,942,97,941,939],"class_list":{"0":"post-6003","1":"product","2":"type-product","3":"status-publish","4":"has-post-thumbnail","6":"product_cat-alianca-tradicional","7":"product_cat-casamento","8":"product_cat-joias","9":"product_tag-4mm-largura","10":"product_tag-alianca-tradicional","11":"product_tag-amor-verdadeiro","12":"product_tag-compromisso","13":"product_tag-elegancia-atemporal","14":"product_tag-ouro-amarelo-18k","15":"product_tag-pedra-central-diamante-de-1pt","16":"product_tag-uniao","18":"first","19":"instock","20":"sold-individually","21":"shipping-taxable","22":"purchasable","23":"product-type-variable"},"yoast_head":"<!-- This site is optimized with the Yoast SEO plugin v27.4 - https:\/\/yoast.com\/product\/yoast-seo-wordpress\/ -->\n<title>Alian\u00e7a Lazio - Thiago Pessoa<\/title>\n<meta name=\"description\" content=\"Alian\u00e7a produzida de maneira artesanal, com t\u00e9cnicas tradicionais da ourivesaria. Personalize a parte interna com um s\u00edmbolo que marce a hist\u00f3ria do casal.\" \/>\n<meta name=\"robots\" content=\"index, follow, max-snippet:-1, max-image-preview:large, max-video-preview:-1\" \/>\n<link rel=\"canonical\" href=\"https:\/\/thiagopessoa.com\/pt_br\/shop\/casamento\/alianca-tradicional\/casamento-alianca-lazio\/\" \/>\n<meta property=\"og:locale\" content=\"pt_BR\" \/>\n<meta property=\"og:type\" content=\"article\" \/>\n<meta property=\"og:title\" content=\"Alian\u00e7a Lazio - Thiago Pessoa\" \/>\n<meta property=\"og:description\" content=\"Alian\u00e7a produzida de maneira artesanal, com t\u00e9cnicas tradicionais da ourivesaria. Personalize a parte interna com um s\u00edmbolo que marce a hist\u00f3ria do casal.\" \/>\n<meta property=\"og:url\" content=\"https:\/\/thiagopessoa.com\/pt_br\/shop\/casamento\/alianca-tradicional\/casamento-alianca-lazio\/\" \/>\n<meta property=\"og:site_name\" content=\"Thiago Pessoa\" \/>\n<meta property=\"article:modified_time\" content=\"2025-05-25T03:00:20+00:00\" \/>\n<meta property=\"og:image\" content=\"http:\/\/thiagopessoa.com\/wp-content\/uploads\/2023\/06\/Alianca-Lazio.png\" \/>\n\t<meta property=\"og:image:width\" content=\"1080\" \/>\n\t<meta property=\"og:image:height\" content=\"1350\" \/>\n\t<meta property=\"og:image:type\" content=\"image\/png\" \/>\n<meta name=\"twitter:card\" content=\"summary_large_image\" \/>\n<meta name=\"twitter:label1\" content=\"Est. tempo de leitura\" \/>\n\t<meta name=\"twitter:data1\" content=\"1 minuto\" \/>\n<script type=\"application\/ld+json\" class=\"yoast-schema-graph\">{\"@context\":\"https:\\\/\\\/schema.org\",\"@graph\":[{\"@type\":\"WebPage\",\"@id\":\"https:\\\/\\\/thiagopessoa.com\\\/shop\\\/casamento\\\/alianca-tradicional\\\/casamento-alianca-lazio\\\/\",\"url\":\"https:\\\/\\\/thiagopessoa.com\\\/shop\\\/casamento\\\/alianca-tradicional\\\/casamento-alianca-lazio\\\/\",\"name\":\"Alian\u00e7a Lazio - Thiago Pessoa\",\"isPartOf\":{\"@id\":\"https:\\\/\\\/thiagopessoa.com\\\/#website\"},\"primaryImageOfPage\":{\"@id\":\"https:\\\/\\\/thiagopessoa.com\\\/shop\\\/casamento\\\/alianca-tradicional\\\/casamento-alianca-lazio\\\/#primaryimage\"},\"image\":{\"@id\":\"https:\\\/\\\/thiagopessoa.com\\\/shop\\\/casamento\\\/alianca-tradicional\\\/casamento-alianca-lazio\\\/#primaryimage\"},\"thumbnailUrl\":\"https:\\\/\\\/thiagopessoa.com\\\/wp-content\\\/uploads\\\/2023\\\/06\\\/Alianca-Lazio.png\",\"datePublished\":\"2023-06-20T14:25:33+00:00\",\"dateModified\":\"2025-05-25T03:00:20+00:00\",\"description\":\"Alian\u00e7a produzida de maneira artesanal, com t\u00e9cnicas tradicionais da ourivesaria. Personalize a parte interna com um s\u00edmbolo que marce a hist\u00f3ria do casal.\",\"breadcrumb\":{\"@id\":\"https:\\\/\\\/thiagopessoa.com\\\/shop\\\/casamento\\\/alianca-tradicional\\\/casamento-alianca-lazio\\\/#breadcrumb\"},\"inLanguage\":\"pt-BR\",\"potentialAction\":[{\"@type\":\"ReadAction\",\"target\":[\"https:\\\/\\\/thiagopessoa.com\\\/shop\\\/casamento\\\/alianca-tradicional\\\/casamento-alianca-lazio\\\/\"]}]},{\"@type\":\"ImageObject\",\"inLanguage\":\"pt-BR\",\"@id\":\"https:\\\/\\\/thiagopessoa.com\\\/shop\\\/casamento\\\/alianca-tradicional\\\/casamento-alianca-lazio\\\/#primaryimage\",\"url\":\"https:\\\/\\\/thiagopessoa.com\\\/wp-content\\\/uploads\\\/2023\\\/06\\\/Alianca-Lazio.png\",\"contentUrl\":\"https:\\\/\\\/thiagopessoa.com\\\/wp-content\\\/uploads\\\/2023\\\/06\\\/Alianca-Lazio.png\",\"width\":1080,\"height\":1350},{\"@type\":\"BreadcrumbList\",\"@id\":\"https:\\\/\\\/thiagopessoa.com\\\/shop\\\/casamento\\\/alianca-tradicional\\\/casamento-alianca-lazio\\\/#breadcrumb\",\"itemListElement\":[{\"@type\":\"ListItem\",\"position\":1,\"name\":\"In\u00edcio\",\"item\":\"https:\\\/\\\/thiagopessoa.com\\\/pt_br\\\/\"},{\"@type\":\"ListItem\",\"position\":2,\"name\":\"Shop\",\"item\":\"https:\\\/\\\/thiagopessoa.com\\\/shop\\\/\"},{\"@type\":\"ListItem\",\"position\":3,\"name\":\"Casamento\",\"item\":\"https:\\\/\\\/thiagopessoa.com\\\/product-category\\\/casamento\\\/\"},{\"@type\":\"ListItem\",\"position\":4,\"name\":\"Alian\u00e7as Tradicionais\",\"item\":\"https:\\\/\\\/thiagopessoa.com\\\/product-category\\\/casamento\\\/alianca-tradicional\\\/\"},{\"@type\":\"ListItem\",\"position\":5,\"name\":\"Alian\u00e7a Lazio\"}]},{\"@type\":\"WebSite\",\"@id\":\"https:\\\/\\\/thiagopessoa.com\\\/#website\",\"url\":\"https:\\\/\\\/thiagopessoa.com\\\/\",\"name\":\"Loja Thiago Pessoa\",\"description\":\"Ourives e Designer de Joias\",\"publisher\":{\"@id\":\"https:\\\/\\\/thiagopessoa.com\\\/#organization\"},\"alternateName\":\"Thiago Pessoa\",\"potentialAction\":[{\"@type\":\"SearchAction\",\"target\":{\"@type\":\"EntryPoint\",\"urlTemplate\":\"https:\\\/\\\/thiagopessoa.com\\\/?s={search_term_string}\"},\"query-input\":{\"@type\":\"PropertyValueSpecification\",\"valueRequired\":true,\"valueName\":\"search_term_string\"}}],\"inLanguage\":\"pt-BR\"},{\"@type\":\"Organization\",\"@id\":\"https:\\\/\\\/thiagopessoa.com\\\/#organization\",\"name\":\"Thiago Pessoa Ourivesaria & Design de joias e alian\u00e7as exclusivas e personalizadas.\",\"alternateName\":\"Thiago Pessoa Ourivesaria & Design de joias e alian\u00e7as exclusivas e personalizadas.\",\"url\":\"https:\\\/\\\/thiagopessoa.com\\\/\",\"logo\":{\"@type\":\"ImageObject\",\"inLanguage\":\"pt-BR\",\"@id\":\"https:\\\/\\\/thiagopessoa.com\\\/#\\\/schema\\\/logo\\\/image\\\/\",\"url\":\"http:\\\/\\\/thiagopessoa.com\\\/wp-content\\\/uploads\\\/2022\\\/12\\\/SUPERHORIZONTAL_PRETO.png\",\"contentUrl\":\"http:\\\/\\\/thiagopessoa.com\\\/wp-content\\\/uploads\\\/2022\\\/12\\\/SUPERHORIZONTAL_PRETO.png\",\"width\":2226,\"height\":622,\"caption\":\"Thiago Pessoa Ourivesaria & Design de joias e alian\u00e7as exclusivas e personalizadas.\"},\"image\":{\"@id\":\"https:\\\/\\\/thiagopessoa.com\\\/#\\\/schema\\\/logo\\\/image\\\/\"},\"sameAs\":[\"https:\\\/\\\/www.instagram.com\\\/thiagopessoajoias\\\/\"]}]}<\/script>\n<!-- \/ Yoast SEO plugin. -->","yoast_head_json":{"title":"Alian\u00e7a Lazio - Thiago Pessoa","description":"Alian\u00e7a produzida de maneira artesanal, com t\u00e9cnicas tradicionais da ourivesaria. Personalize a parte interna com um s\u00edmbolo que marce a hist\u00f3ria do casal.","robots":{"index":"index","follow":"follow","max-snippet":"max-snippet:-1","max-image-preview":"max-image-preview:large","max-video-preview":"max-video-preview:-1"},"canonical":"https:\/\/thiagopessoa.com\/pt_br\/shop\/casamento\/alianca-tradicional\/casamento-alianca-lazio\/","og_locale":"pt_BR","og_type":"article","og_title":"Alian\u00e7a Lazio - Thiago Pessoa","og_description":"Alian\u00e7a produzida de maneira artesanal, com t\u00e9cnicas tradicionais da ourivesaria. Personalize a parte interna com um s\u00edmbolo que marce a hist\u00f3ria do casal.","og_url":"https:\/\/thiagopessoa.com\/pt_br\/shop\/casamento\/alianca-tradicional\/casamento-alianca-lazio\/","og_site_name":"Thiago Pessoa","article_modified_time":"2025-05-25T03:00:20+00:00","og_image":[{"width":1080,"height":1350,"url":"http:\/\/thiagopessoa.com\/wp-content\/uploads\/2023\/06\/Alianca-Lazio.png","type":"image\/png"}],"twitter_card":"summary_large_image","twitter_misc":{"Est. tempo de leitura":"1 minuto"},"schema":{"@context":"https:\/\/schema.org","@graph":[{"@type":"WebPage","@id":"https:\/\/thiagopessoa.com\/shop\/casamento\/alianca-tradicional\/casamento-alianca-lazio\/","url":"https:\/\/thiagopessoa.com\/shop\/casamento\/alianca-tradicional\/casamento-alianca-lazio\/","name":"Alian\u00e7a Lazio - Thiago Pessoa","isPartOf":{"@id":"https:\/\/thiagopessoa.com\/#website"},"primaryImageOfPage":{"@id":"https:\/\/thiagopessoa.com\/shop\/casamento\/alianca-tradicional\/casamento-alianca-lazio\/#primaryimage"},"image":{"@id":"https:\/\/thiagopessoa.com\/shop\/casamento\/alianca-tradicional\/casamento-alianca-lazio\/#primaryimage"},"thumbnailUrl":"https:\/\/thiagopessoa.com\/wp-content\/uploads\/2023\/06\/Alianca-Lazio.png","datePublished":"2023-06-20T14:25:33+00:00","dateModified":"2025-05-25T03:00:20+00:00","description":"Alian\u00e7a produzida de maneira artesanal, com t\u00e9cnicas tradicionais da ourivesaria. Personalize a parte interna com um s\u00edmbolo que marce a hist\u00f3ria do casal.","breadcrumb":{"@id":"https:\/\/thiagopessoa.com\/shop\/casamento\/alianca-tradicional\/casamento-alianca-lazio\/#breadcrumb"},"inLanguage":"pt-BR","potentialAction":[{"@type":"ReadAction","target":["https:\/\/thiagopessoa.com\/shop\/casamento\/alianca-tradicional\/casamento-alianca-lazio\/"]}]},{"@type":"ImageObject","inLanguage":"pt-BR","@id":"https:\/\/thiagopessoa.com\/shop\/casamento\/alianca-tradicional\/casamento-alianca-lazio\/#primaryimage","url":"https:\/\/thiagopessoa.com\/wp-content\/uploads\/2023\/06\/Alianca-Lazio.png","contentUrl":"https:\/\/thiagopessoa.com\/wp-content\/uploads\/2023\/06\/Alianca-Lazio.png","width":1080,"height":1350},{"@type":"BreadcrumbList","@id":"https:\/\/thiagopessoa.com\/shop\/casamento\/alianca-tradicional\/casamento-alianca-lazio\/#breadcrumb","itemListElement":[{"@type":"ListItem","position":1,"name":"In\u00edcio","item":"https:\/\/thiagopessoa.com\/pt_br\/"},{"@type":"ListItem","position":2,"name":"Shop","item":"https:\/\/thiagopessoa.com\/shop\/"},{"@type":"ListItem","position":3,"name":"Casamento","item":"https:\/\/thiagopessoa.com\/product-category\/casamento\/"},{"@type":"ListItem","position":4,"name":"Alian\u00e7as Tradicionais","item":"https:\/\/thiagopessoa.com\/product-category\/casamento\/alianca-tradicional\/"},{"@type":"ListItem","position":5,"name":"Alian\u00e7a Lazio"}]},{"@type":"WebSite","@id":"https:\/\/thiagopessoa.com\/#website","url":"https:\/\/thiagopessoa.com\/","name":"Loja Thiago Pessoa","description":"Ourives e Designer de Joias","publisher":{"@id":"https:\/\/thiagopessoa.com\/#organization"},"alternateName":"Thiago Pessoa","potentialAction":[{"@type":"SearchAction","target":{"@type":"EntryPoint","urlTemplate":"https:\/\/thiagopessoa.com\/?s={search_term_string}"},"query-input":{"@type":"PropertyValueSpecification","valueRequired":true,"valueName":"search_term_string"}}],"inLanguage":"pt-BR"},{"@type":"Organization","@id":"https:\/\/thiagopessoa.com\/#organization","name":"Thiago Pessoa Ourivesaria & Design de joias e alian\u00e7as exclusivas e personalizadas.","alternateName":"Thiago Pessoa Ourivesaria & Design de joias e alian\u00e7as exclusivas e personalizadas.","url":"https:\/\/thiagopessoa.com\/","logo":{"@type":"ImageObject","inLanguage":"pt-BR","@id":"https:\/\/thiagopessoa.com\/#\/schema\/logo\/image\/","url":"http:\/\/thiagopessoa.com\/wp-content\/uploads\/2022\/12\/SUPERHORIZONTAL_PRETO.png","contentUrl":"http:\/\/thiagopessoa.com\/wp-content\/uploads\/2022\/12\/SUPERHORIZONTAL_PRETO.png","width":2226,"height":622,"caption":"Thiago Pessoa Ourivesaria & Design de joias e alian\u00e7as exclusivas e personalizadas."},"image":{"@id":"https:\/\/thiagopessoa.com\/#\/schema\/logo\/image\/"},"sameAs":["https:\/\/www.instagram.com\/thiagopessoajoias\/"]}]}},"_links":{"self":[{"href":"https:\/\/thiagopessoa.com\/pt_br\/wp-json\/wp\/v2\/product\/6003","targetHints":{"allow":["GET"]}}],"collection":[{"href":"https:\/\/thiagopessoa.com\/pt_br\/wp-json\/wp\/v2\/product"}],"about":[{"href":"https:\/\/thiagopessoa.com\/pt_br\/wp-json\/wp\/v2\/types\/product"}],"wp:featuredmedia":[{"embeddable":true,"href":"https:\/\/thiagopessoa.com\/pt_br\/wp-json\/wp\/v2\/media\/9335"}],"wp:attachment":[{"href":"https:\/\/thiagopessoa.com\/pt_br\/wp-json\/wp\/v2\/media?parent=6003"}],"wp:term":[{"taxonomy":"product_brand","embeddable":true,"href":"https:\/\/thiagopessoa.com\/pt_br\/wp-json\/wp\/v2\/product_brand?post=6003"},{"taxonomy":"product_cat","embeddable":true,"href":"https:\/\/thiagopessoa.com\/pt_br\/wp-json\/wp\/v2\/product_cat?post=6003"},{"taxonomy":"product_tag","embeddable":true,"href":"https:\/\/thiagopessoa.com\/pt_br\/wp-json\/wp\/v2\/product_tag?post=6003"}],"curies":[{"name":"wp","href":"https:\/\/api.w.org\/{rel}","templated":true}]}}