{"id":11943,"date":"2025-11-24T01:36:59","date_gmt":"2025-11-24T01:36:59","guid":{"rendered":"https:\/\/thiagopessoa.com\/?post_type=product&#038;p=11943"},"modified":"2025-11-24T01:56:53","modified_gmt":"2025-11-24T01:56:53","slug":"anel-florescer-ametista","status":"publish","type":"product","link":"https:\/\/thiagopessoa.com\/pt_br\/shop\/colecoes\/florescer\/anel-florescer-ametista\/","title":{"rendered":"Anel Florescer Ametista"},"content":{"rendered":"<p class=\"p1\"><b>Anel em prata 925 com banho de ouro amarelo e ametista natural. Uma joia de presen\u00e7a, criada para mulheres que florescem com intensidade e prop\u00f3sito.<\/b><\/p>\n","protected":false},"excerpt":{"rendered":"<p class=\"p1\">Criado em prata 925 com banho de ouro amarelo, o <span class=\"s1\"><b>Anel Florescer Dourado<\/b><\/span> \u00e9 a express\u00e3o m\u00e1xima do florescimento feminino: firme, intenso, luminoso. Suas p\u00e9talas artesanais abra\u00e7am a <span class=\"s1\"><b>ametista<\/b><\/span>, pedra que representa prote\u00e7\u00e3o, espiritualidade e a for\u00e7a que nasce da consci\u00eancia de si.<\/p>\n<p class=\"p3\"><span class=\"s2\">A joia refor\u00e7a o conceito da cole\u00e7\u00e3o: <\/span><b>Florescer \u00e9 ter coragem de se transformar e de permanecer fiel a quem voc\u00ea \u00e9.<\/b><b><\/b><\/p>\n<p class=\"p1\">Produzido em <span class=\"s1\"><b>edi\u00e7\u00e3o limitada<\/b><\/span>, o anel carrega identidade, luxo silencioso e um brilho que traduz presen\u00e7a.<\/p>\n","protected":false},"featured_media":11944,"template":"","meta":{"_monsterinsights_skip_tracking":false,"_monsterinsights_sitenote_active":false,"_monsterinsights_sitenote_note":"","_monsterinsights_sitenote_category":0},"product_brand":[],"product_cat":[121,1104],"product_tag":[],"class_list":{"0":"post-11943","1":"product","2":"type-product","3":"status-publish","4":"has-post-thumbnail","6":"product_cat-aneis","7":"product_cat-florescer","9":"first","10":"instock","11":"shipping-taxable","12":"purchasable","13":"product-type-simple"},"yoast_head":"<!-- This site is optimized with the Yoast SEO plugin v26.3 - https:\/\/yoast.com\/wordpress\/plugins\/seo\/ -->\n<title>Anel Florescer Ametista - Thiago Pessoa<\/title>\n<meta name=\"robots\" content=\"index, follow, max-snippet:-1, max-image-preview:large, max-video-preview:-1\" \/>\n<link rel=\"canonical\" href=\"https:\/\/thiagopessoa.com\/pt_br\/shop\/colecoes\/florescer\/anel-florescer-ametista\/\" \/>\n<meta property=\"og:locale\" content=\"pt_BR\" \/>\n<meta property=\"og:type\" content=\"article\" \/>\n<meta property=\"og:title\" content=\"Anel Florescer Ametista - Thiago Pessoa\" \/>\n<meta property=\"og:description\" content=\"Criado em prata 925 com banho de ouro amarelo, o Anel Florescer Dourado \u00e9 a express\u00e3o m\u00e1xima do florescimento feminino: firme, intenso, luminoso. Suas p\u00e9talas artesanais abra\u00e7am a ametista, pedra que representa prote\u00e7\u00e3o, espiritualidade e a for\u00e7a que nasce da consci\u00eancia de si. A joia refor\u00e7a o conceito da cole\u00e7\u00e3o: Florescer \u00e9 ter coragem de se transformar e de permanecer fiel a quem voc\u00ea \u00e9. Produzido em edi\u00e7\u00e3o limitada, o anel carrega identidade, luxo silencioso e um brilho que traduz presen\u00e7a.\" \/>\n<meta property=\"og:url\" content=\"https:\/\/thiagopessoa.com\/pt_br\/shop\/colecoes\/florescer\/anel-florescer-ametista\/\" \/>\n<meta property=\"og:site_name\" content=\"Thiago Pessoa\" \/>\n<meta property=\"article:modified_time\" content=\"2025-11-24T01:56:53+00:00\" \/>\n<meta property=\"og:image\" content=\"http:\/\/thiagopessoa.com\/wp-content\/uploads\/2025\/11\/TP291.jpg\" \/>\n\t<meta property=\"og:image:width\" content=\"1890\" \/>\n\t<meta property=\"og:image:height\" content=\"2362\" \/>\n\t<meta property=\"og:image:type\" content=\"image\/jpeg\" \/>\n<meta name=\"twitter:card\" content=\"summary_large_image\" \/>\n<meta name=\"twitter:label1\" content=\"Est. tempo de leitura\" \/>\n\t<meta name=\"twitter:data1\" content=\"1 minuto\" \/>\n<script type=\"application\/ld+json\" class=\"yoast-schema-graph\">{\"@context\":\"https:\/\/schema.org\",\"@graph\":[{\"@type\":\"WebPage\",\"@id\":\"https:\/\/thiagopessoa.com\/shop\/colecoes\/florescer\/anel-florescer-ametista\/\",\"url\":\"https:\/\/thiagopessoa.com\/shop\/colecoes\/florescer\/anel-florescer-ametista\/\",\"name\":\"Anel Florescer Ametista - Thiago Pessoa\",\"isPartOf\":{\"@id\":\"https:\/\/thiagopessoa.com\/#website\"},\"primaryImageOfPage\":{\"@id\":\"https:\/\/thiagopessoa.com\/shop\/colecoes\/florescer\/anel-florescer-ametista\/#primaryimage\"},\"image\":{\"@id\":\"https:\/\/thiagopessoa.com\/shop\/colecoes\/florescer\/anel-florescer-ametista\/#primaryimage\"},\"thumbnailUrl\":\"https:\/\/thiagopessoa.com\/wp-content\/uploads\/2025\/11\/TP291.jpg\",\"datePublished\":\"2025-11-24T01:36:59+00:00\",\"dateModified\":\"2025-11-24T01:56:53+00:00\",\"breadcrumb\":{\"@id\":\"https:\/\/thiagopessoa.com\/shop\/colecoes\/florescer\/anel-florescer-ametista\/#breadcrumb\"},\"inLanguage\":\"pt-BR\",\"potentialAction\":[{\"@type\":\"ReadAction\",\"target\":[\"https:\/\/thiagopessoa.com\/shop\/colecoes\/florescer\/anel-florescer-ametista\/\"]}]},{\"@type\":\"ImageObject\",\"inLanguage\":\"pt-BR\",\"@id\":\"https:\/\/thiagopessoa.com\/shop\/colecoes\/florescer\/anel-florescer-ametista\/#primaryimage\",\"url\":\"https:\/\/thiagopessoa.com\/wp-content\/uploads\/2025\/11\/TP291.jpg\",\"contentUrl\":\"https:\/\/thiagopessoa.com\/wp-content\/uploads\/2025\/11\/TP291.jpg\",\"width\":1890,\"height\":2362},{\"@type\":\"BreadcrumbList\",\"@id\":\"https:\/\/thiagopessoa.com\/shop\/colecoes\/florescer\/anel-florescer-ametista\/#breadcrumb\",\"itemListElement\":[{\"@type\":\"ListItem\",\"position\":1,\"name\":\"In\u00edcio\",\"item\":\"https:\/\/thiagopessoa.com\/pt_br\/\"},{\"@type\":\"ListItem\",\"position\":2,\"name\":\"Shop\",\"item\":\"https:\/\/thiagopessoa.com\/shop\/\"},{\"@type\":\"ListItem\",\"position\":3,\"name\":\"Cole\u00e7\u00f5es\",\"item\":\"https:\/\/thiagopessoa.com\/product-category\/colecoes\/\"},{\"@type\":\"ListItem\",\"position\":4,\"name\":\"Florescer\",\"item\":\"https:\/\/thiagopessoa.com\/product-category\/colecoes\/florescer\/\"},{\"@type\":\"ListItem\",\"position\":5,\"name\":\"Anel Florescer Ametista\"}]},{\"@type\":\"WebSite\",\"@id\":\"https:\/\/thiagopessoa.com\/#website\",\"url\":\"https:\/\/thiagopessoa.com\/\",\"name\":\"Loja Thiago Pessoa\",\"description\":\"Ourives e Designer de Joias\",\"publisher\":{\"@id\":\"https:\/\/thiagopessoa.com\/#organization\"},\"alternateName\":\"Thiago Pessoa\",\"potentialAction\":[{\"@type\":\"SearchAction\",\"target\":{\"@type\":\"EntryPoint\",\"urlTemplate\":\"https:\/\/thiagopessoa.com\/?s={search_term_string}\"},\"query-input\":{\"@type\":\"PropertyValueSpecification\",\"valueRequired\":true,\"valueName\":\"search_term_string\"}}],\"inLanguage\":\"pt-BR\"},{\"@type\":\"Organization\",\"@id\":\"https:\/\/thiagopessoa.com\/#organization\",\"name\":\"Thiago Pessoa Ourivesaria & Design de joias e alian\u00e7as exclusivas e personalizadas.\",\"alternateName\":\"Thiago Pessoa Ourivesaria & Design de joias e alian\u00e7as exclusivas e personalizadas.\",\"url\":\"https:\/\/thiagopessoa.com\/\",\"logo\":{\"@type\":\"ImageObject\",\"inLanguage\":\"pt-BR\",\"@id\":\"https:\/\/thiagopessoa.com\/#\/schema\/logo\/image\/\",\"url\":\"http:\/\/thiagopessoa.com\/wp-content\/uploads\/2022\/12\/SUPERHORIZONTAL_PRETO.png\",\"contentUrl\":\"http:\/\/thiagopessoa.com\/wp-content\/uploads\/2022\/12\/SUPERHORIZONTAL_PRETO.png\",\"width\":2226,\"height\":622,\"caption\":\"Thiago Pessoa Ourivesaria & Design de joias e alian\u00e7as exclusivas e personalizadas.\"},\"image\":{\"@id\":\"https:\/\/thiagopessoa.com\/#\/schema\/logo\/image\/\"},\"sameAs\":[\"https:\/\/www.instagram.com\/thiagopessoajoias\/\"]}]}<\/script>\n<!-- \/ Yoast SEO plugin. -->","yoast_head_json":{"title":"Anel Florescer Ametista - Thiago Pessoa","robots":{"index":"index","follow":"follow","max-snippet":"max-snippet:-1","max-image-preview":"max-image-preview:large","max-video-preview":"max-video-preview:-1"},"canonical":"https:\/\/thiagopessoa.com\/pt_br\/shop\/colecoes\/florescer\/anel-florescer-ametista\/","og_locale":"pt_BR","og_type":"article","og_title":"Anel Florescer Ametista - Thiago Pessoa","og_description":"Criado em prata 925 com banho de ouro amarelo, o Anel Florescer Dourado \u00e9 a express\u00e3o m\u00e1xima do florescimento feminino: firme, intenso, luminoso. Suas p\u00e9talas artesanais abra\u00e7am a ametista, pedra que representa prote\u00e7\u00e3o, espiritualidade e a for\u00e7a que nasce da consci\u00eancia de si. A joia refor\u00e7a o conceito da cole\u00e7\u00e3o: Florescer \u00e9 ter coragem de se transformar e de permanecer fiel a quem voc\u00ea \u00e9. Produzido em edi\u00e7\u00e3o limitada, o anel carrega identidade, luxo silencioso e um brilho que traduz presen\u00e7a.","og_url":"https:\/\/thiagopessoa.com\/pt_br\/shop\/colecoes\/florescer\/anel-florescer-ametista\/","og_site_name":"Thiago Pessoa","article_modified_time":"2025-11-24T01:56:53+00:00","og_image":[{"width":1890,"height":2362,"url":"http:\/\/thiagopessoa.com\/wp-content\/uploads\/2025\/11\/TP291.jpg","type":"image\/jpeg"}],"twitter_card":"summary_large_image","twitter_misc":{"Est. tempo de leitura":"1 minuto"},"schema":{"@context":"https:\/\/schema.org","@graph":[{"@type":"WebPage","@id":"https:\/\/thiagopessoa.com\/shop\/colecoes\/florescer\/anel-florescer-ametista\/","url":"https:\/\/thiagopessoa.com\/shop\/colecoes\/florescer\/anel-florescer-ametista\/","name":"Anel Florescer Ametista - Thiago Pessoa","isPartOf":{"@id":"https:\/\/thiagopessoa.com\/#website"},"primaryImageOfPage":{"@id":"https:\/\/thiagopessoa.com\/shop\/colecoes\/florescer\/anel-florescer-ametista\/#primaryimage"},"image":{"@id":"https:\/\/thiagopessoa.com\/shop\/colecoes\/florescer\/anel-florescer-ametista\/#primaryimage"},"thumbnailUrl":"https:\/\/thiagopessoa.com\/wp-content\/uploads\/2025\/11\/TP291.jpg","datePublished":"2025-11-24T01:36:59+00:00","dateModified":"2025-11-24T01:56:53+00:00","breadcrumb":{"@id":"https:\/\/thiagopessoa.com\/shop\/colecoes\/florescer\/anel-florescer-ametista\/#breadcrumb"},"inLanguage":"pt-BR","potentialAction":[{"@type":"ReadAction","target":["https:\/\/thiagopessoa.com\/shop\/colecoes\/florescer\/anel-florescer-ametista\/"]}]},{"@type":"ImageObject","inLanguage":"pt-BR","@id":"https:\/\/thiagopessoa.com\/shop\/colecoes\/florescer\/anel-florescer-ametista\/#primaryimage","url":"https:\/\/thiagopessoa.com\/wp-content\/uploads\/2025\/11\/TP291.jpg","contentUrl":"https:\/\/thiagopessoa.com\/wp-content\/uploads\/2025\/11\/TP291.jpg","width":1890,"height":2362},{"@type":"BreadcrumbList","@id":"https:\/\/thiagopessoa.com\/shop\/colecoes\/florescer\/anel-florescer-ametista\/#breadcrumb","itemListElement":[{"@type":"ListItem","position":1,"name":"In\u00edcio","item":"https:\/\/thiagopessoa.com\/pt_br\/"},{"@type":"ListItem","position":2,"name":"Shop","item":"https:\/\/thiagopessoa.com\/shop\/"},{"@type":"ListItem","position":3,"name":"Cole\u00e7\u00f5es","item":"https:\/\/thiagopessoa.com\/product-category\/colecoes\/"},{"@type":"ListItem","position":4,"name":"Florescer","item":"https:\/\/thiagopessoa.com\/product-category\/colecoes\/florescer\/"},{"@type":"ListItem","position":5,"name":"Anel Florescer Ametista"}]},{"@type":"WebSite","@id":"https:\/\/thiagopessoa.com\/#website","url":"https:\/\/thiagopessoa.com\/","name":"Loja Thiago Pessoa","description":"Ourives e Designer de Joias","publisher":{"@id":"https:\/\/thiagopessoa.com\/#organization"},"alternateName":"Thiago Pessoa","potentialAction":[{"@type":"SearchAction","target":{"@type":"EntryPoint","urlTemplate":"https:\/\/thiagopessoa.com\/?s={search_term_string}"},"query-input":{"@type":"PropertyValueSpecification","valueRequired":true,"valueName":"search_term_string"}}],"inLanguage":"pt-BR"},{"@type":"Organization","@id":"https:\/\/thiagopessoa.com\/#organization","name":"Thiago Pessoa Ourivesaria & Design de joias e alian\u00e7as exclusivas e personalizadas.","alternateName":"Thiago Pessoa Ourivesaria & Design de joias e alian\u00e7as exclusivas e personalizadas.","url":"https:\/\/thiagopessoa.com\/","logo":{"@type":"ImageObject","inLanguage":"pt-BR","@id":"https:\/\/thiagopessoa.com\/#\/schema\/logo\/image\/","url":"http:\/\/thiagopessoa.com\/wp-content\/uploads\/2022\/12\/SUPERHORIZONTAL_PRETO.png","contentUrl":"http:\/\/thiagopessoa.com\/wp-content\/uploads\/2022\/12\/SUPERHORIZONTAL_PRETO.png","width":2226,"height":622,"caption":"Thiago Pessoa Ourivesaria & Design de joias e alian\u00e7as exclusivas e personalizadas."},"image":{"@id":"https:\/\/thiagopessoa.com\/#\/schema\/logo\/image\/"},"sameAs":["https:\/\/www.instagram.com\/thiagopessoajoias\/"]}]}},"_links":{"self":[{"href":"https:\/\/thiagopessoa.com\/pt_br\/wp-json\/wp\/v2\/product\/11943","targetHints":{"allow":["GET"]}}],"collection":[{"href":"https:\/\/thiagopessoa.com\/pt_br\/wp-json\/wp\/v2\/product"}],"about":[{"href":"https:\/\/thiagopessoa.com\/pt_br\/wp-json\/wp\/v2\/types\/product"}],"wp:featuredmedia":[{"embeddable":true,"href":"https:\/\/thiagopessoa.com\/pt_br\/wp-json\/wp\/v2\/media\/11944"}],"wp:attachment":[{"href":"https:\/\/thiagopessoa.com\/pt_br\/wp-json\/wp\/v2\/media?parent=11943"}],"wp:term":[{"taxonomy":"product_brand","embeddable":true,"href":"https:\/\/thiagopessoa.com\/pt_br\/wp-json\/wp\/v2\/product_brand?post=11943"},{"taxonomy":"product_cat","embeddable":true,"href":"https:\/\/thiagopessoa.com\/pt_br\/wp-json\/wp\/v2\/product_cat?post=11943"},{"taxonomy":"product_tag","embeddable":true,"href":"https:\/\/thiagopessoa.com\/pt_br\/wp-json\/wp\/v2\/product_tag?post=11943"}],"curies":[{"name":"wp","href":"https:\/\/api.w.org\/{rel}","templated":true}]}}