{"id":11936,"date":"2025-11-24T01:03:14","date_gmt":"2025-11-24T01:03:14","guid":{"rendered":"https:\/\/thiagopessoa.com\/?post_type=product&#038;p=11936"},"modified":"2025-11-24T01:07:58","modified_gmt":"2025-11-24T01:07:58","slug":"ametista","status":"publish","type":"product","link":"https:\/\/thiagopessoa.com\/pt_br\/shop\/colecoes\/florescer\/ametista\/","title":{"rendered":"Brinco Florescer Ametista"},"content":{"rendered":"<p class=\"p1\"><b>Brinco Florescer Ros\u00e9 em prata 925 com banho de ouro amarelo e amestista. Uma joia autoral que representa o renascimento feminino, feita \u00e0 m\u00e3o em edi\u00e7\u00e3o limitada.<\/b><\/p>\n","protected":false},"excerpt":{"rendered":"<p class=\"p1\">Produzido artesanalmente em prata 925 com banho de ouro amarelo, o <span class=\"s1\"><b>Brinco Florescer Dourado<\/b><\/span> expressa o lado mais intenso e vibrante do feminino. Suas p\u00e9talas moldadas \u00e0 m\u00e3o ganham profundidade e movimento, enquanto a <span class=\"s1\"><b>ametista central<\/b><\/span> reflete coragem, expans\u00e3o e a energia de uma mulher que sabe quem \u00e9.<\/p>\n<p class=\"p1\">A joia traduz a ess\u00eancia da cole\u00e7\u00e3o: <span class=\"s1\"><b>Florescer \u00e9 assumir sua for\u00e7a.<\/b><b><\/b><\/span><\/p>\n<p class=\"p1\">\u00c9 ocupar espa\u00e7o, revelar sua luz e celebrar a vers\u00e3o mais plena de si mesma.<\/p>\n<p class=\"p1\">Criado em <span class=\"s1\"><b>edi\u00e7\u00e3o limitada<\/b><\/span>, o brinco carrega exclusividade real \u2014 uma joia colecion\u00e1vel que combina presen\u00e7a, eleg\u00e2ncia e significado em cada detalhe.<\/p>\n","protected":false},"featured_media":11937,"template":"","meta":{"_monsterinsights_skip_tracking":false,"_monsterinsights_sitenote_active":false,"_monsterinsights_sitenote_note":"","_monsterinsights_sitenote_category":0},"product_brand":[],"product_cat":[118,945,1104,117],"product_tag":[],"class_list":{"0":"post-11936","1":"product","2":"type-product","3":"status-publish","4":"has-post-thumbnail","6":"product_cat-brincos","7":"product_cat-colecoes","8":"product_cat-florescer","9":"product_cat-joias","11":"first","12":"instock","13":"shipping-taxable","14":"purchasable","15":"product-type-simple"},"yoast_head":"<!-- This site is optimized with the Yoast SEO plugin v26.3 - https:\/\/yoast.com\/wordpress\/plugins\/seo\/ -->\n<title>Brinco Florescer Ametista - Thiago Pessoa<\/title>\n<meta name=\"robots\" content=\"index, follow, max-snippet:-1, max-image-preview:large, max-video-preview:-1\" \/>\n<link rel=\"canonical\" href=\"https:\/\/thiagopessoa.com\/pt_br\/shop\/colecoes\/florescer\/ametista\/\" \/>\n<meta property=\"og:locale\" content=\"pt_BR\" \/>\n<meta property=\"og:type\" content=\"article\" \/>\n<meta property=\"og:title\" content=\"Brinco Florescer Ametista - Thiago Pessoa\" \/>\n<meta property=\"og:description\" content=\"Produzido artesanalmente em prata 925 com banho de ouro amarelo, o Brinco Florescer Dourado expressa o lado mais intenso e vibrante do feminino. Suas p\u00e9talas moldadas \u00e0 m\u00e3o ganham profundidade e movimento, enquanto a ametista central reflete coragem, expans\u00e3o e a energia de uma mulher que sabe quem \u00e9. A joia traduz a ess\u00eancia da cole\u00e7\u00e3o: Florescer \u00e9 assumir sua for\u00e7a. \u00c9 ocupar espa\u00e7o, revelar sua luz e celebrar a vers\u00e3o mais plena de si mesma. Criado em edi\u00e7\u00e3o limitada, o brinco carrega exclusividade real \u2014 uma joia colecion\u00e1vel que combina presen\u00e7a, eleg\u00e2ncia e significado em cada detalhe.\" \/>\n<meta property=\"og:url\" content=\"https:\/\/thiagopessoa.com\/pt_br\/shop\/colecoes\/florescer\/ametista\/\" \/>\n<meta property=\"og:site_name\" content=\"Thiago Pessoa\" \/>\n<meta property=\"article:modified_time\" content=\"2025-11-24T01:07:58+00:00\" \/>\n<meta property=\"og:image\" content=\"http:\/\/thiagopessoa.com\/wp-content\/uploads\/2025\/11\/TP294.jpg\" \/>\n\t<meta property=\"og:image:width\" content=\"1890\" \/>\n\t<meta property=\"og:image:height\" content=\"2362\" \/>\n\t<meta property=\"og:image:type\" content=\"image\/jpeg\" \/>\n<meta name=\"twitter:card\" content=\"summary_large_image\" \/>\n<meta name=\"twitter:label1\" content=\"Est. tempo de leitura\" \/>\n\t<meta name=\"twitter:data1\" content=\"1 minuto\" \/>\n<script type=\"application\/ld+json\" class=\"yoast-schema-graph\">{\"@context\":\"https:\/\/schema.org\",\"@graph\":[{\"@type\":\"WebPage\",\"@id\":\"https:\/\/thiagopessoa.com\/shop\/colecoes\/florescer\/ametista\/\",\"url\":\"https:\/\/thiagopessoa.com\/shop\/colecoes\/florescer\/ametista\/\",\"name\":\"Brinco Florescer Ametista - Thiago Pessoa\",\"isPartOf\":{\"@id\":\"https:\/\/thiagopessoa.com\/#website\"},\"primaryImageOfPage\":{\"@id\":\"https:\/\/thiagopessoa.com\/shop\/colecoes\/florescer\/ametista\/#primaryimage\"},\"image\":{\"@id\":\"https:\/\/thiagopessoa.com\/shop\/colecoes\/florescer\/ametista\/#primaryimage\"},\"thumbnailUrl\":\"https:\/\/thiagopessoa.com\/wp-content\/uploads\/2025\/11\/TP294.jpg\",\"datePublished\":\"2025-11-24T01:03:14+00:00\",\"dateModified\":\"2025-11-24T01:07:58+00:00\",\"breadcrumb\":{\"@id\":\"https:\/\/thiagopessoa.com\/shop\/colecoes\/florescer\/ametista\/#breadcrumb\"},\"inLanguage\":\"pt-BR\",\"potentialAction\":[{\"@type\":\"ReadAction\",\"target\":[\"https:\/\/thiagopessoa.com\/shop\/colecoes\/florescer\/ametista\/\"]}]},{\"@type\":\"ImageObject\",\"inLanguage\":\"pt-BR\",\"@id\":\"https:\/\/thiagopessoa.com\/shop\/colecoes\/florescer\/ametista\/#primaryimage\",\"url\":\"https:\/\/thiagopessoa.com\/wp-content\/uploads\/2025\/11\/TP294.jpg\",\"contentUrl\":\"https:\/\/thiagopessoa.com\/wp-content\/uploads\/2025\/11\/TP294.jpg\",\"width\":1890,\"height\":2362},{\"@type\":\"BreadcrumbList\",\"@id\":\"https:\/\/thiagopessoa.com\/shop\/colecoes\/florescer\/ametista\/#breadcrumb\",\"itemListElement\":[{\"@type\":\"ListItem\",\"position\":1,\"name\":\"In\u00edcio\",\"item\":\"https:\/\/thiagopessoa.com\/pt_br\/\"},{\"@type\":\"ListItem\",\"position\":2,\"name\":\"Shop\",\"item\":\"https:\/\/thiagopessoa.com\/shop\/\"},{\"@type\":\"ListItem\",\"position\":3,\"name\":\"Cole\u00e7\u00f5es\",\"item\":\"https:\/\/thiagopessoa.com\/product-category\/colecoes\/\"},{\"@type\":\"ListItem\",\"position\":4,\"name\":\"Brinco Florescer Ametista\"}]},{\"@type\":\"WebSite\",\"@id\":\"https:\/\/thiagopessoa.com\/#website\",\"url\":\"https:\/\/thiagopessoa.com\/\",\"name\":\"Loja Thiago Pessoa\",\"description\":\"Ourives e Designer de Joias\",\"publisher\":{\"@id\":\"https:\/\/thiagopessoa.com\/#organization\"},\"alternateName\":\"Thiago Pessoa\",\"potentialAction\":[{\"@type\":\"SearchAction\",\"target\":{\"@type\":\"EntryPoint\",\"urlTemplate\":\"https:\/\/thiagopessoa.com\/?s={search_term_string}\"},\"query-input\":{\"@type\":\"PropertyValueSpecification\",\"valueRequired\":true,\"valueName\":\"search_term_string\"}}],\"inLanguage\":\"pt-BR\"},{\"@type\":\"Organization\",\"@id\":\"https:\/\/thiagopessoa.com\/#organization\",\"name\":\"Thiago Pessoa Ourivesaria & Design de joias e alian\u00e7as exclusivas e personalizadas.\",\"alternateName\":\"Thiago Pessoa Ourivesaria & Design de joias e alian\u00e7as exclusivas e personalizadas.\",\"url\":\"https:\/\/thiagopessoa.com\/\",\"logo\":{\"@type\":\"ImageObject\",\"inLanguage\":\"pt-BR\",\"@id\":\"https:\/\/thiagopessoa.com\/#\/schema\/logo\/image\/\",\"url\":\"http:\/\/thiagopessoa.com\/wp-content\/uploads\/2022\/12\/SUPERHORIZONTAL_PRETO.png\",\"contentUrl\":\"http:\/\/thiagopessoa.com\/wp-content\/uploads\/2022\/12\/SUPERHORIZONTAL_PRETO.png\",\"width\":2226,\"height\":622,\"caption\":\"Thiago Pessoa Ourivesaria & Design de joias e alian\u00e7as exclusivas e personalizadas.\"},\"image\":{\"@id\":\"https:\/\/thiagopessoa.com\/#\/schema\/logo\/image\/\"},\"sameAs\":[\"https:\/\/www.instagram.com\/thiagopessoajoias\/\"]}]}<\/script>\n<!-- \/ Yoast SEO plugin. -->","yoast_head_json":{"title":"Brinco Florescer Ametista - Thiago Pessoa","robots":{"index":"index","follow":"follow","max-snippet":"max-snippet:-1","max-image-preview":"max-image-preview:large","max-video-preview":"max-video-preview:-1"},"canonical":"https:\/\/thiagopessoa.com\/pt_br\/shop\/colecoes\/florescer\/ametista\/","og_locale":"pt_BR","og_type":"article","og_title":"Brinco Florescer Ametista - Thiago Pessoa","og_description":"Produzido artesanalmente em prata 925 com banho de ouro amarelo, o Brinco Florescer Dourado expressa o lado mais intenso e vibrante do feminino. Suas p\u00e9talas moldadas \u00e0 m\u00e3o ganham profundidade e movimento, enquanto a ametista central reflete coragem, expans\u00e3o e a energia de uma mulher que sabe quem \u00e9. A joia traduz a ess\u00eancia da cole\u00e7\u00e3o: Florescer \u00e9 assumir sua for\u00e7a. \u00c9 ocupar espa\u00e7o, revelar sua luz e celebrar a vers\u00e3o mais plena de si mesma. Criado em edi\u00e7\u00e3o limitada, o brinco carrega exclusividade real \u2014 uma joia colecion\u00e1vel que combina presen\u00e7a, eleg\u00e2ncia e significado em cada detalhe.","og_url":"https:\/\/thiagopessoa.com\/pt_br\/shop\/colecoes\/florescer\/ametista\/","og_site_name":"Thiago Pessoa","article_modified_time":"2025-11-24T01:07:58+00:00","og_image":[{"width":1890,"height":2362,"url":"http:\/\/thiagopessoa.com\/wp-content\/uploads\/2025\/11\/TP294.jpg","type":"image\/jpeg"}],"twitter_card":"summary_large_image","twitter_misc":{"Est. tempo de leitura":"1 minuto"},"schema":{"@context":"https:\/\/schema.org","@graph":[{"@type":"WebPage","@id":"https:\/\/thiagopessoa.com\/shop\/colecoes\/florescer\/ametista\/","url":"https:\/\/thiagopessoa.com\/shop\/colecoes\/florescer\/ametista\/","name":"Brinco Florescer Ametista - Thiago Pessoa","isPartOf":{"@id":"https:\/\/thiagopessoa.com\/#website"},"primaryImageOfPage":{"@id":"https:\/\/thiagopessoa.com\/shop\/colecoes\/florescer\/ametista\/#primaryimage"},"image":{"@id":"https:\/\/thiagopessoa.com\/shop\/colecoes\/florescer\/ametista\/#primaryimage"},"thumbnailUrl":"https:\/\/thiagopessoa.com\/wp-content\/uploads\/2025\/11\/TP294.jpg","datePublished":"2025-11-24T01:03:14+00:00","dateModified":"2025-11-24T01:07:58+00:00","breadcrumb":{"@id":"https:\/\/thiagopessoa.com\/shop\/colecoes\/florescer\/ametista\/#breadcrumb"},"inLanguage":"pt-BR","potentialAction":[{"@type":"ReadAction","target":["https:\/\/thiagopessoa.com\/shop\/colecoes\/florescer\/ametista\/"]}]},{"@type":"ImageObject","inLanguage":"pt-BR","@id":"https:\/\/thiagopessoa.com\/shop\/colecoes\/florescer\/ametista\/#primaryimage","url":"https:\/\/thiagopessoa.com\/wp-content\/uploads\/2025\/11\/TP294.jpg","contentUrl":"https:\/\/thiagopessoa.com\/wp-content\/uploads\/2025\/11\/TP294.jpg","width":1890,"height":2362},{"@type":"BreadcrumbList","@id":"https:\/\/thiagopessoa.com\/shop\/colecoes\/florescer\/ametista\/#breadcrumb","itemListElement":[{"@type":"ListItem","position":1,"name":"In\u00edcio","item":"https:\/\/thiagopessoa.com\/pt_br\/"},{"@type":"ListItem","position":2,"name":"Shop","item":"https:\/\/thiagopessoa.com\/shop\/"},{"@type":"ListItem","position":3,"name":"Cole\u00e7\u00f5es","item":"https:\/\/thiagopessoa.com\/product-category\/colecoes\/"},{"@type":"ListItem","position":4,"name":"Brinco Florescer Ametista"}]},{"@type":"WebSite","@id":"https:\/\/thiagopessoa.com\/#website","url":"https:\/\/thiagopessoa.com\/","name":"Loja Thiago Pessoa","description":"Ourives e Designer de Joias","publisher":{"@id":"https:\/\/thiagopessoa.com\/#organization"},"alternateName":"Thiago Pessoa","potentialAction":[{"@type":"SearchAction","target":{"@type":"EntryPoint","urlTemplate":"https:\/\/thiagopessoa.com\/?s={search_term_string}"},"query-input":{"@type":"PropertyValueSpecification","valueRequired":true,"valueName":"search_term_string"}}],"inLanguage":"pt-BR"},{"@type":"Organization","@id":"https:\/\/thiagopessoa.com\/#organization","name":"Thiago Pessoa Ourivesaria & Design de joias e alian\u00e7as exclusivas e personalizadas.","alternateName":"Thiago Pessoa Ourivesaria & Design de joias e alian\u00e7as exclusivas e personalizadas.","url":"https:\/\/thiagopessoa.com\/","logo":{"@type":"ImageObject","inLanguage":"pt-BR","@id":"https:\/\/thiagopessoa.com\/#\/schema\/logo\/image\/","url":"http:\/\/thiagopessoa.com\/wp-content\/uploads\/2022\/12\/SUPERHORIZONTAL_PRETO.png","contentUrl":"http:\/\/thiagopessoa.com\/wp-content\/uploads\/2022\/12\/SUPERHORIZONTAL_PRETO.png","width":2226,"height":622,"caption":"Thiago Pessoa Ourivesaria & Design de joias e alian\u00e7as exclusivas e personalizadas."},"image":{"@id":"https:\/\/thiagopessoa.com\/#\/schema\/logo\/image\/"},"sameAs":["https:\/\/www.instagram.com\/thiagopessoajoias\/"]}]}},"_links":{"self":[{"href":"https:\/\/thiagopessoa.com\/pt_br\/wp-json\/wp\/v2\/product\/11936","targetHints":{"allow":["GET"]}}],"collection":[{"href":"https:\/\/thiagopessoa.com\/pt_br\/wp-json\/wp\/v2\/product"}],"about":[{"href":"https:\/\/thiagopessoa.com\/pt_br\/wp-json\/wp\/v2\/types\/product"}],"wp:featuredmedia":[{"embeddable":true,"href":"https:\/\/thiagopessoa.com\/pt_br\/wp-json\/wp\/v2\/media\/11937"}],"wp:attachment":[{"href":"https:\/\/thiagopessoa.com\/pt_br\/wp-json\/wp\/v2\/media?parent=11936"}],"wp:term":[{"taxonomy":"product_brand","embeddable":true,"href":"https:\/\/thiagopessoa.com\/pt_br\/wp-json\/wp\/v2\/product_brand?post=11936"},{"taxonomy":"product_cat","embeddable":true,"href":"https:\/\/thiagopessoa.com\/pt_br\/wp-json\/wp\/v2\/product_cat?post=11936"},{"taxonomy":"product_tag","embeddable":true,"href":"https:\/\/thiagopessoa.com\/pt_br\/wp-json\/wp\/v2\/product_tag?post=11936"}],"curies":[{"name":"wp","href":"https:\/\/api.w.org\/{rel}","templated":true}]}}