{"id":11683,"date":"2025-06-24T04:36:51","date_gmt":"2025-06-24T04:36:51","guid":{"rendered":"https:\/\/thiagopessoa.com\/?post_type=product&#038;p=11683"},"modified":"2025-06-30T23:53:38","modified_gmt":"2025-06-30T23:53:38","slug":"alianca-agios","status":"publish","type":"product","link":"https:\/\/thiagopessoa.com\/pt_br\/shop\/casamento\/alianca-tradicional\/alianca-agios\/","title":{"rendered":"Alian\u00e7a Agios"},"content":{"rendered":"<p data-start=\"112\" data-end=\"303\">Com design reto e acabamento semi anat\u00f4mico, essa alian\u00e7a em ouro amarelo oferece conforto e estilo em uma pe\u00e7a cl\u00e1ssica e vers\u00e1til. Seu formato proporciona um encaixe suave e elegante para uso di\u00e1rio.<\/p>\n<p>&nbsp;<\/p>\n<p data-start=\"112\" data-end=\"303\">\ud83d\udd39 <strong>Material:<\/strong> Ouro amarelo<\/p>\n<p data-start=\"112\" data-end=\"303\">\ud83d\udd39 <strong>Modelo:<\/strong> Reta, semi anat\u00f4mica<\/p>\n<p data-start=\"112\" data-end=\"303\">\ud83d\udd39 <strong>Largura:<\/strong> 3mm<\/p>\n<p data-start=\"112\" data-end=\"303\">\ud83d\udd39 <strong>Peso aproximado:<\/strong> 6g o par<\/p>\n<p>&nbsp;<\/p>\n<p data-start=\"112\" data-end=\"303\"><strong>Uma alian\u00e7a cl\u00e1ssica que combina tradi\u00e7\u00e3o, conforto e simplicidade para simbolizar grandes momentos.<\/strong><\/p>\n","protected":false},"excerpt":{"rendered":"<p>A alian\u00e7a <strong data-renderer-mark=\"true\">Agios<\/strong> \u00e9 produzida em <strong data-renderer-mark=\"true\">ouro amarelo 18k<\/strong>, com <strong data-renderer-mark=\"true\">design reto<\/strong>, estrutura <strong data-renderer-mark=\"true\">semi anat\u00f4mica<\/strong> e <strong data-renderer-mark=\"true\">3 mm de largura<\/strong>. Com <strong data-renderer-mark=\"true\">peso aproximado de 6g o par<\/strong>, \u00e9 uma joia que combina leveza, eleg\u00e2ncia e simplicidade atemporal para simbolizar o seu compromisso com autenticidade.<\/p>\n","protected":false},"featured_media":11734,"template":"","meta":{"_monsterinsights_skip_tracking":false,"_monsterinsights_sitenote_active":false,"_monsterinsights_sitenote_note":"","_monsterinsights_sitenote_category":0},"product_brand":[],"product_cat":[138,130,117],"product_tag":[],"class_list":{"0":"post-11683","1":"product","2":"type-product","3":"status-publish","4":"has-post-thumbnail","6":"product_cat-alianca-tradicional","7":"product_cat-casamento","8":"product_cat-joias","10":"first","11":"instock","12":"shipping-taxable","13":"purchasable","14":"product-type-variable"},"yoast_head":"<!-- This site is optimized with the Yoast SEO plugin v26.3 - https:\/\/yoast.com\/wordpress\/plugins\/seo\/ -->\n<title>Alian\u00e7a Agios - Thiago Pessoa<\/title>\n<meta name=\"robots\" content=\"index, follow, max-snippet:-1, max-image-preview:large, max-video-preview:-1\" \/>\n<link rel=\"canonical\" href=\"https:\/\/thiagopessoa.com\/pt_br\/shop\/casamento\/alianca-tradicional\/alianca-agios\/\" \/>\n<meta property=\"og:locale\" content=\"pt_BR\" \/>\n<meta property=\"og:type\" content=\"article\" \/>\n<meta property=\"og:title\" content=\"Alian\u00e7a Agios - Thiago Pessoa\" \/>\n<meta property=\"og:description\" content=\"A alian\u00e7a Agios \u00e9 produzida em ouro amarelo 18k, com design reto, estrutura semi anat\u00f4mica e 3 mm de largura. Com peso aproximado de 6g o par, \u00e9 uma joia que combina leveza, eleg\u00e2ncia e simplicidade atemporal para simbolizar o seu compromisso com autenticidade.\" \/>\n<meta property=\"og:url\" content=\"https:\/\/thiagopessoa.com\/pt_br\/shop\/casamento\/alianca-tradicional\/alianca-agios\/\" \/>\n<meta property=\"og:site_name\" content=\"Thiago Pessoa\" \/>\n<meta property=\"article:modified_time\" content=\"2025-06-30T23:53:38+00:00\" \/>\n<meta property=\"og:image\" content=\"http:\/\/thiagopessoa.com\/wp-content\/uploads\/2025\/06\/Agios.png\" \/>\n\t<meta property=\"og:image:width\" content=\"1080\" \/>\n\t<meta property=\"og:image:height\" content=\"1350\" \/>\n\t<meta property=\"og:image:type\" content=\"image\/png\" \/>\n<meta name=\"twitter:card\" content=\"summary_large_image\" \/>\n<meta name=\"twitter:label1\" content=\"Est. tempo de leitura\" \/>\n\t<meta name=\"twitter:data1\" content=\"1 minuto\" \/>\n<script type=\"application\/ld+json\" class=\"yoast-schema-graph\">{\"@context\":\"https:\/\/schema.org\",\"@graph\":[{\"@type\":\"WebPage\",\"@id\":\"https:\/\/thiagopessoa.com\/shop\/casamento\/alianca-tradicional\/alianca-agios\/\",\"url\":\"https:\/\/thiagopessoa.com\/shop\/casamento\/alianca-tradicional\/alianca-agios\/\",\"name\":\"Alian\u00e7a Agios - Thiago Pessoa\",\"isPartOf\":{\"@id\":\"https:\/\/thiagopessoa.com\/#website\"},\"primaryImageOfPage\":{\"@id\":\"https:\/\/thiagopessoa.com\/shop\/casamento\/alianca-tradicional\/alianca-agios\/#primaryimage\"},\"image\":{\"@id\":\"https:\/\/thiagopessoa.com\/shop\/casamento\/alianca-tradicional\/alianca-agios\/#primaryimage\"},\"thumbnailUrl\":\"https:\/\/thiagopessoa.com\/wp-content\/uploads\/2025\/06\/Agios.png\",\"datePublished\":\"2025-06-24T04:36:51+00:00\",\"dateModified\":\"2025-06-30T23:53:38+00:00\",\"breadcrumb\":{\"@id\":\"https:\/\/thiagopessoa.com\/shop\/casamento\/alianca-tradicional\/alianca-agios\/#breadcrumb\"},\"inLanguage\":\"pt-BR\",\"potentialAction\":[{\"@type\":\"ReadAction\",\"target\":[\"https:\/\/thiagopessoa.com\/shop\/casamento\/alianca-tradicional\/alianca-agios\/\"]}]},{\"@type\":\"ImageObject\",\"inLanguage\":\"pt-BR\",\"@id\":\"https:\/\/thiagopessoa.com\/shop\/casamento\/alianca-tradicional\/alianca-agios\/#primaryimage\",\"url\":\"https:\/\/thiagopessoa.com\/wp-content\/uploads\/2025\/06\/Agios.png\",\"contentUrl\":\"https:\/\/thiagopessoa.com\/wp-content\/uploads\/2025\/06\/Agios.png\",\"width\":1080,\"height\":1350},{\"@type\":\"BreadcrumbList\",\"@id\":\"https:\/\/thiagopessoa.com\/shop\/casamento\/alianca-tradicional\/alianca-agios\/#breadcrumb\",\"itemListElement\":[{\"@type\":\"ListItem\",\"position\":1,\"name\":\"In\u00edcio\",\"item\":\"https:\/\/thiagopessoa.com\/pt_br\/\"},{\"@type\":\"ListItem\",\"position\":2,\"name\":\"Shop\",\"item\":\"https:\/\/thiagopessoa.com\/shop\/\"},{\"@type\":\"ListItem\",\"position\":3,\"name\":\"Casamento\",\"item\":\"https:\/\/thiagopessoa.com\/product-category\/casamento\/\"},{\"@type\":\"ListItem\",\"position\":4,\"name\":\"Alian\u00e7a Agios\"}]},{\"@type\":\"WebSite\",\"@id\":\"https:\/\/thiagopessoa.com\/#website\",\"url\":\"https:\/\/thiagopessoa.com\/\",\"name\":\"Loja Thiago Pessoa\",\"description\":\"Ourives e Designer de Joias\",\"publisher\":{\"@id\":\"https:\/\/thiagopessoa.com\/#organization\"},\"alternateName\":\"Thiago Pessoa\",\"potentialAction\":[{\"@type\":\"SearchAction\",\"target\":{\"@type\":\"EntryPoint\",\"urlTemplate\":\"https:\/\/thiagopessoa.com\/?s={search_term_string}\"},\"query-input\":{\"@type\":\"PropertyValueSpecification\",\"valueRequired\":true,\"valueName\":\"search_term_string\"}}],\"inLanguage\":\"pt-BR\"},{\"@type\":\"Organization\",\"@id\":\"https:\/\/thiagopessoa.com\/#organization\",\"name\":\"Thiago Pessoa Ourivesaria & Design de joias e alian\u00e7as exclusivas e personalizadas.\",\"alternateName\":\"Thiago Pessoa Ourivesaria & Design de joias e alian\u00e7as exclusivas e personalizadas.\",\"url\":\"https:\/\/thiagopessoa.com\/\",\"logo\":{\"@type\":\"ImageObject\",\"inLanguage\":\"pt-BR\",\"@id\":\"https:\/\/thiagopessoa.com\/#\/schema\/logo\/image\/\",\"url\":\"http:\/\/thiagopessoa.com\/wp-content\/uploads\/2022\/12\/SUPERHORIZONTAL_PRETO.png\",\"contentUrl\":\"http:\/\/thiagopessoa.com\/wp-content\/uploads\/2022\/12\/SUPERHORIZONTAL_PRETO.png\",\"width\":2226,\"height\":622,\"caption\":\"Thiago Pessoa Ourivesaria & Design de joias e alian\u00e7as exclusivas e personalizadas.\"},\"image\":{\"@id\":\"https:\/\/thiagopessoa.com\/#\/schema\/logo\/image\/\"},\"sameAs\":[\"https:\/\/www.instagram.com\/thiagopessoajoias\/\"]}]}<\/script>\n<!-- \/ Yoast SEO plugin. -->","yoast_head_json":{"title":"Alian\u00e7a Agios - Thiago Pessoa","robots":{"index":"index","follow":"follow","max-snippet":"max-snippet:-1","max-image-preview":"max-image-preview:large","max-video-preview":"max-video-preview:-1"},"canonical":"https:\/\/thiagopessoa.com\/pt_br\/shop\/casamento\/alianca-tradicional\/alianca-agios\/","og_locale":"pt_BR","og_type":"article","og_title":"Alian\u00e7a Agios - Thiago Pessoa","og_description":"A alian\u00e7a Agios \u00e9 produzida em ouro amarelo 18k, com design reto, estrutura semi anat\u00f4mica e 3 mm de largura. Com peso aproximado de 6g o par, \u00e9 uma joia que combina leveza, eleg\u00e2ncia e simplicidade atemporal para simbolizar o seu compromisso com autenticidade.","og_url":"https:\/\/thiagopessoa.com\/pt_br\/shop\/casamento\/alianca-tradicional\/alianca-agios\/","og_site_name":"Thiago Pessoa","article_modified_time":"2025-06-30T23:53:38+00:00","og_image":[{"width":1080,"height":1350,"url":"http:\/\/thiagopessoa.com\/wp-content\/uploads\/2025\/06\/Agios.png","type":"image\/png"}],"twitter_card":"summary_large_image","twitter_misc":{"Est. tempo de leitura":"1 minuto"},"schema":{"@context":"https:\/\/schema.org","@graph":[{"@type":"WebPage","@id":"https:\/\/thiagopessoa.com\/shop\/casamento\/alianca-tradicional\/alianca-agios\/","url":"https:\/\/thiagopessoa.com\/shop\/casamento\/alianca-tradicional\/alianca-agios\/","name":"Alian\u00e7a Agios - Thiago Pessoa","isPartOf":{"@id":"https:\/\/thiagopessoa.com\/#website"},"primaryImageOfPage":{"@id":"https:\/\/thiagopessoa.com\/shop\/casamento\/alianca-tradicional\/alianca-agios\/#primaryimage"},"image":{"@id":"https:\/\/thiagopessoa.com\/shop\/casamento\/alianca-tradicional\/alianca-agios\/#primaryimage"},"thumbnailUrl":"https:\/\/thiagopessoa.com\/wp-content\/uploads\/2025\/06\/Agios.png","datePublished":"2025-06-24T04:36:51+00:00","dateModified":"2025-06-30T23:53:38+00:00","breadcrumb":{"@id":"https:\/\/thiagopessoa.com\/shop\/casamento\/alianca-tradicional\/alianca-agios\/#breadcrumb"},"inLanguage":"pt-BR","potentialAction":[{"@type":"ReadAction","target":["https:\/\/thiagopessoa.com\/shop\/casamento\/alianca-tradicional\/alianca-agios\/"]}]},{"@type":"ImageObject","inLanguage":"pt-BR","@id":"https:\/\/thiagopessoa.com\/shop\/casamento\/alianca-tradicional\/alianca-agios\/#primaryimage","url":"https:\/\/thiagopessoa.com\/wp-content\/uploads\/2025\/06\/Agios.png","contentUrl":"https:\/\/thiagopessoa.com\/wp-content\/uploads\/2025\/06\/Agios.png","width":1080,"height":1350},{"@type":"BreadcrumbList","@id":"https:\/\/thiagopessoa.com\/shop\/casamento\/alianca-tradicional\/alianca-agios\/#breadcrumb","itemListElement":[{"@type":"ListItem","position":1,"name":"In\u00edcio","item":"https:\/\/thiagopessoa.com\/pt_br\/"},{"@type":"ListItem","position":2,"name":"Shop","item":"https:\/\/thiagopessoa.com\/shop\/"},{"@type":"ListItem","position":3,"name":"Casamento","item":"https:\/\/thiagopessoa.com\/product-category\/casamento\/"},{"@type":"ListItem","position":4,"name":"Alian\u00e7a Agios"}]},{"@type":"WebSite","@id":"https:\/\/thiagopessoa.com\/#website","url":"https:\/\/thiagopessoa.com\/","name":"Loja Thiago Pessoa","description":"Ourives e Designer de Joias","publisher":{"@id":"https:\/\/thiagopessoa.com\/#organization"},"alternateName":"Thiago Pessoa","potentialAction":[{"@type":"SearchAction","target":{"@type":"EntryPoint","urlTemplate":"https:\/\/thiagopessoa.com\/?s={search_term_string}"},"query-input":{"@type":"PropertyValueSpecification","valueRequired":true,"valueName":"search_term_string"}}],"inLanguage":"pt-BR"},{"@type":"Organization","@id":"https:\/\/thiagopessoa.com\/#organization","name":"Thiago Pessoa Ourivesaria & Design de joias e alian\u00e7as exclusivas e personalizadas.","alternateName":"Thiago Pessoa Ourivesaria & Design de joias e alian\u00e7as exclusivas e personalizadas.","url":"https:\/\/thiagopessoa.com\/","logo":{"@type":"ImageObject","inLanguage":"pt-BR","@id":"https:\/\/thiagopessoa.com\/#\/schema\/logo\/image\/","url":"http:\/\/thiagopessoa.com\/wp-content\/uploads\/2022\/12\/SUPERHORIZONTAL_PRETO.png","contentUrl":"http:\/\/thiagopessoa.com\/wp-content\/uploads\/2022\/12\/SUPERHORIZONTAL_PRETO.png","width":2226,"height":622,"caption":"Thiago Pessoa Ourivesaria & Design de joias e alian\u00e7as exclusivas e personalizadas."},"image":{"@id":"https:\/\/thiagopessoa.com\/#\/schema\/logo\/image\/"},"sameAs":["https:\/\/www.instagram.com\/thiagopessoajoias\/"]}]}},"_links":{"self":[{"href":"https:\/\/thiagopessoa.com\/pt_br\/wp-json\/wp\/v2\/product\/11683","targetHints":{"allow":["GET"]}}],"collection":[{"href":"https:\/\/thiagopessoa.com\/pt_br\/wp-json\/wp\/v2\/product"}],"about":[{"href":"https:\/\/thiagopessoa.com\/pt_br\/wp-json\/wp\/v2\/types\/product"}],"wp:featuredmedia":[{"embeddable":true,"href":"https:\/\/thiagopessoa.com\/pt_br\/wp-json\/wp\/v2\/media\/11734"}],"wp:attachment":[{"href":"https:\/\/thiagopessoa.com\/pt_br\/wp-json\/wp\/v2\/media?parent=11683"}],"wp:term":[{"taxonomy":"product_brand","embeddable":true,"href":"https:\/\/thiagopessoa.com\/pt_br\/wp-json\/wp\/v2\/product_brand?post=11683"},{"taxonomy":"product_cat","embeddable":true,"href":"https:\/\/thiagopessoa.com\/pt_br\/wp-json\/wp\/v2\/product_cat?post=11683"},{"taxonomy":"product_tag","embeddable":true,"href":"https:\/\/thiagopessoa.com\/pt_br\/wp-json\/wp\/v2\/product_tag?post=11683"}],"curies":[{"name":"wp","href":"https:\/\/api.w.org\/{rel}","templated":true}]}}