{"id":11675,"date":"2025-06-24T04:22:28","date_gmt":"2025-06-24T04:22:28","guid":{"rendered":"https:\/\/thiagopessoa.com\/?post_type=product&#038;p=11675"},"modified":"2025-07-01T00:02:52","modified_gmt":"2025-07-01T00:02:52","slug":"alianca-branco-2","status":"publish","type":"product","link":"https:\/\/thiagopessoa.com\/pt_br\/shop\/casamento\/alianca-tradicional\/alianca-branco-2\/","title":{"rendered":"Alian\u00e7a Branco II"},"content":{"rendered":"<p data-start=\"112\" data-end=\"303\">Com acabamento polido e design reto por dentro e por fora, essa alian\u00e7a em ouro branco oferece um visual cl\u00e1ssico e elegante. Seu formato proporciona conforto e leveza para o uso di\u00e1rio, sem perder o brilho caracter\u00edstico do ouro branco.<\/p>\n<p>&nbsp;<\/p>\n<p data-start=\"112\" data-end=\"303\">\ud83d\udd39 <strong>Material:<\/strong> Ouro branco<\/p>\n<p data-start=\"112\" data-end=\"303\">\ud83d\udd39 <strong>Acabamento:<\/strong> Polido<\/p>\n<p data-start=\"112\" data-end=\"303\">\ud83d\udd39 <strong>Modelo:<\/strong> Reta por dentro e por fora<\/p>\n<p data-start=\"112\" data-end=\"303\">\ud83d\udd39 <strong>Largura:<\/strong> 3mm<\/p>\n<p data-start=\"112\" data-end=\"303\">\ud83d\udd39 <strong>Peso aproximado:<\/strong> 6g o par<\/p>\n<p>&nbsp;<\/p>\n<p data-start=\"112\" data-end=\"303\"><strong>Uma alian\u00e7a atemporal que une simplicidade, conforto e brilho, perfeita para celebrar o amor com sofistica\u00e7\u00e3o.<\/strong><\/p>\n","protected":false},"excerpt":{"rendered":"<p>Alian\u00e7a em ouro branco 18k com acabamento polido, design reto por dentro e por fora e 3 mm de largura. Com peso aproximado de 6g o par, essa joia traduz minimalismo, sofistica\u00e7\u00e3o e equil\u00edbrio, perfeita para quem valoriza eleg\u00e2ncia em cada detalhe.<\/p>\n","protected":false},"featured_media":11742,"template":"","meta":{"_monsterinsights_skip_tracking":false,"_monsterinsights_sitenote_active":false,"_monsterinsights_sitenote_note":"","_monsterinsights_sitenote_category":0},"product_brand":[],"product_cat":[138,130,117],"product_tag":[],"class_list":{"0":"post-11675","1":"product","2":"type-product","3":"status-publish","4":"has-post-thumbnail","6":"product_cat-alianca-tradicional","7":"product_cat-casamento","8":"product_cat-joias","10":"first","11":"instock","12":"shipping-taxable","13":"purchasable","14":"product-type-variable"},"yoast_head":"<!-- This site is optimized with the Yoast SEO plugin v26.3 - https:\/\/yoast.com\/wordpress\/plugins\/seo\/ -->\n<title>Alian\u00e7a Branco II - Thiago Pessoa<\/title>\n<meta name=\"robots\" content=\"index, follow, max-snippet:-1, max-image-preview:large, max-video-preview:-1\" \/>\n<link rel=\"canonical\" href=\"https:\/\/thiagopessoa.com\/pt_br\/shop\/casamento\/alianca-tradicional\/alianca-branco-2\/\" \/>\n<meta property=\"og:locale\" content=\"pt_BR\" \/>\n<meta property=\"og:type\" content=\"article\" \/>\n<meta property=\"og:title\" content=\"Alian\u00e7a Branco II - Thiago Pessoa\" \/>\n<meta property=\"og:description\" content=\"Alian\u00e7a em ouro branco 18k com acabamento polido, design reto por dentro e por fora e 3 mm de largura. Com peso aproximado de 6g o par, essa joia traduz minimalismo, sofistica\u00e7\u00e3o e equil\u00edbrio, perfeita para quem valoriza eleg\u00e2ncia em cada detalhe.\" \/>\n<meta property=\"og:url\" content=\"https:\/\/thiagopessoa.com\/pt_br\/shop\/casamento\/alianca-tradicional\/alianca-branco-2\/\" \/>\n<meta property=\"og:site_name\" content=\"Thiago Pessoa\" \/>\n<meta property=\"article:modified_time\" content=\"2025-07-01T00:02:52+00:00\" \/>\n<meta property=\"og:image\" content=\"http:\/\/thiagopessoa.com\/wp-content\/uploads\/2025\/06\/Alianca-Zuma-2.png\" \/>\n\t<meta property=\"og:image:width\" content=\"1080\" \/>\n\t<meta property=\"og:image:height\" content=\"1350\" \/>\n\t<meta property=\"og:image:type\" content=\"image\/png\" \/>\n<meta name=\"twitter:card\" content=\"summary_large_image\" \/>\n<meta name=\"twitter:label1\" content=\"Est. tempo de leitura\" \/>\n\t<meta name=\"twitter:data1\" content=\"1 minuto\" \/>\n<script type=\"application\/ld+json\" class=\"yoast-schema-graph\">{\"@context\":\"https:\/\/schema.org\",\"@graph\":[{\"@type\":\"WebPage\",\"@id\":\"https:\/\/thiagopessoa.com\/shop\/casamento\/alianca-tradicional\/alianca-branco-2\/\",\"url\":\"https:\/\/thiagopessoa.com\/shop\/casamento\/alianca-tradicional\/alianca-branco-2\/\",\"name\":\"Alian\u00e7a Branco II - Thiago Pessoa\",\"isPartOf\":{\"@id\":\"https:\/\/thiagopessoa.com\/#website\"},\"primaryImageOfPage\":{\"@id\":\"https:\/\/thiagopessoa.com\/shop\/casamento\/alianca-tradicional\/alianca-branco-2\/#primaryimage\"},\"image\":{\"@id\":\"https:\/\/thiagopessoa.com\/shop\/casamento\/alianca-tradicional\/alianca-branco-2\/#primaryimage\"},\"thumbnailUrl\":\"https:\/\/thiagopessoa.com\/wp-content\/uploads\/2025\/06\/Alianca-Zuma-2.png\",\"datePublished\":\"2025-06-24T04:22:28+00:00\",\"dateModified\":\"2025-07-01T00:02:52+00:00\",\"breadcrumb\":{\"@id\":\"https:\/\/thiagopessoa.com\/shop\/casamento\/alianca-tradicional\/alianca-branco-2\/#breadcrumb\"},\"inLanguage\":\"pt-BR\",\"potentialAction\":[{\"@type\":\"ReadAction\",\"target\":[\"https:\/\/thiagopessoa.com\/shop\/casamento\/alianca-tradicional\/alianca-branco-2\/\"]}]},{\"@type\":\"ImageObject\",\"inLanguage\":\"pt-BR\",\"@id\":\"https:\/\/thiagopessoa.com\/shop\/casamento\/alianca-tradicional\/alianca-branco-2\/#primaryimage\",\"url\":\"https:\/\/thiagopessoa.com\/wp-content\/uploads\/2025\/06\/Alianca-Zuma-2.png\",\"contentUrl\":\"https:\/\/thiagopessoa.com\/wp-content\/uploads\/2025\/06\/Alianca-Zuma-2.png\",\"width\":1080,\"height\":1350},{\"@type\":\"BreadcrumbList\",\"@id\":\"https:\/\/thiagopessoa.com\/shop\/casamento\/alianca-tradicional\/alianca-branco-2\/#breadcrumb\",\"itemListElement\":[{\"@type\":\"ListItem\",\"position\":1,\"name\":\"In\u00edcio\",\"item\":\"https:\/\/thiagopessoa.com\/pt_br\/\"},{\"@type\":\"ListItem\",\"position\":2,\"name\":\"Shop\",\"item\":\"https:\/\/thiagopessoa.com\/shop\/\"},{\"@type\":\"ListItem\",\"position\":3,\"name\":\"Casamento\",\"item\":\"https:\/\/thiagopessoa.com\/product-category\/casamento\/\"},{\"@type\":\"ListItem\",\"position\":4,\"name\":\"Alian\u00e7a Branco II\"}]},{\"@type\":\"WebSite\",\"@id\":\"https:\/\/thiagopessoa.com\/#website\",\"url\":\"https:\/\/thiagopessoa.com\/\",\"name\":\"Loja Thiago Pessoa\",\"description\":\"Ourives e Designer de Joias\",\"publisher\":{\"@id\":\"https:\/\/thiagopessoa.com\/#organization\"},\"alternateName\":\"Thiago Pessoa\",\"potentialAction\":[{\"@type\":\"SearchAction\",\"target\":{\"@type\":\"EntryPoint\",\"urlTemplate\":\"https:\/\/thiagopessoa.com\/?s={search_term_string}\"},\"query-input\":{\"@type\":\"PropertyValueSpecification\",\"valueRequired\":true,\"valueName\":\"search_term_string\"}}],\"inLanguage\":\"pt-BR\"},{\"@type\":\"Organization\",\"@id\":\"https:\/\/thiagopessoa.com\/#organization\",\"name\":\"Thiago Pessoa Ourivesaria & Design de joias e alian\u00e7as exclusivas e personalizadas.\",\"alternateName\":\"Thiago Pessoa Ourivesaria & Design de joias e alian\u00e7as exclusivas e personalizadas.\",\"url\":\"https:\/\/thiagopessoa.com\/\",\"logo\":{\"@type\":\"ImageObject\",\"inLanguage\":\"pt-BR\",\"@id\":\"https:\/\/thiagopessoa.com\/#\/schema\/logo\/image\/\",\"url\":\"http:\/\/thiagopessoa.com\/wp-content\/uploads\/2022\/12\/SUPERHORIZONTAL_PRETO.png\",\"contentUrl\":\"http:\/\/thiagopessoa.com\/wp-content\/uploads\/2022\/12\/SUPERHORIZONTAL_PRETO.png\",\"width\":2226,\"height\":622,\"caption\":\"Thiago Pessoa Ourivesaria & Design de joias e alian\u00e7as exclusivas e personalizadas.\"},\"image\":{\"@id\":\"https:\/\/thiagopessoa.com\/#\/schema\/logo\/image\/\"},\"sameAs\":[\"https:\/\/www.instagram.com\/thiagopessoajoias\/\"]}]}<\/script>\n<!-- \/ Yoast SEO plugin. -->","yoast_head_json":{"title":"Alian\u00e7a Branco II - Thiago Pessoa","robots":{"index":"index","follow":"follow","max-snippet":"max-snippet:-1","max-image-preview":"max-image-preview:large","max-video-preview":"max-video-preview:-1"},"canonical":"https:\/\/thiagopessoa.com\/pt_br\/shop\/casamento\/alianca-tradicional\/alianca-branco-2\/","og_locale":"pt_BR","og_type":"article","og_title":"Alian\u00e7a Branco II - Thiago Pessoa","og_description":"Alian\u00e7a em ouro branco 18k com acabamento polido, design reto por dentro e por fora e 3 mm de largura. Com peso aproximado de 6g o par, essa joia traduz minimalismo, sofistica\u00e7\u00e3o e equil\u00edbrio, perfeita para quem valoriza eleg\u00e2ncia em cada detalhe.","og_url":"https:\/\/thiagopessoa.com\/pt_br\/shop\/casamento\/alianca-tradicional\/alianca-branco-2\/","og_site_name":"Thiago Pessoa","article_modified_time":"2025-07-01T00:02:52+00:00","og_image":[{"width":1080,"height":1350,"url":"http:\/\/thiagopessoa.com\/wp-content\/uploads\/2025\/06\/Alianca-Zuma-2.png","type":"image\/png"}],"twitter_card":"summary_large_image","twitter_misc":{"Est. tempo de leitura":"1 minuto"},"schema":{"@context":"https:\/\/schema.org","@graph":[{"@type":"WebPage","@id":"https:\/\/thiagopessoa.com\/shop\/casamento\/alianca-tradicional\/alianca-branco-2\/","url":"https:\/\/thiagopessoa.com\/shop\/casamento\/alianca-tradicional\/alianca-branco-2\/","name":"Alian\u00e7a Branco II - Thiago Pessoa","isPartOf":{"@id":"https:\/\/thiagopessoa.com\/#website"},"primaryImageOfPage":{"@id":"https:\/\/thiagopessoa.com\/shop\/casamento\/alianca-tradicional\/alianca-branco-2\/#primaryimage"},"image":{"@id":"https:\/\/thiagopessoa.com\/shop\/casamento\/alianca-tradicional\/alianca-branco-2\/#primaryimage"},"thumbnailUrl":"https:\/\/thiagopessoa.com\/wp-content\/uploads\/2025\/06\/Alianca-Zuma-2.png","datePublished":"2025-06-24T04:22:28+00:00","dateModified":"2025-07-01T00:02:52+00:00","breadcrumb":{"@id":"https:\/\/thiagopessoa.com\/shop\/casamento\/alianca-tradicional\/alianca-branco-2\/#breadcrumb"},"inLanguage":"pt-BR","potentialAction":[{"@type":"ReadAction","target":["https:\/\/thiagopessoa.com\/shop\/casamento\/alianca-tradicional\/alianca-branco-2\/"]}]},{"@type":"ImageObject","inLanguage":"pt-BR","@id":"https:\/\/thiagopessoa.com\/shop\/casamento\/alianca-tradicional\/alianca-branco-2\/#primaryimage","url":"https:\/\/thiagopessoa.com\/wp-content\/uploads\/2025\/06\/Alianca-Zuma-2.png","contentUrl":"https:\/\/thiagopessoa.com\/wp-content\/uploads\/2025\/06\/Alianca-Zuma-2.png","width":1080,"height":1350},{"@type":"BreadcrumbList","@id":"https:\/\/thiagopessoa.com\/shop\/casamento\/alianca-tradicional\/alianca-branco-2\/#breadcrumb","itemListElement":[{"@type":"ListItem","position":1,"name":"In\u00edcio","item":"https:\/\/thiagopessoa.com\/pt_br\/"},{"@type":"ListItem","position":2,"name":"Shop","item":"https:\/\/thiagopessoa.com\/shop\/"},{"@type":"ListItem","position":3,"name":"Casamento","item":"https:\/\/thiagopessoa.com\/product-category\/casamento\/"},{"@type":"ListItem","position":4,"name":"Alian\u00e7a Branco II"}]},{"@type":"WebSite","@id":"https:\/\/thiagopessoa.com\/#website","url":"https:\/\/thiagopessoa.com\/","name":"Loja Thiago Pessoa","description":"Ourives e Designer de Joias","publisher":{"@id":"https:\/\/thiagopessoa.com\/#organization"},"alternateName":"Thiago Pessoa","potentialAction":[{"@type":"SearchAction","target":{"@type":"EntryPoint","urlTemplate":"https:\/\/thiagopessoa.com\/?s={search_term_string}"},"query-input":{"@type":"PropertyValueSpecification","valueRequired":true,"valueName":"search_term_string"}}],"inLanguage":"pt-BR"},{"@type":"Organization","@id":"https:\/\/thiagopessoa.com\/#organization","name":"Thiago Pessoa Ourivesaria & Design de joias e alian\u00e7as exclusivas e personalizadas.","alternateName":"Thiago Pessoa Ourivesaria & Design de joias e alian\u00e7as exclusivas e personalizadas.","url":"https:\/\/thiagopessoa.com\/","logo":{"@type":"ImageObject","inLanguage":"pt-BR","@id":"https:\/\/thiagopessoa.com\/#\/schema\/logo\/image\/","url":"http:\/\/thiagopessoa.com\/wp-content\/uploads\/2022\/12\/SUPERHORIZONTAL_PRETO.png","contentUrl":"http:\/\/thiagopessoa.com\/wp-content\/uploads\/2022\/12\/SUPERHORIZONTAL_PRETO.png","width":2226,"height":622,"caption":"Thiago Pessoa Ourivesaria & Design de joias e alian\u00e7as exclusivas e personalizadas."},"image":{"@id":"https:\/\/thiagopessoa.com\/#\/schema\/logo\/image\/"},"sameAs":["https:\/\/www.instagram.com\/thiagopessoajoias\/"]}]}},"_links":{"self":[{"href":"https:\/\/thiagopessoa.com\/pt_br\/wp-json\/wp\/v2\/product\/11675","targetHints":{"allow":["GET"]}}],"collection":[{"href":"https:\/\/thiagopessoa.com\/pt_br\/wp-json\/wp\/v2\/product"}],"about":[{"href":"https:\/\/thiagopessoa.com\/pt_br\/wp-json\/wp\/v2\/types\/product"}],"wp:featuredmedia":[{"embeddable":true,"href":"https:\/\/thiagopessoa.com\/pt_br\/wp-json\/wp\/v2\/media\/11742"}],"wp:attachment":[{"href":"https:\/\/thiagopessoa.com\/pt_br\/wp-json\/wp\/v2\/media?parent=11675"}],"wp:term":[{"taxonomy":"product_brand","embeddable":true,"href":"https:\/\/thiagopessoa.com\/pt_br\/wp-json\/wp\/v2\/product_brand?post=11675"},{"taxonomy":"product_cat","embeddable":true,"href":"https:\/\/thiagopessoa.com\/pt_br\/wp-json\/wp\/v2\/product_cat?post=11675"},{"taxonomy":"product_tag","embeddable":true,"href":"https:\/\/thiagopessoa.com\/pt_br\/wp-json\/wp\/v2\/product_tag?post=11675"}],"curies":[{"name":"wp","href":"https:\/\/api.w.org\/{rel}","templated":true}]}}